{"id":719,"date":"2024-03-10T18:32:14","date_gmt":"2024-03-10T17:32:14","guid":{"rendered":"https:\/\/www.ser-viz.com\/?post_type=product&#038;p=719"},"modified":"2024-04-16T18:02:21","modified_gmt":"2024-04-16T16:02:21","slug":"bags","status":"publish","type":"product","link":"https:\/\/www.ser-viz.com\/fr\/product\/bags\/","title":{"rendered":"ACHETEURS MANUELS"},"content":{"rendered":"","protected":false},"excerpt":{"rendered":"<p>Papier <strong>MANUELS<\/strong><\/p>\n<p>Les acheteurs manuels sont id\u00e9aux pour les emballages et les produits de valeur. R\u00e9alisables en papier uni ou couch\u00e9, recycl\u00e9 ou en carton de qualit\u00e9, les shoppers manuels sont finis \u00e0 la main par des op\u00e9rateurs qui plient le papier sur des plis pr\u00e9-gaufr\u00e9s ; percer des trous pour ins\u00e9rer des poign\u00e9es ou des bretelles\u00a0; ils ins\u00e8rent des fonds de renfort pour augmenter la capacit\u00e9 de charge et cr\u00e9ent des bords tourn\u00e9s sur l'ouverture pour un meilleur r\u00e9sultat esth\u00e9tique.<\/p>\n<p>Pour la personnalisation et l'ennoblissement des sacs manuels<br \/>\nvous avez le choix entre du plastique mat ou brillant, une impression \u00e0 chaud ou \u00e0 sec et des poign\u00e9es en coton, gros grain ou ruban lisse ou chevrons.<\/p>","protected":false},"featured_media":720,"template":"","meta":[],"product_cat":[81],"product_tag":[],"class_list":{"0":"post-719","1":"product","2":"type-product","3":"status-publish","4":"has-post-thumbnail","6":"product_cat-shopper","8":"first","9":"instock","10":"shipping-taxable","11":"product-type-simple","swatches":"rey-swatches","show_selected":"","stretch_labels":"rey-swatches--stretch-labels"},"acf":[],"_links":{"self":[{"href":"https:\/\/www.ser-viz.com\/fr\/wp-json\/wp\/v2\/product\/719","targetHints":{"allow":["GET"]}}],"collection":[{"href":"https:\/\/www.ser-viz.com\/fr\/wp-json\/wp\/v2\/product"}],"about":[{"href":"https:\/\/www.ser-viz.com\/fr\/wp-json\/wp\/v2\/types\/product"}],"wp:featuredmedia":[{"embeddable":true,"href":"https:\/\/www.ser-viz.com\/fr\/wp-json\/wp\/v2\/media\/720"}],"wp:attachment":[{"href":"https:\/\/www.ser-viz.com\/fr\/wp-json\/wp\/v2\/media?parent=719"}],"wp:term":[{"taxonomy":"product_cat","embeddable":true,"href":"https:\/\/www.ser-viz.com\/fr\/wp-json\/wp\/v2\/product_cat?post=719"},{"taxonomy":"product_tag","embeddable":true,"href":"https:\/\/www.ser-viz.com\/fr\/wp-json\/wp\/v2\/product_tag?post=719"}],"curies":[{"name":"wp","href":"https:\/\/api.w.org\/{rel}","templated":true}]}}