{"id":1202,"date":"2024-04-17T11:35:45","date_gmt":"2024-04-17T09:35:45","guid":{"rendered":"https:\/\/www.ser-viz.com\/?post_type=product&#038;p=1202"},"modified":"2024-04-17T11:36:45","modified_gmt":"2024-04-17T09:36:45","slug":"copriabito-singolo-sagomato","status":"publish","type":"product","link":"https:\/\/www.ser-viz.com\/fr\/product\/copriabito-singolo-sagomato\/","title":{"rendered":"HOUSSE EN TISSU DE FORME UNIQUE AVEC PROTECTION"},"content":{"rendered":"","protected":false},"excerpt":{"rendered":"<p>Ser-Viz Bags propose une s\u00e9lection de housses et de sacs en plastique con\u00e7us pour une protection et une commodit\u00e9 maximales. Ces produits sont id\u00e9aux pour conserver vos v\u00eatements et accessoires en parfait \u00e9tat pendant le transport et le stockage. Fabriqu\u00e9s \u00e0 partir de mat\u00e9riaux de haute qualit\u00e9, nos housses et sacs en plastique sont robustes et durables, assurant une barri\u00e8re efficace contre la poussi\u00e8re, l&#039;humidit\u00e9 et la salet\u00e9.<\/p>","protected":false},"featured_media":1203,"template":"","meta":[],"product_cat":[78],"product_tag":[],"class_list":{"0":"post-1202","1":"product","2":"type-product","3":"status-publish","4":"has-post-thumbnail","6":"product_cat-sacchetti-abiti","8":"first","9":"instock","10":"shipping-taxable","11":"product-type-simple","swatches":"rey-swatches","show_selected":"","stretch_labels":"rey-swatches--stretch-labels"},"acf":[],"_links":{"self":[{"href":"https:\/\/www.ser-viz.com\/fr\/wp-json\/wp\/v2\/product\/1202","targetHints":{"allow":["GET"]}}],"collection":[{"href":"https:\/\/www.ser-viz.com\/fr\/wp-json\/wp\/v2\/product"}],"about":[{"href":"https:\/\/www.ser-viz.com\/fr\/wp-json\/wp\/v2\/types\/product"}],"wp:featuredmedia":[{"embeddable":true,"href":"https:\/\/www.ser-viz.com\/fr\/wp-json\/wp\/v2\/media\/1203"}],"wp:attachment":[{"href":"https:\/\/www.ser-viz.com\/fr\/wp-json\/wp\/v2\/media?parent=1202"}],"wp:term":[{"taxonomy":"product_cat","embeddable":true,"href":"https:\/\/www.ser-viz.com\/fr\/wp-json\/wp\/v2\/product_cat?post=1202"},{"taxonomy":"product_tag","embeddable":true,"href":"https:\/\/www.ser-viz.com\/fr\/wp-json\/wp\/v2\/product_tag?post=1202"}],"curies":[{"name":"wp","href":"https:\/\/api.w.org\/{rel}","templated":true}]}}