{"id":1196,"date":"2024-04-16T18:51:25","date_gmt":"2024-04-16T16:51:25","guid":{"rendered":"https:\/\/www.ser-viz.com\/?post_type=product&#038;p=1196"},"modified":"2024-05-02T16:16:27","modified_gmt":"2024-05-02T14:16:27","slug":"coprigruccia-in-cotone","status":"publish","type":"product","link":"https:\/\/www.ser-viz.com\/fr\/product\/coprigruccia-in-cotone\/","title":{"rendered":"HOUSSE DE CINTRE EN COTON"},"content":{"rendered":"","protected":false},"excerpt":{"rendered":"<p><strong>HOUSSE DE CINTRE EN COTON<\/strong><\/p>\n<p>Choisissez parmi diff\u00e9rentes qualit\u00e9s de coton et personnalisez la taille pour qu&#039;elle s&#039;adapte parfaitement \u00e0 vos besoins, avec des options standard ou sur mesure disponibles. Avec les sacs Ser-Viz, chaque d\u00e9tail est soign\u00e9 pour rehausser et prot\u00e9ger vos v\u00eatements avec \u00e9l\u00e9gance.<\/p>","protected":false},"featured_media":1197,"template":"","meta":[],"product_cat":[80],"product_tag":[],"class_list":{"0":"post-1196","1":"product","2":"type-product","3":"status-publish","4":"has-post-thumbnail","6":"product_cat-copri-abiti","8":"first","9":"instock","10":"shipping-taxable","11":"product-type-simple","swatches":"rey-swatches","show_selected":"","stretch_labels":"rey-swatches--stretch-labels"},"acf":[],"_links":{"self":[{"href":"https:\/\/www.ser-viz.com\/fr\/wp-json\/wp\/v2\/product\/1196","targetHints":{"allow":["GET"]}}],"collection":[{"href":"https:\/\/www.ser-viz.com\/fr\/wp-json\/wp\/v2\/product"}],"about":[{"href":"https:\/\/www.ser-viz.com\/fr\/wp-json\/wp\/v2\/types\/product"}],"wp:featuredmedia":[{"embeddable":true,"href":"https:\/\/www.ser-viz.com\/fr\/wp-json\/wp\/v2\/media\/1197"}],"wp:attachment":[{"href":"https:\/\/www.ser-viz.com\/fr\/wp-json\/wp\/v2\/media?parent=1196"}],"wp:term":[{"taxonomy":"product_cat","embeddable":true,"href":"https:\/\/www.ser-viz.com\/fr\/wp-json\/wp\/v2\/product_cat?post=1196"},{"taxonomy":"product_tag","embeddable":true,"href":"https:\/\/www.ser-viz.com\/fr\/wp-json\/wp\/v2\/product_tag?post=1196"}],"curies":[{"name":"wp","href":"https:\/\/api.w.org\/{rel}","templated":true}]}}