{"id":1194,"date":"2024-04-16T18:50:59","date_gmt":"2024-04-16T16:50:59","guid":{"rendered":"https:\/\/www.ser-viz.com\/?post_type=product&#038;p=1194"},"modified":"2024-04-16T18:50:59","modified_gmt":"2024-04-16T16:50:59","slug":"sacca-coulisse","status":"publish","type":"product","link":"https:\/\/www.ser-viz.com\/fr\/product\/sacca-coulisse\/","title":{"rendered":"SAC DE CORDON"},"content":{"rendered":"","protected":false},"excerpt":{"rendered":"<p><strong>SACS AVEC CORDON<\/strong><\/p>\n<p>Les sacs \u00e0 cordon en coton Ser-Viz Bags sont le choix parfait pour prot\u00e9ger et organiser vos accessoires avec style et fonctionnalit\u00e9. Fabriqu\u00e9s en coton naturel, ces sacs offrent une protection douce, r\u00e9sistante et respirante, id\u00e9ale pour ranger bijoux, lunettes, maroquinerie et autres petits objets pr\u00e9cieux. Ils sont parfaits pour un usage quotidien ou comme solution \u00e9l\u00e9gante pour garder vos accessoires organis\u00e9s pendant les voyages ou les rotations saisonni\u00e8res. Personnalisez votre sac en choisissant parmi diff\u00e9rentes qualit\u00e9s et tailles de coton, avec la possibilit\u00e9 de tailles standards ou sur demande. Avec les Sacs Ser-Viz, chaque accessoire trouve sa place de mani\u00e8re s\u00fbre et raffin\u00e9e.<\/p>","protected":false},"featured_media":1195,"template":"","meta":[],"product_cat":[80],"product_tag":[],"class_list":{"0":"post-1194","1":"product","2":"type-product","3":"status-publish","4":"has-post-thumbnail","6":"product_cat-copri-abiti","8":"first","9":"instock","10":"shipping-taxable","11":"product-type-simple","swatches":"rey-swatches","show_selected":"","stretch_labels":"rey-swatches--stretch-labels"},"acf":[],"_links":{"self":[{"href":"https:\/\/www.ser-viz.com\/fr\/wp-json\/wp\/v2\/product\/1194","targetHints":{"allow":["GET"]}}],"collection":[{"href":"https:\/\/www.ser-viz.com\/fr\/wp-json\/wp\/v2\/product"}],"about":[{"href":"https:\/\/www.ser-viz.com\/fr\/wp-json\/wp\/v2\/types\/product"}],"wp:featuredmedia":[{"embeddable":true,"href":"https:\/\/www.ser-viz.com\/fr\/wp-json\/wp\/v2\/media\/1195"}],"wp:attachment":[{"href":"https:\/\/www.ser-viz.com\/fr\/wp-json\/wp\/v2\/media?parent=1194"}],"wp:term":[{"taxonomy":"product_cat","embeddable":true,"href":"https:\/\/www.ser-viz.com\/fr\/wp-json\/wp\/v2\/product_cat?post=1194"},{"taxonomy":"product_tag","embeddable":true,"href":"https:\/\/www.ser-viz.com\/fr\/wp-json\/wp\/v2\/product_tag?post=1194"}],"curies":[{"name":"wp","href":"https:\/\/api.w.org\/{rel}","templated":true}]}}