{"id":1192,"date":"2024-04-16T18:47:17","date_gmt":"2024-04-16T16:47:17","guid":{"rendered":"https:\/\/www.ser-viz.com\/?post_type=product&#038;p=1192"},"modified":"2024-04-16T18:47:17","modified_gmt":"2024-04-16T16:47:17","slug":"copriabiti-in-cotone","status":"publish","type":"product","link":"https:\/\/www.ser-viz.com\/fr\/product\/copriabiti-in-cotone\/","title":{"rendered":"HOUSSE DE V\u00caTEMENTS EN COTON"},"content":{"rendered":"","protected":false},"excerpt":{"rendered":"<p><strong>HOUSSE DE V\u00caTEMENTS EN COTON<\/strong><\/p>\n<p>Les cas <strong>housses de v\u00eatements en coton<\/strong> ils constituent la meilleure protection pour les v\u00eatements car ils sont fabriqu\u00e9s dans un mat\u00e9riau naturel, r\u00e9sistant, doux et respirant. Les housses de v\u00eatements en coton Ser-Viz Bags sont id\u00e9ales pour <strong>prot\u00e9ger les v\u00eatements sur mesure et de valeur<\/strong> pendant le transport, mais aussi pour les conserver dans l&#039;armoire pour une rotation saisonni\u00e8re. Avec Ser-Viz Bags, vous pouvez cr\u00e9er vos propres housses de v\u00eatements personnalis\u00e9es en choisissant parmi les diff\u00e9rentes gammes de coton et de tailles standards disponibles ou opter pour des tailles sur demande.<\/p>","protected":false},"featured_media":1193,"template":"","meta":[],"product_cat":[80],"product_tag":[],"class_list":{"0":"post-1192","1":"product","2":"type-product","3":"status-publish","4":"has-post-thumbnail","6":"product_cat-copri-abiti","8":"first","9":"instock","10":"shipping-taxable","11":"product-type-simple","swatches":"rey-swatches","show_selected":"","stretch_labels":"rey-swatches--stretch-labels"},"acf":[],"_links":{"self":[{"href":"https:\/\/www.ser-viz.com\/fr\/wp-json\/wp\/v2\/product\/1192","targetHints":{"allow":["GET"]}}],"collection":[{"href":"https:\/\/www.ser-viz.com\/fr\/wp-json\/wp\/v2\/product"}],"about":[{"href":"https:\/\/www.ser-viz.com\/fr\/wp-json\/wp\/v2\/types\/product"}],"wp:featuredmedia":[{"embeddable":true,"href":"https:\/\/www.ser-viz.com\/fr\/wp-json\/wp\/v2\/media\/1193"}],"wp:attachment":[{"href":"https:\/\/www.ser-viz.com\/fr\/wp-json\/wp\/v2\/media?parent=1192"}],"wp:term":[{"taxonomy":"product_cat","embeddable":true,"href":"https:\/\/www.ser-viz.com\/fr\/wp-json\/wp\/v2\/product_cat?post=1192"},{"taxonomy":"product_tag","embeddable":true,"href":"https:\/\/www.ser-viz.com\/fr\/wp-json\/wp\/v2\/product_tag?post=1192"}],"curies":[{"name":"wp","href":"https:\/\/api.w.org\/{rel}","templated":true}]}}