{"id":1190,"date":"2024-04-16T18:44:11","date_gmt":"2024-04-16T16:44:11","guid":{"rendered":"https:\/\/www.ser-viz.com\/?post_type=product&#038;p=1190"},"modified":"2024-04-16T18:45:46","modified_gmt":"2024-04-16T16:45:46","slug":"copriabiti-in-tnt","status":"publish","type":"product","link":"https:\/\/www.ser-viz.com\/fr\/product\/copriabiti-in-tnt\/","title":{"rendered":"HOUSSE DE V\u00caTEMENTS TNT"},"content":{"rendered":"","protected":false},"excerpt":{"rendered":"<p><strong>HOUSSE DE V\u00caTEMENTS TNT<\/strong><\/p>\n<p>Les housses de v\u00eatements en non-tiss\u00e9 sont un accessoire essentiel pour ceux qui fabriquent et vendent des v\u00eatements sur mesure. Utilis\u00e9es pour prot\u00e9ger les robes de mari\u00e9e, les robes de soir\u00e9e, les fourrures et les v\u00eatements pr\u00e9cieux, les housses \u00e0 v\u00eatements en non-tiss\u00e9 Ser-Viz Bags sont pratiques, r\u00e9sistantes et aux finitions \u00e9l\u00e9gantes car elles sont \u00e9quip\u00e9es d&#039;une fermeture \u00e9clair centrale, d&#039;un curseur en m\u00e9tal et d&#039;une double poign\u00e9e pour faciliter \u00e0 la fois l&#039;ouverture et transport. La fente sup\u00e9rieure permet au cintre de sortir et compl\u00e8te le design.<strong> Les housses pour v\u00eatements non tiss\u00e9es Ser-Viz Bags peuvent \u00eatre fabriqu\u00e9es dans les deux tailles standard et sur demande<\/strong><\/p>","protected":false},"featured_media":1191,"template":"","meta":[],"product_cat":[80],"product_tag":[],"class_list":{"0":"post-1190","1":"product","2":"type-product","3":"status-publish","4":"has-post-thumbnail","6":"product_cat-copri-abiti","8":"first","9":"instock","10":"shipping-taxable","11":"product-type-simple","swatches":"rey-swatches","show_selected":"","stretch_labels":"rey-swatches--stretch-labels"},"acf":[],"_links":{"self":[{"href":"https:\/\/www.ser-viz.com\/fr\/wp-json\/wp\/v2\/product\/1190","targetHints":{"allow":["GET"]}}],"collection":[{"href":"https:\/\/www.ser-viz.com\/fr\/wp-json\/wp\/v2\/product"}],"about":[{"href":"https:\/\/www.ser-viz.com\/fr\/wp-json\/wp\/v2\/types\/product"}],"wp:featuredmedia":[{"embeddable":true,"href":"https:\/\/www.ser-viz.com\/fr\/wp-json\/wp\/v2\/media\/1191"}],"wp:attachment":[{"href":"https:\/\/www.ser-viz.com\/fr\/wp-json\/wp\/v2\/media?parent=1190"}],"wp:term":[{"taxonomy":"product_cat","embeddable":true,"href":"https:\/\/www.ser-viz.com\/fr\/wp-json\/wp\/v2\/product_cat?post=1190"},{"taxonomy":"product_tag","embeddable":true,"href":"https:\/\/www.ser-viz.com\/fr\/wp-json\/wp\/v2\/product_tag?post=1190"}],"curies":[{"name":"wp","href":"https:\/\/api.w.org\/{rel}","templated":true}]}}