{"id":1186,"date":"2024-04-16T18:33:13","date_gmt":"2024-04-16T16:33:13","guid":{"rendered":"https:\/\/www.ser-viz.com\/?post_type=product&#038;p=1186"},"modified":"2024-04-16T18:33:13","modified_gmt":"2024-04-16T16:33:13","slug":"shopper-automatiche-2","status":"publish","type":"product","link":"https:\/\/www.ser-viz.com\/fr\/product\/shopper-automatiche-2\/","title":{"rendered":"ACHETEUR TNT"},"content":{"rendered":"","protected":false},"excerpt":{"rendered":"<p><strong>TNT<\/strong><\/p>\n<p>Les acheteurs dans <strong>TNT<\/strong>, gr\u00e2ce au tissu non tiss\u00e9 sp\u00e9cial, sont des outils <strong>objets promotionnels polyvalents, \u00e9cologiques et lavables<\/strong>. Personnalisables en taille, couleur, finition et dot\u00e9s du logo et des donn\u00e9es de l&#039;entreprise, les sacs de courses en non-tiss\u00e9 sont largement utilis\u00e9s comme gadgets d&#039;entreprise, sacs promotionnels pour foires et \u00e9v\u00e9nements et sont bien adapt\u00e9s \u00e0 diff\u00e9rents types d&#039;emballages pour magasins et entreprises (du transport de achats en g\u00e9n\u00e9ral \u00e0 celui des courses alimentaires ou \u00e0 emporter).<\/p>\n<p><strong>R\u00e9sistant, pratique et l\u00e9ger,<\/strong> Les shoppers TNT sont largement appr\u00e9ci\u00e9s pour leur vari\u00e9t\u00e9 d&#039;usages et la grande surface personnalisable qui donne une grande visibilit\u00e9 \u00e0 la marque.<\/p>","protected":false},"featured_media":1187,"template":"","meta":[],"product_cat":[81],"product_tag":[],"class_list":{"0":"post-1186","1":"product","2":"type-product","3":"status-publish","4":"has-post-thumbnail","6":"product_cat-shopper","8":"first","9":"instock","10":"shipping-taxable","11":"product-type-simple","swatches":"rey-swatches","show_selected":"","stretch_labels":"rey-swatches--stretch-labels"},"acf":[],"_links":{"self":[{"href":"https:\/\/www.ser-viz.com\/fr\/wp-json\/wp\/v2\/product\/1186","targetHints":{"allow":["GET"]}}],"collection":[{"href":"https:\/\/www.ser-viz.com\/fr\/wp-json\/wp\/v2\/product"}],"about":[{"href":"https:\/\/www.ser-viz.com\/fr\/wp-json\/wp\/v2\/types\/product"}],"wp:featuredmedia":[{"embeddable":true,"href":"https:\/\/www.ser-viz.com\/fr\/wp-json\/wp\/v2\/media\/1187"}],"wp:attachment":[{"href":"https:\/\/www.ser-viz.com\/fr\/wp-json\/wp\/v2\/media?parent=1186"}],"wp:term":[{"taxonomy":"product_cat","embeddable":true,"href":"https:\/\/www.ser-viz.com\/fr\/wp-json\/wp\/v2\/product_cat?post=1186"},{"taxonomy":"product_tag","embeddable":true,"href":"https:\/\/www.ser-viz.com\/fr\/wp-json\/wp\/v2\/product_tag?post=1186"}],"curies":[{"name":"wp","href":"https:\/\/api.w.org\/{rel}","templated":true}]}}