{"id":1184,"date":"2024-04-16T18:17:58","date_gmt":"2024-04-16T16:17:58","guid":{"rendered":"https:\/\/www.ser-viz.com\/?post_type=product&#038;p=1184"},"modified":"2024-04-16T18:19:34","modified_gmt":"2024-04-16T16:19:34","slug":"shopper-automatiche","status":"publish","type":"product","link":"https:\/\/www.ser-viz.com\/fr\/product\/shopper-automatiche\/","title":{"rendered":"ACHETEURS AUTOMATIQUES"},"content":{"rendered":"","protected":false},"excerpt":{"rendered":"<p>Papier <strong>AUTOMATIQUE<\/strong><\/p>\n<p>Les sacs de courses automatiques en papier sont des supports publicitaires \u00e9conomiques qui, savamment finis et anoblis, peuvent devenir des outils raffin\u00e9s pour promouvoir votre marque. R\u00e9alis\u00e9s enti\u00e8rement \u00e0 la machine (de l&#039;impression des feuilles au pliage et collage des anses), les sacs cabas automatiques Ser-Viz Bags offrent des combinaisons infinies de graphismes, couleurs, papiers, dimensions, mod\u00e8les et anses (en coton ou papier torsad\u00e9). ). <\/p>\n<p>De l&#039;harmonisation de ces \u00e9l\u00e9ments, r\u00e9alis\u00e9e par des experts, na\u00eet votre shopper personnalis\u00e9, qui peut partir du plus simple ou atteindre le plus \u00e9l\u00e9gant.<\/p>","protected":false},"featured_media":1185,"template":"","meta":[],"product_cat":[81],"product_tag":[],"class_list":{"0":"post-1184","1":"product","2":"type-product","3":"status-publish","4":"has-post-thumbnail","6":"product_cat-shopper","8":"first","9":"instock","10":"shipping-taxable","11":"product-type-simple","swatches":"rey-swatches","show_selected":"","stretch_labels":"rey-swatches--stretch-labels"},"acf":[],"_links":{"self":[{"href":"https:\/\/www.ser-viz.com\/fr\/wp-json\/wp\/v2\/product\/1184","targetHints":{"allow":["GET"]}}],"collection":[{"href":"https:\/\/www.ser-viz.com\/fr\/wp-json\/wp\/v2\/product"}],"about":[{"href":"https:\/\/www.ser-viz.com\/fr\/wp-json\/wp\/v2\/types\/product"}],"wp:featuredmedia":[{"embeddable":true,"href":"https:\/\/www.ser-viz.com\/fr\/wp-json\/wp\/v2\/media\/1185"}],"wp:attachment":[{"href":"https:\/\/www.ser-viz.com\/fr\/wp-json\/wp\/v2\/media?parent=1184"}],"wp:term":[{"taxonomy":"product_cat","embeddable":true,"href":"https:\/\/www.ser-viz.com\/fr\/wp-json\/wp\/v2\/product_cat?post=1184"},{"taxonomy":"product_tag","embeddable":true,"href":"https:\/\/www.ser-viz.com\/fr\/wp-json\/wp\/v2\/product_tag?post=1184"}],"curies":[{"name":"wp","href":"https:\/\/api.w.org\/{rel}","templated":true}]}}