{"id":185,"date":"2024-02-15T17:54:26","date_gmt":"2024-02-15T16:54:26","guid":{"rendered":"https:\/\/www.ser-viz.com\/about-us\/"},"modified":"2024-06-10T09:43:39","modified_gmt":"2024-06-10T07:43:39","slug":"about-us","status":"publish","type":"page","link":"https:\/\/www.ser-viz.com\/fr\/about-us\/","title":{"rendered":"\u00c0 propos de nous"},"content":{"rendered":"<div data-elementor-type=\"wp-page\" data-elementor-id=\"185\" class=\"elementor elementor-185\">\n\t\t\t\t\t\t<section class=\"elementor-section elementor-top-section elementor-element elementor-element-5604f2f rey-section-stretched elementor-section-full_width elementor-section-content-bottom rey-section-bg--classic elementor-section-height-default elementor-section-height-default\" data-id=\"5604f2f\" data-element_type=\"section\" data-settings=\"{&quot;background_background&quot;:&quot;classic&quot;}\">\n\t\t\t\t\t\t<div class=\"elementor-container elementor-column-gap-default\">\n\t\t\t\t\t<div class=\"elementor-column elementor-col-100 elementor-top-column elementor-element elementor-element-2d58d34 rey-colbg--classic\" data-id=\"2d58d34\" data-element_type=\"column\" data-settings=\"{&quot;background_background&quot;:&quot;classic&quot;}\">\n\t\t\t<div class=\"elementor-column-wrap--2d58d34 elementor-widget-wrap elementor-element-populated\">\n\t\t\t\t\t<div class=\"elementor-background-overlay\"><\/div>\n\t\t\t\t\t\t<div class=\"elementor-element elementor-element-679263a elementor-widget__width-auto elementor-widget elementor-widget-heading\" data-id=\"679263a\" data-element_type=\"widget\" data-widget_type=\"heading.default\">\n\t\t\t\t<div class=\"elementor-widget-container\">\n\t\t\t<style>\/*! elementor - v3.19.0 - 28-02-2024 *\/\n.elementor-heading-title{padding:0;margin:0;line-height:1}.elementor-widget-heading .elementor-heading-title[class*=elementor-size-]>a{color:inherit;font-size:inherit;line-height:inherit}.elementor-widget-heading .elementor-heading-title.elementor-size-small{font-size:15px}.elementor-widget-heading .elementor-heading-title.elementor-size-medium{font-size:19px}.elementor-widget-heading .elementor-heading-title.elementor-size-large{font-size:29px}.elementor-widget-heading .elementor-heading-title.elementor-size-xl{font-size:39px}.elementor-widget-heading .elementor-heading-title.elementor-size-xxl{font-size:59px}<\/style><h1 class=\"elementor-heading-title elementor-size-default\"><b>C&#039;EST NOTRE HISTOIRE<\/b><br>SER-VIZ, Le cintre Made in Italy<\/h1>\t\t<\/div>\n\t\t\t\t<\/div>\n\t\t\t\t\t<\/div>\n\t\t<\/div>\n\t\t\t\t\t<\/div>\n\t\t<\/section>\n\t\t\t\t<section class=\"elementor-section elementor-top-section elementor-element elementor-element-f3e2603 rey-flexWrap elementor-section-boxed elementor-section-height-default elementor-section-height-default\" data-id=\"f3e2603\" data-element_type=\"section\">\n\t\t\t\t\t\t<div class=\"elementor-container elementor-column-gap-default\">\n\t\t\t\t\t<div class=\"elementor-column elementor-col-100 elementor-top-column elementor-element elementor-element-8bc4665\" data-id=\"8bc4665\" data-element_type=\"column\">\n\t\t\t<div class=\"elementor-column-wrap--8bc4665 elementor-widget-wrap elementor-element-populated\">\n\t\t\t\t\t\t<div class=\"elementor-element elementor-element-33566d6 elementor-widget elementor-widget-heading\" data-id=\"33566d6\" data-element_type=\"widget\" data-widget_type=\"heading.default\">\n\t\t\t\t<div class=\"elementor-widget-container\">\n\t\t\t<h5 class=\"elementor-heading-title elementor-size-default\">SER-VIZ LE CINTRE MADE IN ITALY<\/h5>\t\t<\/div>\n\t\t\t\t<\/div>\n\t\t\t\t<div class=\"elementor-element elementor-element-97b22d7 elementor-widget elementor-widget-heading\" data-id=\"97b22d7\" data-element_type=\"widget\" data-widget_type=\"heading.default\">\n\t\t\t\t<div class=\"elementor-widget-container\">\n\t\t\t<h3 class=\"elementor-heading-title elementor-size-default\">&quot;Une passion pour l&#039;excellence et un engagement continu envers l&#039;innovation ont motiv\u00e9 l&#039;expansion de l&#039;entreprise, la conduisant \u00e0 d\u00e9m\u00e9nager dans des locaux plus grands, con\u00e7us pour r\u00e9pondre aux besoins croissants de production et d&#039;entreposage.&quot;<\/h3>\t\t<\/div>\n\t\t\t\t<\/div>\n\t\t\t\t<div class=\"elementor-element elementor-element-7aeb068 elementor-widget elementor-widget-text-editor\" data-id=\"7aeb068\" data-element_type=\"widget\" data-widget_type=\"text-editor.default\">\n\t\t\t\t<div class=\"elementor-widget-container\">\n\t\t\t<style>\/*! elementor - v3.19.0 - 28-02-2024 *\/\n.elementor-widget-text-editor.elementor-drop-cap-view-stacked .elementor-drop-cap{background-color:#69727d;color:#fff}.elementor-widget-text-editor.elementor-drop-cap-view-framed .elementor-drop-cap{color:#69727d;border:3px solid;background-color:transparent}.elementor-widget-text-editor:not(.elementor-drop-cap-view-default) .elementor-drop-cap{margin-top:8px}.elementor-widget-text-editor:not(.elementor-drop-cap-view-default) .elementor-drop-cap-letter{width:1em;height:1em}.elementor-widget-text-editor .elementor-drop-cap{float:left;text-align:center;line-height:1;font-size:50px}.elementor-widget-text-editor .elementor-drop-cap-letter{display:inline-block}<\/style>\t\t\t\t<div class=\"flex flex-grow flex-col max-w-full\"><div class=\"min-h-[20px] text-message flex flex-col items-start gap-3 whitespace-pre-wrap break-words [.text-message+&amp;]:mt-5 overflow-x-auto\" data-message-author-role=\"assistant\" data-message-id=\"f83a9645-9418-4ee4-aa03-c7ddde51b2af\"><div class=\"markdown prose w-full break-words dark:prose-invert light\"><p>Fond\u00e9e en 1972 par Tiziano Vizzardi, Ser-Viz appara\u00eet comme <strong>entreprise sp\u00e9cialis\u00e9e dans la production de cintres et accessoires<\/strong>. N\u00e9e comme une entreprise familiale et dont le si\u00e8ge initial est \u00e0 Grumello del Monte, elle s&#039;est rapidement distingu\u00e9e par l&#039;\u00e9l\u00e9gance et la qualit\u00e9 de ses produits, piliers du succ\u00e8s de l&#039;entreprise. <strong>Fabriqu\u00e9 en Italie<\/strong> internationalement.<\/p><p>La direction a ensuite \u00e9t\u00e9 transmise aux enfants de Tiziano, qui ont continu\u00e9 dans le sens de la croissance et <strong>internationalisation<\/strong> entrepris par le fondateur. Depuis les ann\u00e9es 2000, Ser-Viz a ouvert des succursales \u00e0 <strong>Espagne<\/strong> Et <strong>Maroc<\/strong> , r\u00e9pondant \u00e0 la forte demande pour ses cintres de haute qualit\u00e9, symbole de la marque.<\/p><p>Ser-Viz b\u00e9n\u00e9ficie d&#039;une pr\u00e9sence internationale, soutenue par<strong>haute qualit\u00e9<\/strong>, <strong>sp\u00e9cialisation<\/strong>, <strong>singularit\u00e9 et \u00e9l\u00e9gance de ses cintres<\/strong>, qui suscitent l&#039;int\u00e9r\u00eat des noms les plus c\u00e9l\u00e8bres et prestigieux du monde <strong>secteur de la mode<\/strong>, en Italie et \u00e0 l&#039;\u00e9tranger.<\/p><p>Ses usines sont \u00e9quip\u00e9es de leurs propres entrep\u00f4ts <strong>enti\u00e8rement \u00e0 la disposition des clients pour le stockage des produits<\/strong>, en s&#039;adaptant aux besoins sp\u00e9cifiques de chaque individu. Cette organisation permet \u00e0 Ser-Viz de satisfaire dans les meilleurs d\u00e9lais, m\u00eame aux demandes les plus urgentes, gr\u00e2ce \u00e0 un <strong>syst\u00e8me logistique interne efficace<\/strong>.<\/p><p>L&#039;attention envers<b>\u00e9cologie<\/b> a pouss\u00e9 l&#039;entreprise vers la production de cintres fabriqu\u00e9s avec <b>mat\u00e9riaux \u00e9co-durables<\/b> ou \u00e0 faible impact environnemental, offrant une <b>produit innovant<\/b> et appr\u00e9ci\u00e9 pour son caract\u00e8re unique.<\/p><p>De plus, Ser-Viz a adopt\u00e9 l&#039;imp\u00e9ratif de durabilit\u00e9 dans ses finitions classiques, comme le <b>velout\u00e9 <\/b>et le <b>peinture <\/b>de cintres, en choisissant d&#039;utiliser <b>mat\u00e9riaux non toxiques et \u00e0 faible impact environnemental<\/b>, en ligne avec sa philosophie d&#039;entreprise.<\/p><\/div><\/div><\/div>\t\t\t\t\t\t<\/div>\n\t\t\t\t<\/div>\n\t\t\t\t\t<\/div>\n\t\t<\/div>\n\t\t\t\t\t<\/div>\n\t\t<\/section>\n\t\t\t\t<section class=\"elementor-section elementor-top-section elementor-element elementor-element-f1f9eda elementor-section-content-middle elementor-section-boxed elementor-section-height-default elementor-section-height-default\" data-id=\"f1f9eda\" data-element_type=\"section\">\n\t\t\t\t\t\t<div class=\"elementor-container elementor-column-gap-default\">\n\t\t\t\t\t<div class=\"elementor-column elementor-col-50 elementor-top-column elementor-element elementor-element-d68fe7d\" data-id=\"d68fe7d\" data-element_type=\"column\">\n\t\t\t<div class=\"elementor-column-wrap--d68fe7d elementor-widget-wrap elementor-element-populated\">\n\t\t\t\t\t\t<div class=\"elementor-element elementor-element-dd6fead elementor-widget__width-initial elementor-widget elementor-widget-image\" data-id=\"dd6fead\" data-element_type=\"widget\" data-widget_type=\"image.default\">\n\t\t\t\t<div class=\"elementor-widget-container\">\n\t\t\t<style>\/*! elementor - v3.19.0 - 28-02-2024 *\/\n.elementor-widget-image{text-align:center}.elementor-widget-image a{display:inline-block}.elementor-widget-image a img[src$=\".svg\"]{width:48px}.elementor-widget-image img{vertical-align:middle;display:inline-block}<\/style>\t\t\t\t\t\t\t\t\t\t<img fetchpriority=\"high\" decoding=\"async\" width=\"1024\" height=\"772\" src=\"https:\/\/www.ser-viz.com\/wp-content\/uploads\/2024\/05\/serviz-quality.jpg\" class=\"attachment-large size-large wp-image-1580\" alt=\"\" srcset=\"https:\/\/www.ser-viz.com\/wp-content\/uploads\/2024\/05\/serviz-quality.jpg 1024w, https:\/\/www.ser-viz.com\/wp-content\/uploads\/2024\/05\/serviz-quality-300x226.jpg 300w, https:\/\/www.ser-viz.com\/wp-content\/uploads\/2024\/05\/serviz-quality-768x579.jpg 768w, https:\/\/www.ser-viz.com\/wp-content\/uploads\/2024\/05\/serviz-quality-16x12.jpg 16w, https:\/\/www.ser-viz.com\/wp-content\/uploads\/2024\/05\/serviz-quality-1000x754.jpg 1000w\" sizes=\"(max-width: 1024px) 100vw, 1024px\" \/>\t\t\t\t\t\t\t\t\t\t\t\t\t<\/div>\n\t\t\t\t<\/div>\n\t\t\t\t\t<\/div>\n\t\t<\/div>\n\t\t\t\t<div class=\"elementor-column elementor-col-50 elementor-top-column elementor-element elementor-element-0a6aee5\" data-id=\"0a6aee5\" data-element_type=\"column\">\n\t\t\t<div class=\"elementor-column-wrap--0a6aee5 elementor-widget-wrap elementor-element-populated\">\n\t\t\t\t\t\t<div class=\"elementor-element elementor-element-68ae0d6 elementor-widget elementor-widget-heading\" data-id=\"68ae0d6\" data-element_type=\"widget\" data-widget_type=\"heading.default\">\n\t\t\t\t<div class=\"elementor-widget-container\">\n\t\t\t<h2 class=\"elementor-heading-title elementor-size-default\">Excellence la valeur de la qualit\u00e9<\/h2>\t\t<\/div>\n\t\t\t\t<\/div>\n\t\t\t\t<div class=\"elementor-element elementor-element-a50596c elementor-widget elementor-widget-text-editor\" data-id=\"a50596c\" data-element_type=\"widget\" data-widget_type=\"text-editor.default\">\n\t\t\t\t<div class=\"elementor-widget-container\">\n\t\t\t\t\t\t\t<p><span style=\"background-color: var(--body-bg-color); color: var(--body-color); font-family: var(--body-font-family),sans-serif; font-size: 1.125rem; font-weight: var(--body-font-weight,400);\">Ser-Viz poss\u00e8de un <\/span><span style=\"background-color: var(--body-bg-color); color: var(--body-color); font-family: var(--body-font-family),sans-serif; font-size: 1.125rem;\"><b>pr\u00e9sence internationale<\/b><\/span><span style=\"background-color: var(--body-bg-color); color: var(--body-color); font-family: var(--body-font-family),sans-serif; font-size: 1.125rem; font-weight: var(--body-font-weight,400);\">, soutenu par la haute qualit\u00e9, la sp\u00e9cialisation, le caract\u00e8re unique et l&#039;\u00e9l\u00e9gance de son personnel <\/span><span style=\"background-color: var(--body-bg-color); color: var(--body-color); font-family: var(--body-font-family),sans-serif; font-size: 1.125rem;\"><b>cintres<\/b><\/span><span style=\"background-color: var(--body-bg-color); color: var(--body-color); font-family: var(--body-font-family),sans-serif; font-size: 1.125rem; font-weight: var(--body-font-weight,400);\">, Que <\/span><span style=\"background-color: var(--body-bg-color); color: var(--body-color); font-family: var(--body-font-family),sans-serif; font-size: 1.125rem;\"><b>susciter l&#039;int\u00e9r\u00eat des noms les plus c\u00e9l\u00e8bres et prestigieux de l&#039;industrie de la mode<\/b><\/span><span style=\"background-color: var(--body-bg-color); color: var(--body-color); font-family: var(--body-font-family),sans-serif; font-size: 1.125rem; font-weight: var(--body-font-weight,400);\">, en Italie et \u00e0 l&#039;\u00e9tranger.<\/span><\/p>\t\t\t\t\t\t<\/div>\n\t\t\t\t<\/div>\n\t\t\t\t\t<\/div>\n\t\t<\/div>\n\t\t\t\t\t<\/div>\n\t\t<\/section>\n\t\t\t\t<section class=\"elementor-section elementor-top-section elementor-element elementor-element-4b3d12a elementor-section-content-middle elementor-section-boxed elementor-section-height-default elementor-section-height-default\" data-id=\"4b3d12a\" data-element_type=\"section\">\n\t\t\t\t\t\t<div class=\"elementor-container elementor-column-gap-default\">\n\t\t\t\t\t<div class=\"elementor-column elementor-col-50 elementor-top-column elementor-element elementor-element-b6a74b0\" data-id=\"b6a74b0\" data-element_type=\"column\">\n\t\t\t<div class=\"elementor-column-wrap--b6a74b0 elementor-widget-wrap elementor-element-populated\">\n\t\t\t\t\t\t<div class=\"elementor-element elementor-element-e4f9ac6 elementor-widget elementor-widget-heading\" data-id=\"e4f9ac6\" data-element_type=\"widget\" data-widget_type=\"heading.default\">\n\t\t\t\t<div class=\"elementor-widget-container\">\n\t\t\t<h2 class=\"elementor-heading-title elementor-size-default\">Production et stockage complets<\/h2>\t\t<\/div>\n\t\t\t\t<\/div>\n\t\t\t\t<div class=\"elementor-element elementor-element-b5a51be elementor-widget elementor-widget-text-editor\" data-id=\"b5a51be\" data-element_type=\"widget\" data-widget_type=\"text-editor.default\">\n\t\t\t\t<div class=\"elementor-widget-container\">\n\t\t\t\t\t\t\t<p><b>Les usines Ser-Viz prennent en charge toutes les phases de production<\/b>: du moulage \u00e0 la peinture, jusqu&#039;au conditionnement et au stockage. Les entrep\u00f4ts, d\u00e9di\u00e9s aux clients, nous permettent de nous adapter aux besoins sp\u00e9cifiques et de r\u00e9pondre rapidement aux demandes les plus urgentes gr\u00e2ce \u00e0 un syst\u00e8me logistique interne efficace.<\/p>\t\t\t\t\t\t<\/div>\n\t\t\t\t<\/div>\n\t\t\t\t\t<\/div>\n\t\t<\/div>\n\t\t\t\t<div class=\"elementor-column elementor-col-50 elementor-top-column elementor-element elementor-element-74a960d\" data-id=\"74a960d\" data-element_type=\"column\">\n\t\t\t<div class=\"elementor-column-wrap--74a960d elementor-widget-wrap elementor-element-populated\">\n\t\t\t\t\t\t<div class=\"elementor-element elementor-element-de97ea1 elementor-widget__width-initial elementor-widget elementor-widget-image\" data-id=\"de97ea1\" data-element_type=\"widget\" data-widget_type=\"image.default\">\n\t\t\t\t<div class=\"elementor-widget-container\">\n\t\t\t\t\t\t\t\t\t\t\t\t\t<img decoding=\"async\" width=\"1024\" height=\"772\" src=\"https:\/\/www.ser-viz.com\/wp-content\/uploads\/2024\/06\/serviz-building.jpg\" class=\"attachment-large size-large wp-image-1702\" alt=\"\" srcset=\"https:\/\/www.ser-viz.com\/wp-content\/uploads\/2024\/06\/serviz-building.jpg 1024w, https:\/\/www.ser-viz.com\/wp-content\/uploads\/2024\/06\/serviz-building-300x226.jpg 300w, https:\/\/www.ser-viz.com\/wp-content\/uploads\/2024\/06\/serviz-building-768x579.jpg 768w, https:\/\/www.ser-viz.com\/wp-content\/uploads\/2024\/06\/serviz-building-16x12.jpg 16w, https:\/\/www.ser-viz.com\/wp-content\/uploads\/2024\/06\/serviz-building-1000x754.jpg 1000w\" sizes=\"(max-width: 1024px) 100vw, 1024px\" \/>\t\t\t\t\t\t\t\t\t\t\t\t\t<\/div>\n\t\t\t\t<\/div>\n\t\t\t\t\t<\/div>\n\t\t<\/div>\n\t\t\t\t\t<\/div>\n\t\t<\/section>\n\t\t\t\t<\/div>","protected":false},"excerpt":{"rendered":"<p>VOICI NOTRE STORIASER-VIZ, Le cintre Made in Italy SER-VIZ LE CINTRE MADE IN ITALY \u00ab La passion pour l&#039;excellence et un engagement constant pour l&#039;innovation ont motiv\u00e9 l&#039;expansion de l&#039;entreprise, l&#039;amenant \u00e0 d\u00e9m\u00e9nager dans un site plus grand, con\u00e7u pour r\u00e9pondre aux besoins croissants de production et de stockage. Fond\u00e9e en 1972 par Tiziano Vizzardi, Ser-Viz se pr\u00e9sente comme une entreprise [\u2026]<\/p>","protected":false},"author":1,"featured_media":0,"parent":0,"menu_order":0,"comment_status":"closed","ping_status":"closed","template":"template-builder.php","meta":{"footnotes":""},"class_list":["post-185","page","type-page","status-publish","hentry"],"acf":[],"_links":{"self":[{"href":"https:\/\/www.ser-viz.com\/fr\/wp-json\/wp\/v2\/pages\/185","targetHints":{"allow":["GET"]}}],"collection":[{"href":"https:\/\/www.ser-viz.com\/fr\/wp-json\/wp\/v2\/pages"}],"about":[{"href":"https:\/\/www.ser-viz.com\/fr\/wp-json\/wp\/v2\/types\/page"}],"author":[{"embeddable":true,"href":"https:\/\/www.ser-viz.com\/fr\/wp-json\/wp\/v2\/users\/1"}],"replies":[{"embeddable":true,"href":"https:\/\/www.ser-viz.com\/fr\/wp-json\/wp\/v2\/comments?post=185"}],"version-history":[{"count":57,"href":"https:\/\/www.ser-viz.com\/fr\/wp-json\/wp\/v2\/pages\/185\/revisions"}],"predecessor-version":[{"id":1711,"href":"https:\/\/www.ser-viz.com\/fr\/wp-json\/wp\/v2\/pages\/185\/revisions\/1711"}],"wp:attachment":[{"href":"https:\/\/www.ser-viz.com\/fr\/wp-json\/wp\/v2\/media?parent=185"}],"curies":[{"name":"wp","href":"https:\/\/api.w.org\/{rel}","templated":true}]}}