{"id":182,"date":"2024-02-15T17:54:26","date_gmt":"2024-02-15T16:54:26","guid":{"rendered":"https:\/\/www.ser-viz.com\/privacy-policy-2\/"},"modified":"2024-04-25T09:10:04","modified_gmt":"2024-04-25T07:10:04","slug":"privacy-policy-2","status":"publish","type":"page","link":"https:\/\/www.ser-viz.com\/fr\/privacy-policy-2\/","title":{"rendered":"politique de confidentialit\u00e9"},"content":{"rendered":"<div data-elementor-type=\"wp-page\" data-elementor-id=\"182\" class=\"elementor elementor-182\">\n\t\t\t\t<div class=\"e-con-top elementor-element elementor-element-313f8f8 e-flex e-con-boxed e-con e-parent\" data-id=\"313f8f8\" data-element_type=\"container\" data-settings=\"{&quot;content_width&quot;:&quot;boxed&quot;}\" data-core-v316-plus=\"true\">\n\t\t\t\t\t<div class=\"e-con-inner\">\n\t\t\t\t<div class=\"elementor-element elementor-element-ce9850c elementor-widget elementor-widget-text-editor\" data-id=\"ce9850c\" data-element_type=\"widget\" data-widget_type=\"text-editor.default\">\n\t\t\t\t<div class=\"elementor-widget-container\">\n\t\t\t<style>\/*! elementor - v3.19.0 - 28-02-2024 *\/\n.elementor-widget-text-editor.elementor-drop-cap-view-stacked .elementor-drop-cap{background-color:#69727d;color:#fff}.elementor-widget-text-editor.elementor-drop-cap-view-framed .elementor-drop-cap{color:#69727d;border:3px solid;background-color:transparent}.elementor-widget-text-editor:not(.elementor-drop-cap-view-default) .elementor-drop-cap{margin-top:8px}.elementor-widget-text-editor:not(.elementor-drop-cap-view-default) .elementor-drop-cap-letter{width:1em;height:1em}.elementor-widget-text-editor .elementor-drop-cap{float:left;text-align:center;line-height:1;font-size:50px}.elementor-widget-text-editor .elementor-drop-cap-letter{display:inline-block}<\/style>\t\t\t\t<h4 style=\"font-family: &quot;Open Sans&quot;, &quot;Helvetica Neue&quot;, Helvetica, Arial, sans-serif;\">politique de confidentialit\u00e9<\/h4><p><strong>Adresse:<\/strong> Via Aldo Kupfer, 41, 25036 Palazzolo S\/O Brescia, Italie<br><strong>T\u00e9l\u00e9phone:<\/strong> +39 030 740 2902<br><strong>Num\u00e9ro de TVA:<\/strong> 02007420165<br><strong>Site web:<\/strong> <a href=\"https:\/\/www.ser-viz.com\/fr\/\" target=\"_new\">https:\/\/www.ser-viz.com\/<\/a><\/p>\n<h4>1. Introduction<\/h4>\n<p>Ser-Viz Italia respecte la vie priv\u00e9e de ses utilisateurs et s&#039;engage \u00e0 prot\u00e9ger les donn\u00e9es personnelles collect\u00e9es via son site Web conform\u00e9ment au R\u00e8glement g\u00e9n\u00e9ral sur la protection des donn\u00e9es (RGPD) de l&#039;Union europ\u00e9enne. Cette politique de confidentialit\u00e9 explique quelles donn\u00e9es nous collectons, comment nous les utilisons et quels droits vous avez concernant vos donn\u00e9es personnelles.<\/p>\n<h4>2. Donn\u00e9es personnelles collect\u00e9es<\/h4>\n<p>Nous collectons les donn\u00e9es personnelles suivantes via le formulaire de contact de notre site Internet :<\/p>\n<ul>\n<li>Pr\u00e9nom<\/li>\n<li>Nom<\/li>\n<li>Adresse e-mail<\/li>\n<li>Num\u00e9ro de t\u00e9l\u00e9phone<\/li>\n<\/ul>\n<p>Nous utilisons \u00e9galement Google Analytics 4 (GA4) pour analyser le trafic du site et am\u00e9liorer l&#039;exp\u00e9rience utilisateur. Google Analytics collecte des donn\u00e9es de mani\u00e8re anonyme, qui peuvent inclure votre adresse IP, le type d&#039;appareil, les navigateurs utilis\u00e9s et les pages visit\u00e9es.<\/p>\n<h4>3. Finalit\u00e9 du traitement<\/h4>\n<p>Les donn\u00e9es personnelles collect\u00e9es sont utilis\u00e9es pour :<\/p>\n<ul>\n<li>R\u00e9pondre aux demandes envoy\u00e9es via le formulaire de contact<\/li>\n<li>Am\u00e9liorer la navigation et les fonctionnalit\u00e9s du site<\/li>\n<li>Analyse statistique via GA4 pour optimiser notre service<\/li>\n<\/ul>\n<h4>4. Base juridique du traitement<\/h4>\n<p>Le traitement de vos donn\u00e9es personnelles est bas\u00e9 sur le consentement que vous fournissez en remplissant le formulaire de contact et en acceptant la pr\u00e9sente politique de confidentialit\u00e9. Vous pouvez retirer votre consentement \u00e0 tout moment en nous contactant aux coordonn\u00e9es fournies ci-dessus.<\/p>\n<h4>5. Conservation des donn\u00e9es<\/h4>\n<p>Nous conservons les donn\u00e9es personnelles uniquement le temps n\u00e9cessaire \u00e0 la r\u00e9alisation des finalit\u00e9s pour lesquelles elles ont \u00e9t\u00e9 collect\u00e9es. Les donn\u00e9es analytiques de Google Analytics sont conserv\u00e9es pendant une dur\u00e9e d\u00e9finie par les param\u00e8tres du service, dans le respect de la r\u00e9glementation RGPD.<\/p>\n<h4>6. Droits des parties int\u00e9ress\u00e9es<\/h4>\n<p>Vous disposez d&#039;un droit d&#039;acc\u00e8s, de rectification, de suppression de vos donn\u00e9es personnelles, de vous opposer \u00e0 leur traitement et de demander la limitation ou la portabilit\u00e9 des donn\u00e9es. Pour exercer ces droits, veuillez nous contacter aux coordonn\u00e9es fournies.<\/p>\n<h4>7. S\u00e9curit\u00e9 des donn\u00e9es<\/h4>\n<p>Nous prenons les mesures techniques et organisationnelles appropri\u00e9es pour prot\u00e9ger les donn\u00e9es personnelles contre la perte, l&#039;utilisation abusive, la divulgation non autoris\u00e9e, l&#039;alt\u00e9ration ou la destruction.<\/p>\n<h4>8. Contacts<\/h4>\n<p>Si vous avez des questions ou des pr\u00e9occupations concernant notre politique de confidentialit\u00e9 ou le traitement de vos donn\u00e9es, vous pouvez nous contacter \u00e0 l&#039;adresse ou au num\u00e9ro de t\u00e9l\u00e9phone fourni.<\/p>\t\t\t\t\t\t<\/div>\n\t\t\t\t<\/div>\n\t\t\t\t\t<\/div>\n\t\t\t\t<\/div>\n\t\t\t\t<\/div>","protected":false},"excerpt":{"rendered":"<p>Politique de confidentialit\u00e9 Adresse : Via Aldo Kupfer, 41, 25036 Palazzolo S\/O Brescia, Italie T\u00e9l\u00e9phone : +39 030 740 2902 Num\u00e9ro de TVA : 02007420165 Site Web : https:\/\/www.ser-viz.com\/ 1. Introduction Ser-Viz Italia respecte la vie priv\u00e9e de ses utilisateurs et s&#039;engage \u00e0 prot\u00e9ger les donn\u00e9es personnelles collect\u00e9es via son site Internet conform\u00e9ment au R\u00e8glement g\u00e9n\u00e9ral sur la protection des donn\u00e9es (RGPD) de l&#039;Union europ\u00e9enne. [\u2026]<\/p>","protected":false},"author":1,"featured_media":0,"parent":0,"menu_order":0,"comment_status":"closed","ping_status":"closed","template":"template-compact.php","meta":{"footnotes":""},"class_list":["post-182","page","type-page","status-publish","hentry"],"acf":[],"_links":{"self":[{"href":"https:\/\/www.ser-viz.com\/fr\/wp-json\/wp\/v2\/pages\/182","targetHints":{"allow":["GET"]}}],"collection":[{"href":"https:\/\/www.ser-viz.com\/fr\/wp-json\/wp\/v2\/pages"}],"about":[{"href":"https:\/\/www.ser-viz.com\/fr\/wp-json\/wp\/v2\/types\/page"}],"author":[{"embeddable":true,"href":"https:\/\/www.ser-viz.com\/fr\/wp-json\/wp\/v2\/users\/1"}],"replies":[{"embeddable":true,"href":"https:\/\/www.ser-viz.com\/fr\/wp-json\/wp\/v2\/comments?post=182"}],"version-history":[{"count":9,"href":"https:\/\/www.ser-viz.com\/fr\/wp-json\/wp\/v2\/pages\/182\/revisions"}],"predecessor-version":[{"id":1567,"href":"https:\/\/www.ser-viz.com\/fr\/wp-json\/wp\/v2\/pages\/182\/revisions\/1567"}],"wp:attachment":[{"href":"https:\/\/www.ser-viz.com\/fr\/wp-json\/wp\/v2\/media?parent=182"}],"curies":[{"name":"wp","href":"https:\/\/api.w.org\/{rel}","templated":true}]}}