{"id":719,"date":"2024-03-10T18:32:14","date_gmt":"2024-03-10T17:32:14","guid":{"rendered":"https:\/\/www.ser-viz.com\/?post_type=product&#038;p=719"},"modified":"2024-04-16T18:02:21","modified_gmt":"2024-04-16T16:02:21","slug":"bags","status":"publish","type":"product","link":"https:\/\/www.ser-viz.com\/es\/product\/bags\/","title":{"rendered":"COMPRADORES MANUALES"},"content":{"rendered":"","protected":false},"excerpt":{"rendered":"<p>Papel <strong>MANUALES<\/strong><\/p>\n<p>Los compradores manuales son ideales para envases y productos valiosos. Disponibles en papel normal o estucado, reciclado o en cart\u00f3n de alta calidad, los compradores manuales son acabados a mano por operadores que doblan el papel sobre pliegues pregrabados; taladre agujeros para insertar asas o correas para los hombros; insertan fondos de refuerzo para aumentar la capacidad de carga y crean bordes torneados en la abertura para un mejor resultado est\u00e9tico.<\/p>\n<p>Para la personalizaci\u00f3n y ennoblecimiento de bolsas manuales.<br \/>\nPuedes elegir entre pl\u00e1stico mate o brillante, impresi\u00f3n en caliente o en seco y asas de algod\u00f3n, grosgrain o cinta lisa o espiga.<\/p>","protected":false},"featured_media":720,"template":"","meta":[],"product_cat":[81],"product_tag":[],"class_list":{"0":"post-719","1":"product","2":"type-product","3":"status-publish","4":"has-post-thumbnail","6":"product_cat-shopper","8":"first","9":"instock","10":"shipping-taxable","11":"product-type-simple","swatches":"rey-swatches","show_selected":"","stretch_labels":"rey-swatches--stretch-labels"},"acf":[],"_links":{"self":[{"href":"https:\/\/www.ser-viz.com\/es\/wp-json\/wp\/v2\/product\/719","targetHints":{"allow":["GET"]}}],"collection":[{"href":"https:\/\/www.ser-viz.com\/es\/wp-json\/wp\/v2\/product"}],"about":[{"href":"https:\/\/www.ser-viz.com\/es\/wp-json\/wp\/v2\/types\/product"}],"wp:featuredmedia":[{"embeddable":true,"href":"https:\/\/www.ser-viz.com\/es\/wp-json\/wp\/v2\/media\/720"}],"wp:attachment":[{"href":"https:\/\/www.ser-viz.com\/es\/wp-json\/wp\/v2\/media?parent=719"}],"wp:term":[{"taxonomy":"product_cat","embeddable":true,"href":"https:\/\/www.ser-viz.com\/es\/wp-json\/wp\/v2\/product_cat?post=719"},{"taxonomy":"product_tag","embeddable":true,"href":"https:\/\/www.ser-viz.com\/es\/wp-json\/wp\/v2\/product_tag?post=719"}],"curies":[{"name":"wp","href":"https:\/\/api.w.org\/{rel}","templated":true}]}}