{"id":1208,"date":"2024-04-17T11:38:50","date_gmt":"2024-04-17T09:38:50","guid":{"rendered":"https:\/\/www.ser-viz.com\/?post_type=product&#038;p=1208"},"modified":"2024-04-17T11:40:02","modified_gmt":"2024-04-17T09:40:02","slug":"busta-minigrip","status":"publish","type":"product","link":"https:\/\/www.ser-viz.com\/es\/product\/busta-minigrip\/","title":{"rendered":"SOBRE MINIGRIP"},"content":{"rendered":"","protected":false},"excerpt":{"rendered":"<p>Ser-Viz Bags ofrece una selecci\u00f3n de fundas y bolsas de pl\u00e1stico dise\u00f1adas para m\u00e1xima protecci\u00f3n y comodidad. Estos productos son ideales para mantener tu ropa y complementos en perfecto estado durante el transporte y almacenamiento. Fabricadas con materiales de alta calidad, nuestras fundas y bolsas de pl\u00e1stico son resistentes y duraderas, lo que garantiza una barrera eficaz contra el polvo, la humedad y la suciedad.<\/p>","protected":false},"featured_media":1210,"template":"","meta":[],"product_cat":[78],"product_tag":[],"class_list":{"0":"post-1208","1":"product","2":"type-product","3":"status-publish","4":"has-post-thumbnail","6":"product_cat-sacchetti-abiti","8":"first","9":"instock","10":"shipping-taxable","11":"product-type-simple","swatches":"rey-swatches","show_selected":"","stretch_labels":"rey-swatches--stretch-labels"},"acf":[],"_links":{"self":[{"href":"https:\/\/www.ser-viz.com\/es\/wp-json\/wp\/v2\/product\/1208","targetHints":{"allow":["GET"]}}],"collection":[{"href":"https:\/\/www.ser-viz.com\/es\/wp-json\/wp\/v2\/product"}],"about":[{"href":"https:\/\/www.ser-viz.com\/es\/wp-json\/wp\/v2\/types\/product"}],"wp:featuredmedia":[{"embeddable":true,"href":"https:\/\/www.ser-viz.com\/es\/wp-json\/wp\/v2\/media\/1210"}],"wp:attachment":[{"href":"https:\/\/www.ser-viz.com\/es\/wp-json\/wp\/v2\/media?parent=1208"}],"wp:term":[{"taxonomy":"product_cat","embeddable":true,"href":"https:\/\/www.ser-viz.com\/es\/wp-json\/wp\/v2\/product_cat?post=1208"},{"taxonomy":"product_tag","embeddable":true,"href":"https:\/\/www.ser-viz.com\/es\/wp-json\/wp\/v2\/product_tag?post=1208"}],"curies":[{"name":"wp","href":"https:\/\/api.w.org\/{rel}","templated":true}]}}