{"id":1200,"date":"2024-04-17T11:34:46","date_gmt":"2024-04-17T09:34:46","guid":{"rendered":"https:\/\/www.ser-viz.com\/?post_type=product&#038;p=1200"},"modified":"2024-04-17T11:35:14","modified_gmt":"2024-04-17T09:35:14","slug":"copriabito-singolo","status":"publish","type":"product","link":"https:\/\/www.ser-viz.com\/es\/product\/copriabito-singolo\/","title":{"rendered":"CUBIERTA \u00daNICA"},"content":{"rendered":"","protected":false},"excerpt":{"rendered":"<p>Ser-Viz Bags ofrece una selecci\u00f3n de fundas y bolsas de pl\u00e1stico dise\u00f1adas para m\u00e1xima protecci\u00f3n y comodidad. Estos productos son ideales para mantener tu ropa y complementos en perfecto estado durante el transporte y almacenamiento. Fabricadas con materiales de alta calidad, nuestras fundas y bolsas de pl\u00e1stico son resistentes y duraderas, lo que garantiza una barrera eficaz contra el polvo, la humedad y la suciedad.<\/p>","protected":false},"featured_media":1201,"template":"","meta":[],"product_cat":[78],"product_tag":[],"class_list":{"0":"post-1200","1":"product","2":"type-product","3":"status-publish","4":"has-post-thumbnail","6":"product_cat-sacchetti-abiti","8":"first","9":"instock","10":"shipping-taxable","11":"product-type-simple","swatches":"rey-swatches","show_selected":"","stretch_labels":"rey-swatches--stretch-labels"},"acf":[],"_links":{"self":[{"href":"https:\/\/www.ser-viz.com\/es\/wp-json\/wp\/v2\/product\/1200","targetHints":{"allow":["GET"]}}],"collection":[{"href":"https:\/\/www.ser-viz.com\/es\/wp-json\/wp\/v2\/product"}],"about":[{"href":"https:\/\/www.ser-viz.com\/es\/wp-json\/wp\/v2\/types\/product"}],"wp:featuredmedia":[{"embeddable":true,"href":"https:\/\/www.ser-viz.com\/es\/wp-json\/wp\/v2\/media\/1201"}],"wp:attachment":[{"href":"https:\/\/www.ser-viz.com\/es\/wp-json\/wp\/v2\/media?parent=1200"}],"wp:term":[{"taxonomy":"product_cat","embeddable":true,"href":"https:\/\/www.ser-viz.com\/es\/wp-json\/wp\/v2\/product_cat?post=1200"},{"taxonomy":"product_tag","embeddable":true,"href":"https:\/\/www.ser-viz.com\/es\/wp-json\/wp\/v2\/product_tag?post=1200"}],"curies":[{"name":"wp","href":"https:\/\/api.w.org\/{rel}","templated":true}]}}