{"id":1194,"date":"2024-04-16T18:50:59","date_gmt":"2024-04-16T16:50:59","guid":{"rendered":"https:\/\/www.ser-viz.com\/?post_type=product&#038;p=1194"},"modified":"2024-04-16T18:50:59","modified_gmt":"2024-04-16T16:50:59","slug":"sacca-coulisse","status":"publish","type":"product","link":"https:\/\/www.ser-viz.com\/es\/product\/sacca-coulisse\/","title":{"rendered":"BOLSA CON CORD\u00d3N"},"content":{"rendered":"","protected":false},"excerpt":{"rendered":"<p><strong>BOLSAS CON CORD\u00d3N<\/strong><\/p>\n<p>Las bolsas con cord\u00f3n de algod\u00f3n de Ser-Viz Bags son la elecci\u00f3n perfecta para proteger y organizar sus accesorios con estilo y funcionalidad. Fabricadas en algod\u00f3n natural, estas bolsas ofrecen una protecci\u00f3n suave, resistente y transpirable, ideales para guardar joyas, gafas, marroquiner\u00eda y otros peque\u00f1os objetos preciosos. Son perfectos para el uso diario o como una soluci\u00f3n elegante para mantener sus accesorios organizados durante los viajes o la rotaci\u00f3n estacional. Personaliza tu bolso eligiendo entre varias calidades y tama\u00f1os de algod\u00f3n, pudiendo elegir tama\u00f1os est\u00e1ndar o bajo pedido. Con Ser-Viz Bags, cada accesorio encuentra su espacio de forma segura y refinada.<\/p>","protected":false},"featured_media":1195,"template":"","meta":[],"product_cat":[80],"product_tag":[],"class_list":{"0":"post-1194","1":"product","2":"type-product","3":"status-publish","4":"has-post-thumbnail","6":"product_cat-copri-abiti","8":"first","9":"instock","10":"shipping-taxable","11":"product-type-simple","swatches":"rey-swatches","show_selected":"","stretch_labels":"rey-swatches--stretch-labels"},"acf":[],"_links":{"self":[{"href":"https:\/\/www.ser-viz.com\/es\/wp-json\/wp\/v2\/product\/1194","targetHints":{"allow":["GET"]}}],"collection":[{"href":"https:\/\/www.ser-viz.com\/es\/wp-json\/wp\/v2\/product"}],"about":[{"href":"https:\/\/www.ser-viz.com\/es\/wp-json\/wp\/v2\/types\/product"}],"wp:featuredmedia":[{"embeddable":true,"href":"https:\/\/www.ser-viz.com\/es\/wp-json\/wp\/v2\/media\/1195"}],"wp:attachment":[{"href":"https:\/\/www.ser-viz.com\/es\/wp-json\/wp\/v2\/media?parent=1194"}],"wp:term":[{"taxonomy":"product_cat","embeddable":true,"href":"https:\/\/www.ser-viz.com\/es\/wp-json\/wp\/v2\/product_cat?post=1194"},{"taxonomy":"product_tag","embeddable":true,"href":"https:\/\/www.ser-viz.com\/es\/wp-json\/wp\/v2\/product_tag?post=1194"}],"curies":[{"name":"wp","href":"https:\/\/api.w.org\/{rel}","templated":true}]}}