{"id":1192,"date":"2024-04-16T18:47:17","date_gmt":"2024-04-16T16:47:17","guid":{"rendered":"https:\/\/www.ser-viz.com\/?post_type=product&#038;p=1192"},"modified":"2024-04-16T18:47:17","modified_gmt":"2024-04-16T16:47:17","slug":"copriabiti-in-cotone","status":"publish","type":"product","link":"https:\/\/www.ser-viz.com\/es\/product\/copriabiti-in-cotone\/","title":{"rendered":"FUNDA PARA ROPA DE ALGOD\u00d3N"},"content":{"rendered":"","protected":false},"excerpt":{"rendered":"<p><strong>FUNDA PARA ROPA DE ALGOD\u00d3N<\/strong><\/p>\n<p>Los casos <strong>fundas de ropa de algodon<\/strong> son la mejor protecci\u00f3n para la ropa ya que est\u00e1n fabricados con un material natural, resistente, suave y transpirable. Las fundas de ropa de algod\u00f3n de las bolsas Ser-Viz son ideales para <strong>proteger prendas a medida y valiosas<\/strong> durante el transporte, pero tambi\u00e9n para guardarlos en el armario para la rotaci\u00f3n estacional. Con Ser-Viz Bags puedes crear tus propias fundas de ropa personalizadas eligiendo entre varias gamas de algod\u00f3n y tama\u00f1os est\u00e1ndar disponibles u optar por tama\u00f1os bajo pedido.<\/p>","protected":false},"featured_media":1193,"template":"","meta":[],"product_cat":[80],"product_tag":[],"class_list":{"0":"post-1192","1":"product","2":"type-product","3":"status-publish","4":"has-post-thumbnail","6":"product_cat-copri-abiti","8":"first","9":"instock","10":"shipping-taxable","11":"product-type-simple","swatches":"rey-swatches","show_selected":"","stretch_labels":"rey-swatches--stretch-labels"},"acf":[],"_links":{"self":[{"href":"https:\/\/www.ser-viz.com\/es\/wp-json\/wp\/v2\/product\/1192","targetHints":{"allow":["GET"]}}],"collection":[{"href":"https:\/\/www.ser-viz.com\/es\/wp-json\/wp\/v2\/product"}],"about":[{"href":"https:\/\/www.ser-viz.com\/es\/wp-json\/wp\/v2\/types\/product"}],"wp:featuredmedia":[{"embeddable":true,"href":"https:\/\/www.ser-viz.com\/es\/wp-json\/wp\/v2\/media\/1193"}],"wp:attachment":[{"href":"https:\/\/www.ser-viz.com\/es\/wp-json\/wp\/v2\/media?parent=1192"}],"wp:term":[{"taxonomy":"product_cat","embeddable":true,"href":"https:\/\/www.ser-viz.com\/es\/wp-json\/wp\/v2\/product_cat?post=1192"},{"taxonomy":"product_tag","embeddable":true,"href":"https:\/\/www.ser-viz.com\/es\/wp-json\/wp\/v2\/product_tag?post=1192"}],"curies":[{"name":"wp","href":"https:\/\/api.w.org\/{rel}","templated":true}]}}