{"id":1190,"date":"2024-04-16T18:44:11","date_gmt":"2024-04-16T16:44:11","guid":{"rendered":"https:\/\/www.ser-viz.com\/?post_type=product&#038;p=1190"},"modified":"2024-04-16T18:45:46","modified_gmt":"2024-04-16T16:45:46","slug":"copriabiti-in-tnt","status":"publish","type":"product","link":"https:\/\/www.ser-viz.com\/es\/product\/copriabiti-in-tnt\/","title":{"rendered":"FUNDA DE ROPA TNT"},"content":{"rendered":"","protected":false},"excerpt":{"rendered":"<p><strong>FUNDA DE ROPA TNT<\/strong><\/p>\n<p>Las fundas para prendas de tejido no tejido son un accesorio imprescindible para quienes confeccionan y venden prendas de vestir a medida. Utilizadas para proteger vestidos de novia, vestidos formales, pieles y prendas preciosas, las fundas para prendas de tejido no tejido Ser-Viz Bags son pr\u00e1cticas, resistentes y elegantemente terminadas porque est\u00e1n equipadas con cremallera central, cursor met\u00e1lico y doble asa para facilitar la apertura y transporte. La ranura superior permite sacar el colgador y completa el dise\u00f1o.<strong> Las fundas para ropa no tejidas de Ser-Viz Bags se pueden fabricar en tama\u00f1os est\u00e1ndar y bajo pedido.<\/strong><\/p>","protected":false},"featured_media":1191,"template":"","meta":[],"product_cat":[80],"product_tag":[],"class_list":{"0":"post-1190","1":"product","2":"type-product","3":"status-publish","4":"has-post-thumbnail","6":"product_cat-copri-abiti","8":"first","9":"instock","10":"shipping-taxable","11":"product-type-simple","swatches":"rey-swatches","show_selected":"","stretch_labels":"rey-swatches--stretch-labels"},"acf":[],"_links":{"self":[{"href":"https:\/\/www.ser-viz.com\/es\/wp-json\/wp\/v2\/product\/1190","targetHints":{"allow":["GET"]}}],"collection":[{"href":"https:\/\/www.ser-viz.com\/es\/wp-json\/wp\/v2\/product"}],"about":[{"href":"https:\/\/www.ser-viz.com\/es\/wp-json\/wp\/v2\/types\/product"}],"wp:featuredmedia":[{"embeddable":true,"href":"https:\/\/www.ser-viz.com\/es\/wp-json\/wp\/v2\/media\/1191"}],"wp:attachment":[{"href":"https:\/\/www.ser-viz.com\/es\/wp-json\/wp\/v2\/media?parent=1190"}],"wp:term":[{"taxonomy":"product_cat","embeddable":true,"href":"https:\/\/www.ser-viz.com\/es\/wp-json\/wp\/v2\/product_cat?post=1190"},{"taxonomy":"product_tag","embeddable":true,"href":"https:\/\/www.ser-viz.com\/es\/wp-json\/wp\/v2\/product_tag?post=1190"}],"curies":[{"name":"wp","href":"https:\/\/api.w.org\/{rel}","templated":true}]}}