{"id":1188,"date":"2024-04-16T18:36:09","date_gmt":"2024-04-16T16:36:09","guid":{"rendered":"https:\/\/www.ser-viz.com\/?post_type=product&#038;p=1188"},"modified":"2024-04-16T18:36:21","modified_gmt":"2024-04-16T16:36:21","slug":"shopper-in-plastica","status":"publish","type":"product","link":"https:\/\/www.ser-viz.com\/es\/product\/shopper-in-plastica\/","title":{"rendered":"COMPRADOR DE PL\u00c1STICO"},"content":{"rendered":"","protected":false},"excerpt":{"rendered":"<p><strong>EL PLASTICO<\/strong><\/p>\n<p>Los compradores de pl\u00e1stico son la opci\u00f3n m\u00e1s pr\u00e1ctica y c\u00f3moda para almacenar o transportar cualquier tipo de producto, desde<strong>ropa<\/strong> a<strong>alimento<\/strong>. En desechables, <strong>Bolsas Ser-Viz<\/strong> ofrece una amplia gama de envases de pl\u00e1stico, como bolsas tipo chaleco o bolsas para ropa con asa tipo frijol.<\/p>\n<p>Combinando sabiamente dimensiones, refuerzos, asas y gr\u00e1ficos, Ser-Viz Bags crea las bolsas de pl\u00e1stico para la compra que mejor responden a sus necesidades t\u00e9cnicas, est\u00e9ticas y promocionales, permiti\u00e9ndole transportar cualquier tipo de objeto con total seguridad y promocionar productos y actividades en el mejor relaci\u00f3n calidad-precio.<\/p>","protected":false},"featured_media":1189,"template":"","meta":[],"product_cat":[81],"product_tag":[],"class_list":{"0":"post-1188","1":"product","2":"type-product","3":"status-publish","4":"has-post-thumbnail","6":"product_cat-shopper","8":"first","9":"instock","10":"shipping-taxable","11":"product-type-simple","swatches":"rey-swatches","show_selected":"","stretch_labels":"rey-swatches--stretch-labels"},"acf":[],"_links":{"self":[{"href":"https:\/\/www.ser-viz.com\/es\/wp-json\/wp\/v2\/product\/1188","targetHints":{"allow":["GET"]}}],"collection":[{"href":"https:\/\/www.ser-viz.com\/es\/wp-json\/wp\/v2\/product"}],"about":[{"href":"https:\/\/www.ser-viz.com\/es\/wp-json\/wp\/v2\/types\/product"}],"wp:featuredmedia":[{"embeddable":true,"href":"https:\/\/www.ser-viz.com\/es\/wp-json\/wp\/v2\/media\/1189"}],"wp:attachment":[{"href":"https:\/\/www.ser-viz.com\/es\/wp-json\/wp\/v2\/media?parent=1188"}],"wp:term":[{"taxonomy":"product_cat","embeddable":true,"href":"https:\/\/www.ser-viz.com\/es\/wp-json\/wp\/v2\/product_cat?post=1188"},{"taxonomy":"product_tag","embeddable":true,"href":"https:\/\/www.ser-viz.com\/es\/wp-json\/wp\/v2\/product_tag?post=1188"}],"curies":[{"name":"wp","href":"https:\/\/api.w.org\/{rel}","templated":true}]}}