{"id":1186,"date":"2024-04-16T18:33:13","date_gmt":"2024-04-16T16:33:13","guid":{"rendered":"https:\/\/www.ser-viz.com\/?post_type=product&#038;p=1186"},"modified":"2024-04-16T18:33:13","modified_gmt":"2024-04-16T16:33:13","slug":"shopper-automatiche-2","status":"publish","type":"product","link":"https:\/\/www.ser-viz.com\/es\/product\/shopper-automatiche-2\/","title":{"rendered":"COMPRADOR TNT"},"content":{"rendered":"","protected":false},"excerpt":{"rendered":"<p><strong>TNT<\/strong><\/p>\n<p>Compradores en <strong>TNT<\/strong>, gracias al tejido no tejido especial, son herramientas <strong>Art\u00edculos promocionales vers\u00e1tiles, ecol\u00f3gicos y lavables.<\/strong>. Personalizables en tama\u00f1o, color, acabado y completos con el logotipo y los datos de la empresa, los compradores de tejido no tejido se utilizan ampliamente como gadgets de empresa, bolsas de compras promocionales para ferias y eventos y se adaptan bien a diversos tipos de embalaje para tiendas y empresas (desde el transporte de compras en general a la de compra de alimentos o para llevar).<\/p>\n<p><strong>Resistente, pr\u00e1ctico y ligero,<\/strong> Los compradores TNT son muy apreciados por su variedad de usos y la gran superficie personalizable que da una gran visibilidad a la marca.<\/p>","protected":false},"featured_media":1187,"template":"","meta":[],"product_cat":[81],"product_tag":[],"class_list":{"0":"post-1186","1":"product","2":"type-product","3":"status-publish","4":"has-post-thumbnail","6":"product_cat-shopper","8":"first","9":"instock","10":"shipping-taxable","11":"product-type-simple","swatches":"rey-swatches","show_selected":"","stretch_labels":"rey-swatches--stretch-labels"},"acf":[],"_links":{"self":[{"href":"https:\/\/www.ser-viz.com\/es\/wp-json\/wp\/v2\/product\/1186","targetHints":{"allow":["GET"]}}],"collection":[{"href":"https:\/\/www.ser-viz.com\/es\/wp-json\/wp\/v2\/product"}],"about":[{"href":"https:\/\/www.ser-viz.com\/es\/wp-json\/wp\/v2\/types\/product"}],"wp:featuredmedia":[{"embeddable":true,"href":"https:\/\/www.ser-viz.com\/es\/wp-json\/wp\/v2\/media\/1187"}],"wp:attachment":[{"href":"https:\/\/www.ser-viz.com\/es\/wp-json\/wp\/v2\/media?parent=1186"}],"wp:term":[{"taxonomy":"product_cat","embeddable":true,"href":"https:\/\/www.ser-viz.com\/es\/wp-json\/wp\/v2\/product_cat?post=1186"},{"taxonomy":"product_tag","embeddable":true,"href":"https:\/\/www.ser-viz.com\/es\/wp-json\/wp\/v2\/product_tag?post=1186"}],"curies":[{"name":"wp","href":"https:\/\/api.w.org\/{rel}","templated":true}]}}