{"id":691,"date":"2024-03-10T17:41:38","date_gmt":"2024-03-10T16:41:38","guid":{"rendered":"https:\/\/www.ser-viz.com\/?page_id=691"},"modified":"2024-05-07T13:10:56","modified_gmt":"2024-05-07T11:10:56","slug":"sostenibilita","status":"publish","type":"page","link":"https:\/\/www.ser-viz.com\/es\/sostenibilita\/","title":{"rendered":"Sostenibilidad"},"content":{"rendered":"<div data-elementor-type=\"wp-page\" data-elementor-id=\"691\" class=\"elementor elementor-691\">\n\t\t\t\t\t\t<section class=\"elementor-section elementor-top-section elementor-element elementor-element-5604f2f rey-section-stretched elementor-section-full_width elementor-section-content-bottom rey-section-bg--classic elementor-section-height-default elementor-section-height-default\" data-id=\"5604f2f\" data-element_type=\"section\" data-settings=\"{&quot;background_background&quot;:&quot;classic&quot;}\">\n\t\t\t\t\t\t<div class=\"elementor-container elementor-column-gap-default\">\n\t\t\t\t\t<div class=\"elementor-column elementor-col-100 elementor-top-column elementor-element elementor-element-2d58d34 rey-colbg--classic\" data-id=\"2d58d34\" data-element_type=\"column\" data-settings=\"{&quot;background_background&quot;:&quot;classic&quot;}\">\n\t\t\t<div class=\"elementor-column-wrap--2d58d34 elementor-widget-wrap elementor-element-populated\">\n\t\t\t\t\t<div class=\"elementor-background-overlay\"><\/div>\n\t\t\t\t\t\t<div class=\"elementor-element elementor-element-81ecefe elementor-widget__width-auto elementor-widget elementor-widget-heading\" data-id=\"81ecefe\" data-element_type=\"widget\" data-widget_type=\"heading.default\">\n\t\t\t\t<div class=\"elementor-widget-container\">\n\t\t\t<style>\/*! elementor - v3.19.0 - 28-02-2024 *\/\n.elementor-heading-title{padding:0;margin:0;line-height:1}.elementor-widget-heading .elementor-heading-title[class*=elementor-size-]>a{color:inherit;font-size:inherit;line-height:inherit}.elementor-widget-heading .elementor-heading-title.elementor-size-small{font-size:15px}.elementor-widget-heading .elementor-heading-title.elementor-size-medium{font-size:19px}.elementor-widget-heading .elementor-heading-title.elementor-size-large{font-size:29px}.elementor-widget-heading .elementor-heading-title.elementor-size-xl{font-size:39px}.elementor-widget-heading .elementor-heading-title.elementor-size-xxl{font-size:59px}<\/style><h1 class=\"elementor-heading-title elementor-size-default\">MATERIALES ECOL\u00d3GICOS<br>\n<b>SER-bio\u00ae<\/b><br>100 % NATURAL, BIODEGRADABLE, COMPOSTABLE.<\/h1>\t\t<\/div>\n\t\t\t\t<\/div>\n\t\t\t\t\t<\/div>\n\t\t<\/div>\n\t\t\t\t\t<\/div>\n\t\t<\/section>\n\t\t\t\t<section class=\"elementor-section elementor-top-section elementor-element elementor-element-f3e2603 rey-flexWrap elementor-section-boxed elementor-section-height-default elementor-section-height-default\" data-id=\"f3e2603\" data-element_type=\"section\">\n\t\t\t\t\t\t<div class=\"elementor-container elementor-column-gap-default\">\n\t\t\t\t\t<div class=\"elementor-column elementor-col-100 elementor-top-column elementor-element elementor-element-8bc4665\" data-id=\"8bc4665\" data-element_type=\"column\">\n\t\t\t<div class=\"elementor-column-wrap--8bc4665 elementor-widget-wrap elementor-element-populated\">\n\t\t\t\t\t\t<div class=\"elementor-element elementor-element-97b22d7 elementor-widget elementor-widget-heading\" data-id=\"97b22d7\" data-element_type=\"widget\" data-widget_type=\"heading.default\">\n\t\t\t\t<div class=\"elementor-widget-container\">\n\t\t\t<h3 class=\"elementor-heading-title elementor-size-default\">&quot;En la era de la ecosostenibilidad, la adopci\u00f3n de perchas recicladas surge como una elecci\u00f3n consciente para reducir el impacto ambiental de nuestras acciones diarias, combinando beneficios ambientales, ahorro energ\u00e9tico y ventajas econ\u00f3micas&quot;.<\/h3>\t\t<\/div>\n\t\t\t\t<\/div>\n\t\t\t\t\t<\/div>\n\t\t<\/div>\n\t\t\t\t\t<\/div>\n\t\t<\/section>\n\t\t<div class=\"e-con-top elementor-element elementor-element-8b6fa56 e-flex e-con-boxed e-con e-parent\" data-id=\"8b6fa56\" data-element_type=\"container\" data-settings=\"{&quot;content_width&quot;:&quot;boxed&quot;}\" data-core-v316-plus=\"true\">\n\t\t\t\t\t<div class=\"e-con-inner\">\n\t\t<div class=\"elementor-element elementor-element-2ed8b79 e-con-full e-flex e-con e-child\" data-id=\"2ed8b79\" data-element_type=\"container\" data-settings=\"{&quot;content_width&quot;:&quot;full&quot;}\">\n\t\t\t\t<div class=\"elementor-element elementor-element-580ec0c elementor-widget elementor-widget-text-editor\" data-id=\"580ec0c\" data-element_type=\"widget\" data-widget_type=\"text-editor.default\">\n\t\t\t\t<div class=\"elementor-widget-container\">\n\t\t\t<style>\/*! elementor - v3.19.0 - 28-02-2024 *\/\n.elementor-widget-text-editor.elementor-drop-cap-view-stacked .elementor-drop-cap{background-color:#69727d;color:#fff}.elementor-widget-text-editor.elementor-drop-cap-view-framed .elementor-drop-cap{color:#69727d;border:3px solid;background-color:transparent}.elementor-widget-text-editor:not(.elementor-drop-cap-view-default) .elementor-drop-cap{margin-top:8px}.elementor-widget-text-editor:not(.elementor-drop-cap-view-default) .elementor-drop-cap-letter{width:1em;height:1em}.elementor-widget-text-editor .elementor-drop-cap{float:left;text-align:center;line-height:1;font-size:50px}.elementor-widget-text-editor .elementor-drop-cap-letter{display:inline-block}<\/style>\t\t\t\t<p>Seg\u00fan la definici\u00f3n dada por European Bioplastics, un biopl\u00e1stico es un tipo de material que deriva de materias primas renovables o es biodegradable o tiene ambas propiedades y adem\u00e1s es reciclable.<br \/><br \/>Aparentemente completamente similar a los materiales pl\u00e1sticos, pero derivado de la transformaci\u00f3n de los cereales, SER-BIO\u00ae da una respuesta certera al problema de la contaminaci\u00f3n pl\u00e1stica.<\/p>\t\t\t\t\t\t<\/div>\n\t\t\t\t<\/div>\n\t\t\t\t<\/div>\n\t\t<div class=\"elementor-element elementor-element-7e619fb e-con-full e-flex e-con e-child\" data-id=\"7e619fb\" data-element_type=\"container\" data-settings=\"{&quot;content_width&quot;:&quot;full&quot;}\">\n\t\t\t\t<div class=\"elementor-element elementor-element-ed92983 elementor-widget elementor-widget-text-editor\" data-id=\"ed92983\" data-element_type=\"widget\" data-widget_type=\"text-editor.default\">\n\t\t\t\t<div class=\"elementor-widget-container\">\n\t\t\t\t\t\t\t<p><b>100% origen natural<\/b> por este compuesto obtenido de la transformaci\u00f3n de plantas de cereales (a base de almid\u00f3n de ma\u00edz y trigo utilizado para la alimentaci\u00f3n animal) al que se a\u00f1aden aditivos naturales.<br \/><br \/><strong>100% biodegradable y compostable<\/strong>, basado en las referencias regulatorias europeas EN1343\/2002 (Comit\u00e9 europeo de normalizaci\u00f3n para la toxicidad de materiales dispersos en la naturaleza).<\/p>\t\t\t\t\t\t<\/div>\n\t\t\t\t<\/div>\n\t\t\t\t<\/div>\n\t\t\t\t\t<\/div>\n\t\t\t\t<\/div>\n\t\t<div class=\"e-con-top elementor-element elementor-element-a87bcfa e-flex e-con-boxed e-con e-parent\" data-id=\"a87bcfa\" data-element_type=\"container\" data-settings=\"{&quot;content_width&quot;:&quot;boxed&quot;}\" data-core-v316-plus=\"true\">\n\t\t\t\t\t<div class=\"e-con-inner\">\n\t\t<div class=\"elementor-element elementor-element-a22b763 e-con-full e-flex e-con e-child\" data-id=\"a22b763\" data-element_type=\"container\" data-settings=\"{&quot;content_width&quot;:&quot;full&quot;}\">\n\t\t\t\t<div class=\"elementor-element elementor-element-f01cc8d elementor-view-stacked elementor-shape-circle elementor-position-top elementor-mobile-position-top elementor-widget elementor-widget-icon-box\" data-id=\"f01cc8d\" data-element_type=\"widget\" data-widget_type=\"icon-box.default\">\n\t\t\t\t<div class=\"elementor-widget-container\">\n\t\t\t<link rel=\"stylesheet\" href=\"https:\/\/www.ser-viz.com\/wp-content\/plugins\/elementor\/assets\/css\/widget-icon-box.min.css\">\t\t<div class=\"elementor-icon-box-wrapper\">\n\t\t\t\t\t\t<div class=\"elementor-icon-box-icon\">\n\t\t\t\t<span  class=\"elementor-icon elementor-animation-\">\n\t\t\t\t<svg aria-hidden=\"true\" class=\"e-font-icon-svg e-fas-leaf\" viewbox=\"0 0 576 512\" xmlns=\"http:\/\/www.w3.org\/2000\/svg\"><path d=\"M546.2 9.7c-5.6-12.5-21.6-13-28.3-1.2C486.9 62.4 431.4 96 368 96h-80C182 96 96 182 96 288c0 7 .8 13.7 1.5 20.5C161.3 262.8 253.4 224 384 224c8.8 0 16 7.2 16 16s-7.2 16-16 16C132.6 256 26 410.1 2.4 468c-6.6 16.3 1.2 34.9 17.5 41.6 16.4 6.8 35-1.1 41.8-17.3 1.5-3.6 20.9-47.9 71.9-90.6 32.4 43.9 94 85.8 174.9 77.2C465.5 467.5 576 326.7 576 154.3c0-50.2-10.8-102.2-29.8-144.6z\"><\/path><\/svg>\t\t\t\t<\/span>\n\t\t\t<\/div>\n\t\t\t\t\t\t<div class=\"elementor-icon-box-content\">\n\t\t\t\t<h3 class=\"elementor-icon-box-title\">\n\t\t\t\t\t<span  >\n\t\t\t\t\t\t100% <b>Natural<\/b>\t\t\t\t\t<\/span>\n\t\t\t\t<\/h3>\n\t\t\t\t\t\t\t<\/div>\n\t\t<\/div>\n\t\t\t\t<\/div>\n\t\t\t\t<\/div>\n\t\t\t\t<\/div>\n\t\t<div class=\"elementor-element elementor-element-539612b e-con-full e-flex e-con e-child\" data-id=\"539612b\" data-element_type=\"container\" data-settings=\"{&quot;content_width&quot;:&quot;full&quot;}\">\n\t\t\t\t<div class=\"elementor-element elementor-element-2638bcf elementor-view-stacked elementor-shape-circle elementor-position-top elementor-mobile-position-top elementor-widget elementor-widget-icon-box\" data-id=\"2638bcf\" data-element_type=\"widget\" data-widget_type=\"icon-box.default\">\n\t\t\t\t<div class=\"elementor-widget-container\">\n\t\t\t\t\t<div class=\"elementor-icon-box-wrapper\">\n\t\t\t\t\t\t<div class=\"elementor-icon-box-icon\">\n\t\t\t\t<span  class=\"elementor-icon elementor-animation-\">\n\t\t\t\t<svg aria-hidden=\"true\" class=\"e-font-icon-svg e-fas-recycle\" viewbox=\"0 0 512 512\" xmlns=\"http:\/\/www.w3.org\/2000\/svg\"><path d=\"M184.561 261.903c3.232 13.997-12.123 24.635-24.068 17.168l-40.736-25.455-50.867 81.402C55.606 356.273 70.96 384 96.012 384H148c6.627 0 12 5.373 12 12v40c0 6.627-5.373 12-12 12H96.115c-75.334 0-121.302-83.048-81.408-146.88l50.822-81.388-40.725-25.448c-12.081-7.547-8.966-25.961 4.879-29.158l110.237-25.45c8.611-1.988 17.201 3.381 19.189 11.99l25.452 110.237zm98.561-182.915l41.289 66.076-40.74 25.457c-12.051 7.528-9 25.953 4.879 29.158l110.237 25.45c8.672 1.999 17.215-3.438 19.189-11.99l25.45-110.237c3.197-13.844-11.99-24.719-24.068-17.168l-40.687 25.424-41.263-66.082c-37.521-60.033-125.209-60.171-162.816 0l-17.963 28.766c-3.51 5.62-1.8 13.021 3.82 16.533l33.919 21.195c5.62 3.512 13.024 1.803 16.536-3.817l17.961-28.743c12.712-20.341 41.973-19.676 54.257-.022zM497.288 301.12l-27.515-44.065c-3.511-5.623-10.916-7.334-16.538-3.821l-33.861 21.159c-5.62 3.512-7.33 10.915-3.818 16.536l27.564 44.112c13.257 21.211-2.057 48.96-27.136 48.96H320V336.02c0-14.213-17.242-21.383-27.313-11.313l-80 79.981c-6.249 6.248-6.249 16.379 0 22.627l80 79.989C302.689 517.308 320 510.3 320 495.989V448h95.88c75.274 0 121.335-82.997 81.408-146.88z\"><\/path><\/svg>\t\t\t\t<\/span>\n\t\t\t<\/div>\n\t\t\t\t\t\t<div class=\"elementor-icon-box-content\">\n\t\t\t\t<h3 class=\"elementor-icon-box-title\">\n\t\t\t\t\t<span  >\n\t\t\t\t\t\t100% <b>Biodegradable<\/b>\t\t\t\t\t<\/span>\n\t\t\t\t<\/h3>\n\t\t\t\t\t\t\t<\/div>\n\t\t<\/div>\n\t\t\t\t<\/div>\n\t\t\t\t<\/div>\n\t\t\t\t<\/div>\n\t\t<div class=\"elementor-element elementor-element-ec8a863 e-con-full e-flex e-con e-child\" data-id=\"ec8a863\" data-element_type=\"container\" data-settings=\"{&quot;content_width&quot;:&quot;full&quot;}\">\n\t\t\t\t<div class=\"elementor-element elementor-element-643136e elementor-view-stacked elementor-shape-circle elementor-position-top elementor-mobile-position-top elementor-widget elementor-widget-icon-box\" data-id=\"643136e\" data-element_type=\"widget\" data-widget_type=\"icon-box.default\">\n\t\t\t\t<div class=\"elementor-widget-container\">\n\t\t\t\t\t<div class=\"elementor-icon-box-wrapper\">\n\t\t\t\t\t\t<div class=\"elementor-icon-box-icon\">\n\t\t\t\t<span  class=\"elementor-icon elementor-animation-\">\n\t\t\t\t<svg aria-hidden=\"true\" class=\"e-font-icon-svg e-fas-trash-alt\" viewbox=\"0 0 448 512\" xmlns=\"http:\/\/www.w3.org\/2000\/svg\"><path d=\"M32 464a48 48 0 0 0 48 48h288a48 48 0 0 0 48-48V128H32zm272-256a16 16 0 0 1 32 0v224a16 16 0 0 1-32 0zm-96 0a16 16 0 0 1 32 0v224a16 16 0 0 1-32 0zm-96 0a16 16 0 0 1 32 0v224a16 16 0 0 1-32 0zM432 32H312l-9.4-18.7A24 24 0 0 0 281.1 0H166.8a23.72 23.72 0 0 0-21.4 13.3L136 32H16A16 16 0 0 0 0 48v32a16 16 0 0 0 16 16h416a16 16 0 0 0 16-16V48a16 16 0 0 0-16-16z\"><\/path><\/svg>\t\t\t\t<\/span>\n\t\t\t<\/div>\n\t\t\t\t\t\t<div class=\"elementor-icon-box-content\">\n\t\t\t\t<h3 class=\"elementor-icon-box-title\">\n\t\t\t\t\t<span  >\n\t\t\t\t\t\t100% <b>Compostable<\/b>\t\t\t\t\t<\/span>\n\t\t\t\t<\/h3>\n\t\t\t\t\t\t\t<\/div>\n\t\t<\/div>\n\t\t\t\t<\/div>\n\t\t\t\t<\/div>\n\t\t\t\t<\/div>\n\t\t\t\t\t<\/div>\n\t\t\t\t<\/div>\n\t\t<div class=\"e-con-top elementor-element elementor-element-02a0d84 e-flex e-con-boxed e-con e-parent\" data-id=\"02a0d84\" data-element_type=\"container\" data-settings=\"{&quot;content_width&quot;:&quot;boxed&quot;}\" data-core-v316-plus=\"true\">\n\t\t\t\t\t<div class=\"e-con-inner\">\n\t\t<div class=\"elementor-element elementor-element-14c4eb1 e-con-full e-flex e-con e-child\" data-id=\"14c4eb1\" data-element_type=\"container\" data-settings=\"{&quot;content_width&quot;:&quot;full&quot;}\">\n\t\t\t\t<div class=\"elementor-element elementor-element-43dd0ce elementor-widget elementor-widget-text-editor\" data-id=\"43dd0ce\" data-element_type=\"widget\" data-widget_type=\"text-editor.default\">\n\t\t\t\t<div class=\"elementor-widget-container\">\n\t\t\t\t\t\t\t<p style=\"text-align: center;\">Adem\u00e1s de biodegradable <strong>SER-BIO\u00ae<\/strong> De acuerdo con la norma europea y el programa de certificaci\u00f3n, tiene la ventaja de hacer f\u00e9rtil el suelo sobre el que se deposita, despu\u00e9s de su uso permite la producci\u00f3n de abono fertilizante. El impacto ambiental de esta opci\u00f3n de eliminaci\u00f3n es incluso menor que el proceso de conversi\u00f3n de residuos en energ\u00eda de residuos biol\u00f3gicos y de cero emisiones. <br \/>De hecho, la combusti\u00f3n del material no genera humos a diferencia de los materiales pl\u00e1sticos tradicionales.<\/p>\t\t\t\t\t\t<\/div>\n\t\t\t\t<\/div>\n\t\t\t\t<\/div>\n\t\t\t\t\t<\/div>\n\t\t\t\t<\/div>\n\t\t\t\t<section class=\"elementor-section elementor-top-section elementor-element elementor-element-317ae76 elementor-section-content-middle elementor-section-boxed elementor-section-height-default elementor-section-height-default\" data-id=\"317ae76\" data-element_type=\"section\">\n\t\t\t\t\t\t<div class=\"elementor-container elementor-column-gap-default\">\n\t\t\t\t\t<div class=\"elementor-column elementor-col-50 elementor-top-column elementor-element elementor-element-4a2a5d5\" data-id=\"4a2a5d5\" data-element_type=\"column\">\n\t\t\t<div class=\"elementor-column-wrap--4a2a5d5 elementor-widget-wrap elementor-element-populated\">\n\t\t\t\t\t\t<div class=\"elementor-element elementor-element-da3e734 elementor-widget__width-initial elementor-widget elementor-widget-image\" data-id=\"da3e734\" data-element_type=\"widget\" data-widget_type=\"image.default\">\n\t\t\t\t<div class=\"elementor-widget-container\">\n\t\t\t<style>\/*! elementor - v3.19.0 - 28-02-2024 *\/\n.elementor-widget-image{text-align:center}.elementor-widget-image a{display:inline-block}.elementor-widget-image a img[src$=\".svg\"]{width:48px}.elementor-widget-image img{vertical-align:middle;display:inline-block}<\/style>\t\t\t\t\t\t\t\t\t\t<img fetchpriority=\"high\" decoding=\"async\" width=\"200\" height=\"375\" src=\"https:\/\/www.ser-viz.com\/wp-content\/uploads\/2024\/03\/pannocchia-verticale.png\" class=\"attachment-large size-large wp-image-1143\" alt=\"\" srcset=\"https:\/\/www.ser-viz.com\/wp-content\/uploads\/2024\/03\/pannocchia-verticale.png 200w, https:\/\/www.ser-viz.com\/wp-content\/uploads\/2024\/03\/pannocchia-verticale-160x300.png 160w\" sizes=\"(max-width: 200px) 100vw, 200px\" \/>\t\t\t\t\t\t\t\t\t\t\t\t\t<\/div>\n\t\t\t\t<\/div>\n\t\t\t\t\t<\/div>\n\t\t<\/div>\n\t\t\t\t<div class=\"elementor-column elementor-col-50 elementor-top-column elementor-element elementor-element-1a28191\" data-id=\"1a28191\" data-element_type=\"column\">\n\t\t\t<div class=\"elementor-column-wrap--1a28191 elementor-widget-wrap elementor-element-populated\">\n\t\t\t\t\t\t<div class=\"elementor-element elementor-element-d401769 elementor-widget elementor-widget-heading\" data-id=\"d401769\" data-element_type=\"widget\" data-widget_type=\"heading.default\">\n\t\t\t\t<div class=\"elementor-widget-container\">\n\t\t\t<h2 class=\"elementor-heading-title elementor-size-default\">De la Naturaleza la mejor respuesta a nuestras necesidades.<\/h2>\t\t<\/div>\n\t\t\t\t<\/div>\n\t\t\t\t<div class=\"elementor-element elementor-element-66450db elementor-widget elementor-widget-text-editor\" data-id=\"66450db\" data-element_type=\"widget\" data-widget_type=\"text-editor.default\">\n\t\t\t\t<div class=\"elementor-widget-container\">\n\t\t\t\t\t\t\t<div data-message-author-role=\"assistant\" data-message-id=\"cc2ca110-d645-4e44-b0fd-f2cb5e069587\"><div><p>All\u00e1 <strong>Pl\u00e1stico generado a partir de mazorcas de ma\u00edz.<\/strong> representa una soluci\u00f3n innovadora y sostenible en el campo de <strong>materiales biopl\u00e1sticos<\/strong>, demostrando ser una opci\u00f3n ecol\u00f3gica para la producci\u00f3n de diversos art\u00edculos, entre ellos <strong>perchas de ropa<\/strong>.<\/p><p>Este tipo de <strong>el plastico<\/strong>, derivado <strong>de fuentes renovables<\/strong> como la mazorca de ma\u00edz, no s\u00f3lo reduce la dependencia de los combustibles f\u00f3siles sino que tambi\u00e9n contribuye a <strong>minimizar el impacto ambiental<\/strong>. La producci\u00f3n de perchas con este biopl\u00e1stico permite no s\u00f3lo <strong>reducir significativamente las emisiones de gases de efecto invernadero<\/strong> asociado con la producci\u00f3n tradicional de pl\u00e1stico, pero tambi\u00e9n fomenta<strong>econom\u00eda circular<\/strong>, donde los productos al final de su vida \u00fatil se pueden convertir en abono o reciclar, lo que reduce a\u00fan m\u00e1s la carga en los vertederos. Adem\u00e1s, el uso de <strong>materiales biodegradables<\/strong> como el pl\u00e1stico de mazorcas para perchas resalta un <strong>Un paso adelante para reducir la contaminaci\u00f3n pl\u00e1stica.<\/strong>, ofreciendo a los consumidores una alternativa sostenible que alinea sus elecciones diarias con una <strong>mayor responsabilidad ambiental<\/strong>.<\/p><\/div><\/div>\t\t\t\t\t\t<\/div>\n\t\t\t\t<\/div>\n\t\t\t\t\t<\/div>\n\t\t<\/div>\n\t\t\t\t\t<\/div>\n\t\t<\/section>\n\t\t\t\t<section class=\"elementor-section elementor-top-section elementor-element elementor-element-b0f777b rey-section-stretched elementor-section-full_width elementor-section-content-bottom rey-section-bg--classic elementor-section-height-default elementor-section-height-default\" data-id=\"b0f777b\" data-element_type=\"section\" data-settings=\"{&quot;background_background&quot;:&quot;classic&quot;}\">\n\t\t\t\t\t\t<div class=\"elementor-container elementor-column-gap-default\">\n\t\t\t\t\t<div class=\"elementor-column elementor-col-100 elementor-top-column elementor-element elementor-element-d1a8517 rey-colbg--classic\" data-id=\"d1a8517\" data-element_type=\"column\" data-settings=\"{&quot;background_background&quot;:&quot;classic&quot;}\">\n\t\t\t<div class=\"elementor-column-wrap--d1a8517 elementor-widget-wrap elementor-element-populated\">\n\t\t\t\t\t<div class=\"elementor-background-overlay\"><\/div>\n\t\t\t\t\t\t<div class=\"elementor-element elementor-element-48cb31a elementor-widget__width-auto elementor-widget elementor-widget-heading\" data-id=\"48cb31a\" data-element_type=\"widget\" data-widget_type=\"heading.default\">\n\t\t\t\t<div class=\"elementor-widget-container\">\n\t\t\t<h1 class=\"elementor-heading-title elementor-size-default\"><b>MATERIALES RECICLADOS<\/b><br>\nLa econom\u00eda circular que es buena para el planeta.\u200b<\/h1>\t\t<\/div>\n\t\t\t\t<\/div>\n\t\t\t\t\t<\/div>\n\t\t<\/div>\n\t\t\t\t\t<\/div>\n\t\t<\/section>\n\t\t\t\t<section class=\"elementor-section elementor-top-section elementor-element elementor-element-f1f9eda elementor-section-content-middle elementor-section-boxed elementor-section-height-default elementor-section-height-default\" data-id=\"f1f9eda\" data-element_type=\"section\">\n\t\t\t\t\t\t<div class=\"elementor-container elementor-column-gap-default\">\n\t\t\t\t\t<div class=\"elementor-column elementor-col-100 elementor-top-column elementor-element elementor-element-0a6aee5\" data-id=\"0a6aee5\" data-element_type=\"column\">\n\t\t\t<div class=\"elementor-column-wrap--0a6aee5 elementor-widget-wrap elementor-element-populated\">\n\t\t\t\t\t\t<div class=\"elementor-element elementor-element-a50596c elementor-widget elementor-widget-text-editor\" data-id=\"a50596c\" data-element_type=\"widget\" data-widget_type=\"text-editor.default\">\n\t\t\t\t<div class=\"elementor-widget-container\">\n\t\t\t\t\t\t\t<p>El uso de <b>perchas recicladas<\/b> ofrece numerosos beneficios medioambientales. El uso de materiales reciclados reduce la cantidad de residuos enviados a <b>vertederos <\/b>y ayuda a preservar la <b>recursos naturales<\/b>.<\/p>\n<p>Adem\u00e1s, el proceso de <b>reciclaje <\/b>requiere menos energ\u00eda que producir perchas nuevas, lo que reduce los costos <b>Emisiones de gases de efecto invernadero<\/b>.<br>El reciclaje de perchas, junto con el reciclaje de otros materiales, tambi\u00e9n genera riqueza econ\u00f3mica, ya que los materiales reciclados se pueden utilizar para <b>producci\u00f3n de nuevos productos<\/b>.<br>Por eso, utilizar perchas recicladas es una gran opci\u00f3n para quienes quieren <b>reducir el impacto ambiental<\/b> de sus acciones diarias.<\/p>\t\t\t\t\t\t<\/div>\n\t\t\t\t<\/div>\n\t\t\t\t\t<\/div>\n\t\t<\/div>\n\t\t\t\t\t<\/div>\n\t\t<\/section>\n\t\t\t\t<\/div>","protected":false},"excerpt":{"rendered":"<p>MATERIALES ECOL\u00d3GICOS SER-bio\u00ae100 % NATURAL, BIODEGRADABLE, COMPOSTABLE. \u201cEn la era de la ecosostenibilidad, la adopci\u00f3n de perchas recicladas surge como una elecci\u00f3n consciente para reducir el impacto ambiental de nuestras acciones diarias, combinando beneficios ambientales, ahorro energ\u00e9tico y ventajas econ\u00f3micas\u201d. Seg\u00fan la definici\u00f3n dada por European Bioplastics, un biopl\u00e1stico es un tipo de material que deriva de materias primas renovables o [\u2026]<\/p>","protected":false},"author":1,"featured_media":0,"parent":0,"menu_order":0,"comment_status":"closed","ping_status":"closed","template":"template-builder.php","meta":{"footnotes":""},"class_list":["post-691","page","type-page","status-publish","hentry"],"acf":[],"_links":{"self":[{"href":"https:\/\/www.ser-viz.com\/es\/wp-json\/wp\/v2\/pages\/691","targetHints":{"allow":["GET"]}}],"collection":[{"href":"https:\/\/www.ser-viz.com\/es\/wp-json\/wp\/v2\/pages"}],"about":[{"href":"https:\/\/www.ser-viz.com\/es\/wp-json\/wp\/v2\/types\/page"}],"author":[{"embeddable":true,"href":"https:\/\/www.ser-viz.com\/es\/wp-json\/wp\/v2\/users\/1"}],"replies":[{"embeddable":true,"href":"https:\/\/www.ser-viz.com\/es\/wp-json\/wp\/v2\/comments?post=691"}],"version-history":[{"count":70,"href":"https:\/\/www.ser-viz.com\/es\/wp-json\/wp\/v2\/pages\/691\/revisions"}],"predecessor-version":[{"id":1662,"href":"https:\/\/www.ser-viz.com\/es\/wp-json\/wp\/v2\/pages\/691\/revisions\/1662"}],"wp:attachment":[{"href":"https:\/\/www.ser-viz.com\/es\/wp-json\/wp\/v2\/media?parent=691"}],"curies":[{"name":"wp","href":"https:\/\/api.w.org\/{rel}","templated":true}]}}