{"id":185,"date":"2024-02-15T17:54:26","date_gmt":"2024-02-15T16:54:26","guid":{"rendered":"https:\/\/www.ser-viz.com\/about-us\/"},"modified":"2024-06-10T09:43:39","modified_gmt":"2024-06-10T07:43:39","slug":"about-us","status":"publish","type":"page","link":"https:\/\/www.ser-viz.com\/es\/about-us\/","title":{"rendered":"Sobre nosotros"},"content":{"rendered":"<div data-elementor-type=\"wp-page\" data-elementor-id=\"185\" class=\"elementor elementor-185\">\n\t\t\t\t\t\t<section class=\"elementor-section elementor-top-section elementor-element elementor-element-5604f2f rey-section-stretched elementor-section-full_width elementor-section-content-bottom rey-section-bg--classic elementor-section-height-default elementor-section-height-default\" data-id=\"5604f2f\" data-element_type=\"section\" data-settings=\"{&quot;background_background&quot;:&quot;classic&quot;}\">\n\t\t\t\t\t\t<div class=\"elementor-container elementor-column-gap-default\">\n\t\t\t\t\t<div class=\"elementor-column elementor-col-100 elementor-top-column elementor-element elementor-element-2d58d34 rey-colbg--classic\" data-id=\"2d58d34\" data-element_type=\"column\" data-settings=\"{&quot;background_background&quot;:&quot;classic&quot;}\">\n\t\t\t<div class=\"elementor-column-wrap--2d58d34 elementor-widget-wrap elementor-element-populated\">\n\t\t\t\t\t<div class=\"elementor-background-overlay\"><\/div>\n\t\t\t\t\t\t<div class=\"elementor-element elementor-element-679263a elementor-widget__width-auto elementor-widget elementor-widget-heading\" data-id=\"679263a\" data-element_type=\"widget\" data-widget_type=\"heading.default\">\n\t\t\t\t<div class=\"elementor-widget-container\">\n\t\t\t<style>\/*! elementor - v3.19.0 - 28-02-2024 *\/\n.elementor-heading-title{padding:0;margin:0;line-height:1}.elementor-widget-heading .elementor-heading-title[class*=elementor-size-]>a{color:inherit;font-size:inherit;line-height:inherit}.elementor-widget-heading .elementor-heading-title.elementor-size-small{font-size:15px}.elementor-widget-heading .elementor-heading-title.elementor-size-medium{font-size:19px}.elementor-widget-heading .elementor-heading-title.elementor-size-large{font-size:29px}.elementor-widget-heading .elementor-heading-title.elementor-size-xl{font-size:39px}.elementor-widget-heading .elementor-heading-title.elementor-size-xxl{font-size:59px}<\/style><h1 class=\"elementor-heading-title elementor-size-default\"><b>ESTA ES NUESTRA HISTORIA<\/b><br>SER-VIZ, el colgador Made in Italy<\/h1>\t\t<\/div>\n\t\t\t\t<\/div>\n\t\t\t\t\t<\/div>\n\t\t<\/div>\n\t\t\t\t\t<\/div>\n\t\t<\/section>\n\t\t\t\t<section class=\"elementor-section elementor-top-section elementor-element elementor-element-f3e2603 rey-flexWrap elementor-section-boxed elementor-section-height-default elementor-section-height-default\" data-id=\"f3e2603\" data-element_type=\"section\">\n\t\t\t\t\t\t<div class=\"elementor-container elementor-column-gap-default\">\n\t\t\t\t\t<div class=\"elementor-column elementor-col-100 elementor-top-column elementor-element elementor-element-8bc4665\" data-id=\"8bc4665\" data-element_type=\"column\">\n\t\t\t<div class=\"elementor-column-wrap--8bc4665 elementor-widget-wrap elementor-element-populated\">\n\t\t\t\t\t\t<div class=\"elementor-element elementor-element-33566d6 elementor-widget elementor-widget-heading\" data-id=\"33566d6\" data-element_type=\"widget\" data-widget_type=\"heading.default\">\n\t\t\t\t<div class=\"elementor-widget-container\">\n\t\t\t<h5 class=\"elementor-heading-title elementor-size-default\">SER-VIZ EL PERCHA MADE IN ITALY<\/h5>\t\t<\/div>\n\t\t\t\t<\/div>\n\t\t\t\t<div class=\"elementor-element elementor-element-97b22d7 elementor-widget elementor-widget-heading\" data-id=\"97b22d7\" data-element_type=\"widget\" data-widget_type=\"heading.default\">\n\t\t\t\t<div class=\"elementor-widget-container\">\n\t\t\t<h3 class=\"elementor-heading-title elementor-size-default\">&quot;La pasi\u00f3n por la excelencia y un compromiso continuo con la innovaci\u00f3n han impulsado la expansi\u00f3n de la empresa, llev\u00e1ndola a trasladarse a instalaciones m\u00e1s grandes dise\u00f1adas para satisfacer las crecientes necesidades de producci\u00f3n y almacenamiento&quot;.<\/h3>\t\t<\/div>\n\t\t\t\t<\/div>\n\t\t\t\t<div class=\"elementor-element elementor-element-7aeb068 elementor-widget elementor-widget-text-editor\" data-id=\"7aeb068\" data-element_type=\"widget\" data-widget_type=\"text-editor.default\">\n\t\t\t\t<div class=\"elementor-widget-container\">\n\t\t\t<style>\/*! elementor - v3.19.0 - 28-02-2024 *\/\n.elementor-widget-text-editor.elementor-drop-cap-view-stacked .elementor-drop-cap{background-color:#69727d;color:#fff}.elementor-widget-text-editor.elementor-drop-cap-view-framed .elementor-drop-cap{color:#69727d;border:3px solid;background-color:transparent}.elementor-widget-text-editor:not(.elementor-drop-cap-view-default) .elementor-drop-cap{margin-top:8px}.elementor-widget-text-editor:not(.elementor-drop-cap-view-default) .elementor-drop-cap-letter{width:1em;height:1em}.elementor-widget-text-editor .elementor-drop-cap{float:left;text-align:center;line-height:1;font-size:50px}.elementor-widget-text-editor .elementor-drop-cap-letter{display:inline-block}<\/style>\t\t\t\t<div class=\"flex flex-grow flex-col max-w-full\"><div class=\"min-h-[20px] text-message flex flex-col items-start gap-3 whitespace-pre-wrap break-words [.text-message+&amp;]:mt-5 overflow-x-auto\" data-message-author-role=\"assistant\" data-message-id=\"f83a9645-9418-4ee4-aa03-c7ddde51b2af\"><div class=\"markdown prose w-full break-words dark:prose-invert light\"><p>Fundada en 1972 por Tiziano Vizzardi, Ser-Viz surge como <strong>Empresa especializada en la producci\u00f3n de percheros y complementos.<\/strong>. Nacida como una empresa familiar y con sede inicial en Grumello del Monte, r\u00e1pidamente destac\u00f3 por la elegancia y la calidad de sus productos, pilares del \u00e9xito de la <strong>Hecho en Italia<\/strong> internacionalmente.<\/p><p>Posteriormente la direcci\u00f3n pas\u00f3 a los hijos de Tiziano, quienes continuaron en la direcci\u00f3n del crecimiento y <strong>internacionalizaci\u00f3n<\/strong> realizado por el fundador. Desde la d\u00e9cada de 2000, Ser-Viz ha abierto sucursales en <strong>Espa\u00f1a<\/strong> Y <strong>Marruecos<\/strong> , respondiendo a la fuerte demanda de sus percheros de alta calidad, s\u00edmbolo de la marca.<\/p><p>Ser-Viz cuenta con presencia internacional, respaldada por<strong>alta calidad<\/strong>, <strong>especializaci\u00f3n<\/strong>, <strong>singularidad y elegancia de sus percheros<\/strong>, que atraen el inter\u00e9s de los nombres m\u00e1s famosos y prestigiosos de <strong>sector de la moda<\/strong>, en Italia y en el extranjero.<\/p><p>Sus f\u00e1bricas est\u00e1n equipadas con almacenes y almacenes propios. <strong>Completamente disponible para los clientes para el almacenamiento de productos.<\/strong>, adapt\u00e1ndonos a las necesidades espec\u00edficas de cada individuo. Esta organizaci\u00f3n permite a Ser-Viz satisfacer r\u00e1pidamente incluso las solicitudes m\u00e1s urgentes, gracias a un <strong>sistema log\u00edstico interno eficaz<\/strong>.<\/p><p>La atenci\u00f3n hacia<b>ecolog\u00eda<\/b> impuls\u00f3 a la empresa hacia la producci\u00f3n de perchas hechas con <b>materiales ecosostenibles<\/b> o con bajo impacto ambiental, ofreciendo una <b>producto innovador<\/b> y apreciado por su singularidad.<\/p><p>Adem\u00e1s, Ser-Viz ha adoptado el imperativo de sostenibilidad en sus acabados cl\u00e1sicos, como el <b>aterciopelado <\/b>y el <b>cuadro <\/b>de perchas, optando por utilizar <b>Materiales no t\u00f3xicos y de bajo impacto ambiental.<\/b>, en l\u00ednea con su filosof\u00eda corporativa.<\/p><\/div><\/div><\/div>\t\t\t\t\t\t<\/div>\n\t\t\t\t<\/div>\n\t\t\t\t\t<\/div>\n\t\t<\/div>\n\t\t\t\t\t<\/div>\n\t\t<\/section>\n\t\t\t\t<section class=\"elementor-section elementor-top-section elementor-element elementor-element-f1f9eda elementor-section-content-middle elementor-section-boxed elementor-section-height-default elementor-section-height-default\" data-id=\"f1f9eda\" data-element_type=\"section\">\n\t\t\t\t\t\t<div class=\"elementor-container elementor-column-gap-default\">\n\t\t\t\t\t<div class=\"elementor-column elementor-col-50 elementor-top-column elementor-element elementor-element-d68fe7d\" data-id=\"d68fe7d\" data-element_type=\"column\">\n\t\t\t<div class=\"elementor-column-wrap--d68fe7d elementor-widget-wrap elementor-element-populated\">\n\t\t\t\t\t\t<div class=\"elementor-element elementor-element-dd6fead elementor-widget__width-initial elementor-widget elementor-widget-image\" data-id=\"dd6fead\" data-element_type=\"widget\" data-widget_type=\"image.default\">\n\t\t\t\t<div class=\"elementor-widget-container\">\n\t\t\t<style>\/*! elementor - v3.19.0 - 28-02-2024 *\/\n.elementor-widget-image{text-align:center}.elementor-widget-image a{display:inline-block}.elementor-widget-image a img[src$=\".svg\"]{width:48px}.elementor-widget-image img{vertical-align:middle;display:inline-block}<\/style>\t\t\t\t\t\t\t\t\t\t<img fetchpriority=\"high\" decoding=\"async\" width=\"1024\" height=\"772\" src=\"https:\/\/www.ser-viz.com\/wp-content\/uploads\/2024\/05\/serviz-quality.jpg\" class=\"attachment-large size-large wp-image-1580\" alt=\"\" srcset=\"https:\/\/www.ser-viz.com\/wp-content\/uploads\/2024\/05\/serviz-quality.jpg 1024w, https:\/\/www.ser-viz.com\/wp-content\/uploads\/2024\/05\/serviz-quality-300x226.jpg 300w, https:\/\/www.ser-viz.com\/wp-content\/uploads\/2024\/05\/serviz-quality-768x579.jpg 768w, https:\/\/www.ser-viz.com\/wp-content\/uploads\/2024\/05\/serviz-quality-16x12.jpg 16w, https:\/\/www.ser-viz.com\/wp-content\/uploads\/2024\/05\/serviz-quality-1000x754.jpg 1000w\" sizes=\"(max-width: 1024px) 100vw, 1024px\" \/>\t\t\t\t\t\t\t\t\t\t\t\t\t<\/div>\n\t\t\t\t<\/div>\n\t\t\t\t\t<\/div>\n\t\t<\/div>\n\t\t\t\t<div class=\"elementor-column elementor-col-50 elementor-top-column elementor-element elementor-element-0a6aee5\" data-id=\"0a6aee5\" data-element_type=\"column\">\n\t\t\t<div class=\"elementor-column-wrap--0a6aee5 elementor-widget-wrap elementor-element-populated\">\n\t\t\t\t\t\t<div class=\"elementor-element elementor-element-68ae0d6 elementor-widget elementor-widget-heading\" data-id=\"68ae0d6\" data-element_type=\"widget\" data-widget_type=\"heading.default\">\n\t\t\t\t<div class=\"elementor-widget-container\">\n\t\t\t<h2 class=\"elementor-heading-title elementor-size-default\">Excelencia el valor de la calidad.<\/h2>\t\t<\/div>\n\t\t\t\t<\/div>\n\t\t\t\t<div class=\"elementor-element elementor-element-a50596c elementor-widget elementor-widget-text-editor\" data-id=\"a50596c\" data-element_type=\"widget\" data-widget_type=\"text-editor.default\">\n\t\t\t\t<div class=\"elementor-widget-container\">\n\t\t\t\t\t\t\t<p><span style=\"background-color: var(--body-bg-color); color: var(--body-color); font-family: var(--body-font-family),sans-serif; font-size: 1.125rem; font-weight: var(--body-font-weight,400);\">Ser-Viz cuenta con una <\/span><span style=\"background-color: var(--body-bg-color); color: var(--body-color); font-family: var(--body-font-family),sans-serif; font-size: 1.125rem;\"><b>presencia internacional<\/b><\/span><span style=\"background-color: var(--body-bg-color); color: var(--body-color); font-family: var(--body-font-family),sans-serif; font-size: 1.125rem; font-weight: var(--body-font-weight,400);\">, respaldada por la alta calidad, especializaci\u00f3n, singularidad y elegancia de su gente <\/span><span style=\"background-color: var(--body-bg-color); color: var(--body-color); font-family: var(--body-font-family),sans-serif; font-size: 1.125rem;\"><b>perchas de ropa<\/b><\/span><span style=\"background-color: var(--body-bg-color); color: var(--body-color); font-family: var(--body-font-family),sans-serif; font-size: 1.125rem; font-weight: var(--body-font-weight,400);\">, Eso <\/span><span style=\"background-color: var(--body-bg-color); color: var(--body-color); font-family: var(--body-font-family),sans-serif; font-size: 1.125rem;\"><b>atraer el inter\u00e9s de los nombres m\u00e1s famosos y prestigiosos de la industria de la moda<\/b><\/span><span style=\"background-color: var(--body-bg-color); color: var(--body-color); font-family: var(--body-font-family),sans-serif; font-size: 1.125rem; font-weight: var(--body-font-weight,400);\">, en Italia y en el extranjero.<\/span><\/p>\t\t\t\t\t\t<\/div>\n\t\t\t\t<\/div>\n\t\t\t\t\t<\/div>\n\t\t<\/div>\n\t\t\t\t\t<\/div>\n\t\t<\/section>\n\t\t\t\t<section class=\"elementor-section elementor-top-section elementor-element elementor-element-4b3d12a elementor-section-content-middle elementor-section-boxed elementor-section-height-default elementor-section-height-default\" data-id=\"4b3d12a\" data-element_type=\"section\">\n\t\t\t\t\t\t<div class=\"elementor-container elementor-column-gap-default\">\n\t\t\t\t\t<div class=\"elementor-column elementor-col-50 elementor-top-column elementor-element elementor-element-b6a74b0\" data-id=\"b6a74b0\" data-element_type=\"column\">\n\t\t\t<div class=\"elementor-column-wrap--b6a74b0 elementor-widget-wrap elementor-element-populated\">\n\t\t\t\t\t\t<div class=\"elementor-element elementor-element-e4f9ac6 elementor-widget elementor-widget-heading\" data-id=\"e4f9ac6\" data-element_type=\"widget\" data-widget_type=\"heading.default\">\n\t\t\t\t<div class=\"elementor-widget-container\">\n\t\t\t<h2 class=\"elementor-heading-title elementor-size-default\">Producci\u00f3n y almacenamiento completos<\/h2>\t\t<\/div>\n\t\t\t\t<\/div>\n\t\t\t\t<div class=\"elementor-element elementor-element-b5a51be elementor-widget elementor-widget-text-editor\" data-id=\"b5a51be\" data-element_type=\"widget\" data-widget_type=\"text-editor.default\">\n\t\t\t\t<div class=\"elementor-widget-container\">\n\t\t\t\t\t\t\t<p><b>Las f\u00e1bricas de Ser-Viz respaldan todas las fases de producci\u00f3n<\/b>: desde el moldeado hasta la pintura, pasando por el embalaje y el almacenamiento. Los almacenes, dedicados a los clientes, nos permiten adaptarnos a las necesidades espec\u00edficas y responder r\u00e1pidamente a las solicitudes m\u00e1s urgentes gracias a un eficiente sistema log\u00edstico interno.<\/p>\t\t\t\t\t\t<\/div>\n\t\t\t\t<\/div>\n\t\t\t\t\t<\/div>\n\t\t<\/div>\n\t\t\t\t<div class=\"elementor-column elementor-col-50 elementor-top-column elementor-element elementor-element-74a960d\" data-id=\"74a960d\" data-element_type=\"column\">\n\t\t\t<div class=\"elementor-column-wrap--74a960d elementor-widget-wrap elementor-element-populated\">\n\t\t\t\t\t\t<div class=\"elementor-element elementor-element-de97ea1 elementor-widget__width-initial elementor-widget elementor-widget-image\" data-id=\"de97ea1\" data-element_type=\"widget\" data-widget_type=\"image.default\">\n\t\t\t\t<div class=\"elementor-widget-container\">\n\t\t\t\t\t\t\t\t\t\t\t\t\t<img decoding=\"async\" width=\"1024\" height=\"772\" src=\"https:\/\/www.ser-viz.com\/wp-content\/uploads\/2024\/06\/serviz-building.jpg\" class=\"attachment-large size-large wp-image-1702\" alt=\"\" srcset=\"https:\/\/www.ser-viz.com\/wp-content\/uploads\/2024\/06\/serviz-building.jpg 1024w, https:\/\/www.ser-viz.com\/wp-content\/uploads\/2024\/06\/serviz-building-300x226.jpg 300w, https:\/\/www.ser-viz.com\/wp-content\/uploads\/2024\/06\/serviz-building-768x579.jpg 768w, https:\/\/www.ser-viz.com\/wp-content\/uploads\/2024\/06\/serviz-building-16x12.jpg 16w, https:\/\/www.ser-viz.com\/wp-content\/uploads\/2024\/06\/serviz-building-1000x754.jpg 1000w\" sizes=\"(max-width: 1024px) 100vw, 1024px\" \/>\t\t\t\t\t\t\t\t\t\t\t\t\t<\/div>\n\t\t\t\t<\/div>\n\t\t\t\t\t<\/div>\n\t\t<\/div>\n\t\t\t\t\t<\/div>\n\t\t<\/section>\n\t\t\t\t<\/div>","protected":false},"excerpt":{"rendered":"<p>ESTE ES NUESTRO STORIASER-VIZ, El colgador Made in Italy SER-VIZ EL PERCHA MADE IN ITALY \u201cLa pasi\u00f3n por la excelencia y un compromiso constante con la innovaci\u00f3n han impulsado la expansi\u00f3n de la empresa, llev\u00e1ndola a trasladarse a unas instalaciones m\u00e1s grandes, dise\u00f1adas para satisfacer las crecientes necesidades de producci\u00f3n y almacenamiento\u201d. Fundada en 1972 por Tiziano Vizzardi, Ser-Viz surge como una empresa [\u2026]<\/p>","protected":false},"author":1,"featured_media":0,"parent":0,"menu_order":0,"comment_status":"closed","ping_status":"closed","template":"template-builder.php","meta":{"footnotes":""},"class_list":["post-185","page","type-page","status-publish","hentry"],"acf":[],"_links":{"self":[{"href":"https:\/\/www.ser-viz.com\/es\/wp-json\/wp\/v2\/pages\/185","targetHints":{"allow":["GET"]}}],"collection":[{"href":"https:\/\/www.ser-viz.com\/es\/wp-json\/wp\/v2\/pages"}],"about":[{"href":"https:\/\/www.ser-viz.com\/es\/wp-json\/wp\/v2\/types\/page"}],"author":[{"embeddable":true,"href":"https:\/\/www.ser-viz.com\/es\/wp-json\/wp\/v2\/users\/1"}],"replies":[{"embeddable":true,"href":"https:\/\/www.ser-viz.com\/es\/wp-json\/wp\/v2\/comments?post=185"}],"version-history":[{"count":57,"href":"https:\/\/www.ser-viz.com\/es\/wp-json\/wp\/v2\/pages\/185\/revisions"}],"predecessor-version":[{"id":1711,"href":"https:\/\/www.ser-viz.com\/es\/wp-json\/wp\/v2\/pages\/185\/revisions\/1711"}],"wp:attachment":[{"href":"https:\/\/www.ser-viz.com\/es\/wp-json\/wp\/v2\/media?parent=185"}],"curies":[{"name":"wp","href":"https:\/\/api.w.org\/{rel}","templated":true}]}}