{"id":1551,"date":"2024-04-24T18:37:56","date_gmt":"2024-04-24T16:37:56","guid":{"rendered":"https:\/\/www.ser-viz.com\/cookie-policy-ue\/"},"modified":"2024-04-24T18:37:56","modified_gmt":"2024-04-24T16:37:56","slug":"cookie-policy-ue","status":"publish","type":"page","link":"https:\/\/www.ser-viz.com\/es\/cookie-policy-ue\/","title":{"rendered":"Pol\u00edtica de cookies (UE)"},"content":{"rendered":"<!-- Legal document generated by Complianz | GDPR\/CCPA Cookie Consent https:\/\/wordpress.org\/plugins\/complianz-gdpr -->\n<div id=\"cmplz-document\" class=\"cmplz-document cookie-statement cmplz-document-eu\"><p><i>Esta pol\u00edtica de cookies se actualiz\u00f3 por \u00faltima vez el 24 de abril de 2024 y se aplica a ciudadanos y residentes legales permanentes del Espacio Econ\u00f3mico Europeo y Suiza.<\/i><br><\/p><h2>1. Introducci\u00f3n<\/h2><p>nuestra web, <a href=\"https:\/\/www.ser-viz.com\/es\">https:\/\/www.ser-viz.com\/es<\/a> (en adelante: \u00abla web\u00bb) utiliza cookies y otras tecnolog\u00edas relacionadas (para mayor comodidad, todas las tecnolog\u00edas se denominan \u00abcookies\u00bb). Las cookies tambi\u00e9n las colocan terceros que compramos. En el siguiente documento le informamos sobre el uso de cookies en nuestro sitio web.<\/p><h2>2. \u00bfQu\u00e9 son las cookies?<\/h2><p>Una cookie es un peque\u00f1o archivo que se env\u00eda junto con las p\u00e1ginas de este sitio web y que usted almacena en el disco duro de su ordenador u otro dispositivo. La informaci\u00f3n almacenada puede ser entregada a nuestros servidores o a terceros durante una visita posterior.<\/p><h2>3. \u00bfQu\u00e9 son los guiones?<\/h2><p>Un script es un fragmento de c\u00f3digo de programa que se utiliza para que nuestro sitio web funcione de forma correcta e interactiva. Este c\u00f3digo se ejecuta en nuestro servidor o en su dispositivo.<\/p><h2>4. \u00bfQu\u00e9 es un navegador web?<\/h2><p>Una pantalla web (o etiqueta de p\u00edxel) es un fragmento de texto o imagen peque\u00f1o e invisible en una web que se utiliza para monitorear el tr\u00e1fico en una web. Por este motivo, en estos sitios web se almacenan diversos datos.<\/p><h2>5. Galletas<\/h2><p class=\"cmplz-subtitle\">5.1 Cookies t\u00e9cnicas o funcionales<\/p><p>Algunas cookies garantizan que determinadas partes de la web funcionen correctamente y que se registren sus preferencias de usuario. Al colocar cookies funcionales, le facilitamos la visita a nuestro sitio web. De esta forma, no es necesario introducir repetidamente los mismos datos cuando visitas nuestra web y, por ejemplo, los art\u00edculos permanecen en tu cesta de la compra hasta que hayas pagado. Podemos colocar estas cookies sin su consentimiento.<\/p><p class=\"cmplz-subtitle\">5.2 Cookies de estado<\/p><p>Utilizamos cookies estad\u00edsticas para optimizar la experiencia web de nuestros usuarios. Con estas cookies obtenemos informaci\u00f3n sobre el uso de nuestro sitio web. Les pedimos permiso para colocar galletas de verano.<\/p><p class=\"cmplz-subtitle\">5.3 Cookies de marketing\/seguimiento<\/p><p>Las cookies de marketing\/seguimiento son cookies, o cualquier otra forma de almacenamiento local, que se utilizan para crear perfiles de usuario para su visualizaci\u00f3n p\u00fablica o para realizar el seguimiento de los usuarios en esta web o en diversas webs con finalidades similares de marketing.<\/p><h2>6. Cookies utilizadas<\/h2><div id=\"cmplz-cookies-overview\"><details class=\"cmplz-dropdown cmplz-service-desc cmplz-dropdown-cookiepolicy\">\n\t<summary class=\"cmplz-service-header\"><div>\n\t\t<h3>WordPress<\/h3>\n\t\t<p>Funcional<\/p>\n\t\t<label for=\"cmplz_service_wordpress\" class=\"cmplz_consent_per_service_label\"><span class=\"screen-reader-text\">Consentimiento para el servicio de WordPress.<\/span><\/label>\n\t\t<input type=\"checkbox\" id=\"cmplz_service_wordpress\" class=\"cmplz-accept-service cmplz-hidden\" data-service=\"wordpress\" data-category=\"functional\"><\/div>\n\t<\/summary>\n\t<div class=\"cmplz-service-description\">\n\t\t<h4>Usar<\/h4>\n\t\t<p><\/p>\n\t<\/div>\n\t<div class=\"cmplz-sharing-data\">\n\t\t<h4>Compartir datos<\/h4>\n\t\t<p>Estos datos no se comparten con terceros.<\/p>\n\t<\/div>\n\t<div class=\"cookies-per-purpose\">\n    <div class=\"purpose\"><h4>Funcional<\/h4><\/div>\n    <div class=\"name-header\">\n\t<h5>nombre<\/h5>\n<\/div>\n<div class=\"name\"><a target=\"_blank\" rel=\"noopener noreferrer nofollow\" href=\"https:\/\/cookiedatabase.org\/cookie\/unknown-service\/wpemojisettingssupports\/\">wpEmojiConfiguraci\u00f3nSoporte<\/a><\/div>\n<div class=\"retention-header\">\n\t<h5>Confianza<\/h5>\n<\/div>\n<div class=\"retention\">sesi\u00f3n<\/div>\n<div class=\"function-header\">\n\t<h5>Funci\u00f3n<\/h5>\n<\/div>\n<div class=\"function\">Mira los detalles del navegador.<\/div>\n<div class=\"name-header\">\n\t<h5>nombre<\/h5>\n<\/div>\n<div class=\"name\"><a target=\"_blank\" rel=\"noopener noreferrer nofollow\" href=\"https:\/\/cookiedatabase.org\/cookie\/unknown-service\/wordpress_test_cookie\/\">cookie_test_wordpress<\/a><\/div>\n<div class=\"retention-header\">\n\t<h5>Confianza<\/h5>\n<\/div>\n<div class=\"retention\">sesi\u00f3n<\/div>\n<div class=\"function-header\">\n\t<h5>Funci\u00f3n<\/h5>\n<\/div>\n<div class=\"function\">Comprueba si puedes instalar cookies<\/div>\n<div class=\"name-header\">\n\t<h5>nombre<\/h5>\n<\/div>\n<div class=\"name\"><a target=\"_blank\" rel=\"noopener noreferrer nofollow\" href=\"https:\/\/cookiedatabase.org\/cookie\/unknown-service\/wp-settings\/\">configuraci\u00f3n-wp-*<\/a><\/div>\n<div class=\"retention-header\">\n\t<h5>Confianza<\/h5>\n<\/div>\n<div class=\"retention\">persistente<\/div>\n<div class=\"function-header\">\n\t<h5>Funci\u00f3n<\/h5>\n<\/div>\n<div class=\"function\">Mira las preferencias de los usuarios.<\/div>\n<div class=\"name-header\">\n\t<h5>nombre<\/h5>\n<\/div>\n<div class=\"name\"><a target=\"_blank\" rel=\"noopener noreferrer nofollow\" href=\"https:\/\/cookiedatabase.org\/cookie\/unknown-service\/wp-settings-time\/\">wp-configuraci\u00f3n-hora-*<\/a><\/div>\n<div class=\"retention-header\">\n\t<h5>Confianza<\/h5>\n<\/div>\n<div class=\"retention\">1 a\u00f1o<\/div>\n<div class=\"function-header\">\n\t<h5>Funci\u00f3n<\/h5>\n<\/div>\n<div class=\"function\">Mira las preferencias de los usuarios.<\/div>\n<div class=\"name-header\">\n\t<h5>nombre<\/h5>\n<\/div>\n<div class=\"name\"><a target=\"_blank\" rel=\"noopener noreferrer nofollow\" href=\"https:\/\/cookiedatabase.org\/cookie\/unknown-service\/wordpress_logged_in_\/\">wordpress_logged_in_*<\/a><\/div>\n<div class=\"retention-header\">\n\t<h5>Confianza<\/h5>\n<\/div>\n<div class=\"retention\">persistente<\/div>\n<div class=\"function-header\">\n\t<h5>Funci\u00f3n<\/h5>\n<\/div>\n<div class=\"function\">Mantener usuarios logeados<\/div>\n\n<\/div>\n<\/details>\n<details class=\"cmplz-dropdown cmplz-service-desc cmplz-dropdown-cookiepolicy\">\n\t<summary class=\"cmplz-service-header\"><div>\n\t\t<h3>Fuente Buster JS<\/h3>\n\t\t<p>Estad\u00edsticas<\/p>\n\t\t<label for=\"cmplz_service_sourcebuster-js\" class=\"cmplz_consent_per_service_label\"><span class=\"screen-reader-text\">Consentimiento para el servicio sourcebuster-js<\/span><\/label>\n\t\t<input type=\"checkbox\" id=\"cmplz_service_sourcebuster-js\" class=\"cmplz-accept-service cmplz-hidden\" data-service=\"sourcebuster-js\" data-category=\"functional\"><\/div>\n\t<\/summary>\n\t<div class=\"cmplz-service-description\">\n\t\t<h4>Usar<\/h4>\n\t\t<p><\/p>\n\t<\/div>\n\t<div class=\"cmplz-sharing-data\">\n\t\t<h4>Compartir datos<\/h4>\n\t\t<p>Estos datos no se comparten con terceros.<\/p>\n\t<\/div>\n\t<div class=\"cookies-per-purpose\">\n    <div class=\"purpose\"><h4>Estad\u00edsticas<\/h4><\/div>\n    <div class=\"name-header\">\n\t<h5>nombre<\/h5>\n<\/div>\n<div class=\"name\"><a target=\"_blank\" rel=\"noopener noreferrer nofollow\" href=\"https:\/\/cookiedatabase.org\/cookie\/unknown-service\/sbjs_migrations\/\">sbjs_migrations<\/a><\/div>\n<div class=\"retention-header\">\n\t<h5>Confianza<\/h5>\n<\/div>\n<div class=\"retention\">6 meses<\/div>\n<div class=\"function-header\">\n\t<h5>Funci\u00f3n<\/h5>\n<\/div>\n<div class=\"function\"><\/div>\n<div class=\"name-header\">\n\t<h5>nombre<\/h5>\n<\/div>\n<div class=\"name\"><a target=\"_blank\" rel=\"noopener noreferrer nofollow\" href=\"https:\/\/cookiedatabase.org\/cookie\/unknown-service\/sbjs_first_add\/\">sbjs_first_add<\/a><\/div>\n<div class=\"retention-header\">\n\t<h5>Confianza<\/h5>\n<\/div>\n<div class=\"retention\">6 meses<\/div>\n<div class=\"function-header\">\n\t<h5>Funci\u00f3n<\/h5>\n<\/div>\n<div class=\"function\"><\/div>\n<div class=\"name-header\">\n\t<h5>nombre<\/h5>\n<\/div>\n<div class=\"name\"><a target=\"_blank\" rel=\"noopener noreferrer nofollow\" href=\"https:\/\/cookiedatabase.org\/cookie\/unknown-service\/sbjs_current\/\">sbjs_actual<\/a><\/div>\n<div class=\"retention-header\">\n\t<h5>Confianza<\/h5>\n<\/div>\n<div class=\"retention\">6 meses<\/div>\n<div class=\"function-header\">\n\t<h5>Funci\u00f3n<\/h5>\n<\/div>\n<div class=\"function\">Mira los detalles del navegador.<\/div>\n<div class=\"name-header\">\n\t<h5>nombre<\/h5>\n<\/div>\n<div class=\"name\"><a target=\"_blank\" rel=\"noopener noreferrer nofollow\" href=\"https:\/\/cookiedatabase.org\/cookie\/unknown-service\/sbjs_first\/\">sbjs_primero<\/a><\/div>\n<div class=\"retention-header\">\n\t<h5>Confianza<\/h5>\n<\/div>\n<div class=\"retention\">6 meses<\/div>\n<div class=\"function-header\">\n\t<h5>Funci\u00f3n<\/h5>\n<\/div>\n<div class=\"function\"><\/div>\n<div class=\"name-header\">\n\t<h5>nombre<\/h5>\n<\/div>\n<div class=\"name\"><a target=\"_blank\" rel=\"noopener noreferrer nofollow\" href=\"https:\/\/cookiedatabase.org\/cookie\/unknown-service\/sbjs_session\/\">sesi\u00f3n_sbjs<\/a><\/div>\n<div class=\"retention-header\">\n\t<h5>Confianza<\/h5>\n<\/div>\n<div class=\"retention\"><\/div>\n<div class=\"function-header\">\n\t<h5>Funci\u00f3n<\/h5>\n<\/div>\n<div class=\"function\"><\/div>\n\n<\/div>\n<\/details>\n<details class=\"cmplz-dropdown cmplz-service-desc cmplz-dropdown-cookiepolicy\">\n\t<summary class=\"cmplz-service-header\"><div>\n\t\t<h3>Varios<\/h3>\n\t\t<p>Estad\u00edsticas<\/p>\n\t\t<label for=\"cmplz_service_varios\" class=\"cmplz_consent_per_service_label\"><span class=\"screen-reader-text\">Consentimiento para el servicio varios<\/span><\/label>\n\t\t<input type=\"checkbox\" id=\"cmplz_service_varios\" class=\"cmplz-accept-service cmplz-hidden\" data-service=\"varios\" data-category=\"functional\"><\/div>\n\t<\/summary>\n\t<div class=\"cmplz-service-description\">\n\t\t<h4>Usar<\/h4>\n\t\t<p><\/p>\n\t<\/div>\n\t<div class=\"cmplz-sharing-data\">\n\t\t<h4>Compartir datos<\/h4>\n\t\t<p>El intercambio de datos est\u00e1 pendiente de investigaci\u00f3n.<\/p>\n\t<\/div>\n\t<div class=\"cookies-per-purpose\">\n    <div class=\"purpose\"><h4>Estad\u00edsticas<\/h4><\/div>\n    <div class=\"name-header\">\n\t<h5>nombre<\/h5>\n<\/div>\n<div class=\"name\"><a target=\"_blank\" rel=\"noopener noreferrer nofollow\" href=\"https:\/\/cookiedatabase.org\/cookie\/unknown-service\/sbjs_current_add\/\">sbjs_current_add<\/a><\/div>\n<div class=\"retention-header\">\n\t<h5>Confianza<\/h5>\n<\/div>\n<div class=\"retention\">6 meses<\/div>\n<div class=\"function-header\">\n\t<h5>Funci\u00f3n<\/h5>\n<\/div>\n<div class=\"function\"><\/div>\n<div class=\"name-header\">\n\t<h5>nombre<\/h5>\n<\/div>\n<div class=\"name\"><a target=\"_blank\" rel=\"noopener noreferrer nofollow\" href=\"https:\/\/cookiedatabase.org\/cookie\/unknown-service\/sbjs_udata\/\">sbjs_udata<\/a><\/div>\n<div class=\"retention-header\">\n\t<h5>Confianza<\/h5>\n<\/div>\n<div class=\"retention\">6 meses<\/div>\n<div class=\"function-header\">\n\t<h5>Funci\u00f3n<\/h5>\n<\/div>\n<div class=\"function\"><\/div>\n\n<\/div><div class=\"cookies-per-purpose\">\n    <div class=\"purpose\"><h4>Propuesta de investigaci\u00f3n pendiente<\/h4><\/div>\n    <div class=\"name-header\">\n\t<h5>nombre<\/h5>\n<\/div>\n<div class=\"name\">cmplz_funcional<\/div>\n<div class=\"retention-header\">\n\t<h5>Confianza<\/h5>\n<\/div>\n<div class=\"retention\">365 dias<\/div>\n<div class=\"function-header\">\n\t<h5>Funci\u00f3n<\/h5>\n<\/div>\n<div class=\"function\"><\/div>\n<div class=\"name-header\">\n\t<h5>nombre<\/h5>\n<\/div>\n<div class=\"name\">cmplz_estad\u00edsticas<\/div>\n<div class=\"retention-header\">\n\t<h5>Confianza<\/h5>\n<\/div>\n<div class=\"retention\">365 dias<\/div>\n<div class=\"function-header\">\n\t<h5>Funci\u00f3n<\/h5>\n<\/div>\n<div class=\"function\"><\/div>\n<div class=\"name-header\">\n\t<h5>nombre<\/h5>\n<\/div>\n<div class=\"name\">cmplz_preferencias<\/div>\n<div class=\"retention-header\">\n\t<h5>Confianza<\/h5>\n<\/div>\n<div class=\"retention\">365 dias<\/div>\n<div class=\"function-header\">\n\t<h5>Funci\u00f3n<\/h5>\n<\/div>\n<div class=\"function\"><\/div>\n<div class=\"name-header\">\n\t<h5>nombre<\/h5>\n<\/div>\n<div class=\"name\">cmplz_marketing<\/div>\n<div class=\"retention-header\">\n\t<h5>Confianza<\/h5>\n<\/div>\n<div class=\"retention\">365 dias<\/div>\n<div class=\"function-header\">\n\t<h5>Funci\u00f3n<\/h5>\n<\/div>\n<div class=\"function\"><\/div>\n<div class=\"name-header\">\n\t<h5>nombre<\/h5>\n<\/div>\n<div class=\"name\">e_globals<\/div>\n<div class=\"retention-header\">\n\t<h5>Confianza<\/h5>\n<\/div>\n<div class=\"retention\"><\/div>\n<div class=\"function-header\">\n\t<h5>Funci\u00f3n<\/h5>\n<\/div>\n<div class=\"function\"><\/div>\n<div class=\"name-header\">\n\t<h5>nombre<\/h5>\n<\/div>\n<div class=\"name\">elementor<\/div>\n<div class=\"retention-header\">\n\t<h5>Confianza<\/h5>\n<\/div>\n<div class=\"retention\"><\/div>\n<div class=\"function-header\">\n\t<h5>Funci\u00f3n<\/h5>\n<\/div>\n<div class=\"function\"><\/div>\n<div class=\"name-header\">\n\t<h5>nombre<\/h5>\n<\/div>\n<div class=\"name\">acf<\/div>\n<div class=\"retention-header\">\n\t<h5>Confianza<\/h5>\n<\/div>\n<div class=\"retention\"><\/div>\n<div class=\"function-header\">\n\t<h5>Funci\u00f3n<\/h5>\n<\/div>\n<div class=\"function\"><\/div>\n<div class=\"name-header\">\n\t<h5>nombre<\/h5>\n<\/div>\n<div class=\"name\">e_kit-elementos-predeterminados<\/div>\n<div class=\"retention-header\">\n\t<h5>Confianza<\/h5>\n<\/div>\n<div class=\"retention\"><\/div>\n<div class=\"function-header\">\n\t<h5>Funci\u00f3n<\/h5>\n<\/div>\n<div class=\"function\"><\/div>\n<div class=\"name-header\">\n\t<h5>nombre<\/h5>\n<\/div>\n<div class=\"name\">reycore\/infinite_cleanup<\/div>\n<div class=\"retention-header\">\n\t<h5>Confianza<\/h5>\n<\/div>\n<div class=\"retention\"><\/div>\n<div class=\"function-header\">\n\t<h5>Funci\u00f3n<\/h5>\n<\/div>\n<div class=\"function\"><\/div>\n<div class=\"name-header\">\n\t<h5>nombre<\/h5>\n<\/div>\n<div class=\"name\">_ga_GRZJM2F8DS<\/div>\n<div class=\"retention-header\">\n\t<h5>Confianza<\/h5>\n<\/div>\n<div class=\"retention\"><\/div>\n<div class=\"function-header\">\n\t<h5>Funci\u00f3n<\/h5>\n<\/div>\n<div class=\"function\"><\/div>\n<div class=\"name-header\">\n\t<h5>nombre<\/h5>\n<\/div>\n<div class=\"name\">cmmplz_allowed_services<\/div>\n<div class=\"retention-header\">\n\t<h5>Confianza<\/h5>\n<\/div>\n<div class=\"retention\">365 dias<\/div>\n<div class=\"function-header\">\n\t<h5>Funci\u00f3n<\/h5>\n<\/div>\n<div class=\"function\"><\/div>\n<div class=\"name-header\">\n\t<h5>nombre<\/h5>\n<\/div>\n<div class=\"name\">cmplz_policy_id<\/div>\n<div class=\"retention-header\">\n\t<h5>Confianza<\/h5>\n<\/div>\n<div class=\"retention\">365 dias<\/div>\n<div class=\"function-header\">\n\t<h5>Funci\u00f3n<\/h5>\n<\/div>\n<div class=\"function\"><\/div>\n<div class=\"name-header\">\n\t<h5>nombre<\/h5>\n<\/div>\n<div class=\"name\">cmmplz_banner-status<\/div>\n<div class=\"retention-header\">\n\t<h5>Confianza<\/h5>\n<\/div>\n<div class=\"retention\">365 dias<\/div>\n<div class=\"function-header\">\n\t<h5>Funci\u00f3n<\/h5>\n<\/div>\n<div class=\"function\"><\/div>\n<div class=\"name-header\">\n\t<h5>nombre<\/h5>\n<\/div>\n<div class=\"name\">pys_advanced_form_data<\/div>\n<div class=\"retention-header\">\n\t<h5>Confianza<\/h5>\n<\/div>\n<div class=\"retention\"><\/div>\n<div class=\"function-header\">\n\t<h5>Funci\u00f3n<\/h5>\n<\/div>\n<div class=\"function\"><\/div>\n<div class=\"name-header\">\n\t<h5>nombre<\/h5>\n<\/div>\n<div class=\"name\">pys_session_limit<\/div>\n<div class=\"retention-header\">\n\t<h5>Confianza<\/h5>\n<\/div>\n<div class=\"retention\"><\/div>\n<div class=\"function-header\">\n\t<h5>Funci\u00f3n<\/h5>\n<\/div>\n<div class=\"function\"><\/div>\n<div class=\"name-header\">\n\t<h5>nombre<\/h5>\n<\/div>\n<div class=\"name\">pys_start_session<\/div>\n<div class=\"retention-header\">\n\t<h5>Confianza<\/h5>\n<\/div>\n<div class=\"retention\"><\/div>\n<div class=\"function-header\">\n\t<h5>Funci\u00f3n<\/h5>\n<\/div>\n<div class=\"function\"><\/div>\n<div class=\"name-header\">\n\t<h5>nombre<\/h5>\n<\/div>\n<div class=\"name\">pys_primera_visita<\/div>\n<div class=\"retention-header\">\n\t<h5>Confianza<\/h5>\n<\/div>\n<div class=\"retention\"><\/div>\n<div class=\"function-header\">\n\t<h5>Funci\u00f3n<\/h5>\n<\/div>\n<div class=\"function\"><\/div>\n<div class=\"name-header\">\n\t<h5>nombre<\/h5>\n<\/div>\n<div class=\"name\">pysTrafficSource<\/div>\n<div class=\"retention-header\">\n\t<h5>Confianza<\/h5>\n<\/div>\n<div class=\"retention\"><\/div>\n<div class=\"function-header\">\n\t<h5>Funci\u00f3n<\/h5>\n<\/div>\n<div class=\"function\"><\/div>\n<div class=\"name-header\">\n\t<h5>nombre<\/h5>\n<\/div>\n<div class=\"name\">pys_landing_page<\/div>\n<div class=\"retention-header\">\n\t<h5>Confianza<\/h5>\n<\/div>\n<div class=\"retention\"><\/div>\n<div class=\"function-header\">\n\t<h5>Funci\u00f3n<\/h5>\n<\/div>\n<div class=\"function\"><\/div>\n<div class=\"name-header\">\n\t<h5>nombre<\/h5>\n<\/div>\n<div class=\"name\">last_pysTrafficSource<\/div>\n<div class=\"retention-header\">\n\t<h5>Confianza<\/h5>\n<\/div>\n<div class=\"retention\"><\/div>\n<div class=\"function-header\">\n\t<h5>Funci\u00f3n<\/h5>\n<\/div>\n<div class=\"function\"><\/div>\n<div class=\"name-header\">\n\t<h5>nombre<\/h5>\n<\/div>\n<div class=\"name\">last_pys_landing_page<\/div>\n<div class=\"retention-header\">\n\t<h5>Confianza<\/h5>\n<\/div>\n<div class=\"retention\"><\/div>\n<div class=\"function-header\">\n\t<h5>Funci\u00f3n<\/h5>\n<\/div>\n<div class=\"function\"><\/div>\n<div class=\"name-header\">\n\t<h5>nombre<\/h5>\n<\/div>\n<div class=\"name\">_Georgia<\/div>\n<div class=\"retention-header\">\n\t<h5>Confianza<\/h5>\n<\/div>\n<div class=\"retention\"><\/div>\n<div class=\"function-header\">\n\t<h5>Funci\u00f3n<\/h5>\n<\/div>\n<div class=\"function\"><\/div>\n<div class=\"name-header\">\n\t<h5>nombre<\/h5>\n<\/div>\n<div class=\"name\">_ga_W9B8WPX0M7<\/div>\n<div class=\"retention-header\">\n\t<h5>Confianza<\/h5>\n<\/div>\n<div class=\"retention\"><\/div>\n<div class=\"function-header\">\n\t<h5>Funci\u00f3n<\/h5>\n<\/div>\n<div class=\"function\"><\/div>\n<div class=\"name-header\">\n\t<h5>nombre<\/h5>\n<\/div>\n<div class=\"name\">pbid<\/div>\n<div class=\"retention-header\">\n\t<h5>Confianza<\/h5>\n<\/div>\n<div class=\"retention\"><\/div>\n<div class=\"function-header\">\n\t<h5>Funci\u00f3n<\/h5>\n<\/div>\n<div class=\"function\"><\/div>\n<div class=\"name-header\">\n\t<h5>nombre<\/h5>\n<\/div>\n<div class=\"name\">wp_lang<\/div>\n<div class=\"retention-header\">\n\t<h5>Confianza<\/h5>\n<\/div>\n<div class=\"retention\"><\/div>\n<div class=\"function-header\">\n\t<h5>Funci\u00f3n<\/h5>\n<\/div>\n<div class=\"function\"><\/div>\n<div class=\"name-header\">\n\t<h5>nombre<\/h5>\n<\/div>\n<div class=\"name\">adobeCleanFontAdded<\/div>\n<div class=\"retention-header\">\n\t<h5>Confianza<\/h5>\n<\/div>\n<div class=\"retention\"><\/div>\n<div class=\"function-header\">\n\t<h5>Funci\u00f3n<\/h5>\n<\/div>\n<div class=\"function\"><\/div>\n\n<\/div>\n<\/details>\n<\/div><h2>7. Consentimiento<\/h2><p>Cuando visite nuestro sitio web por primera vez, le mostraremos una historia emergente con una explicaci\u00f3n sobre las cookies. Tan pronto como haga clic en &quot;Guardar preferencias&quot;, acepta que utilicemos las categor\u00edas de cookies y complementos que haya seleccionado en la ventana emergente, como se describe en esta pol\u00edtica de cookies. Puedes desactivar el uso de cookies por parte de tu navegador, pero ten en cuenta que nuestra web puede dejar de funcionar correctamente.<\/p><p class=\"cmplz-subtitle\">7.1 Gestione sus ajustes de consentimiento<\/p><div id=\"cmplz-manage-consent-container-nojavascript\">La pol\u00edtica de cookies se ha cargado sin compatibilidad con JavaScript. En AMP, puedes utilizar el bot\u00f3n de gesti\u00f3n de consentimiento en la parte inferior de la p\u00e1gina.<\/div><div id=\"cmplz-manage-consent-container\" class=\"cmplz-manage-consent-container\"><\/div><h2>8. Activaci\u00f3n\/desactivaci\u00f3n y configuraci\u00f3n de cookies<\/h2><p>Puede utilizar su navegador de Internet para eliminar las cookies de forma autom\u00e1tica o manual. Tambi\u00e9n puede especificar que no se puedan colocar determinadas cookies. Otra opci\u00f3n es cambiar la configuraci\u00f3n de su navegador de Internet para recibir un mensaje cada vez que coloque una cookie. Para obtener m\u00e1s informaci\u00f3n sobre estas opciones, consulte las instrucciones en la secci\u00f3n \u00abAyuda\u00bb de su navegador.<\/p><p>Tenga en cuenta que nuestro sitio web puede no funcionar correctamente si todas las cookies est\u00e1n desactivadas. Si encuentra las cookies en su navegador, volver\u00e1n a colocarse despu\u00e9s de su consentimiento cuando visite nuestros sitios web.<\/p><h2>9. Tenga en cuenta con respecto a sus datos personales<\/h2><p>Por favor conserve la siguiente informaci\u00f3n con respecto a sus datos personales:<\/p><ul>\n                    <li>Debes saber por qu\u00e9 se necesitan tus datos personales, qu\u00e9 pasar\u00e1 contigo y durante cu\u00e1nto tiempo los conservar\u00e1s.<\/li>\n                    <li>Derecho de acceso: Por favor, d\u00e9janos acceder a todos los datos personales que conocemos.<\/li>\n                    <li>Solicitud de rectificaci\u00f3n: Deber\u00e1s completar, rectificar, suprimir o bloquear tus datos personales cuando as\u00ed lo desees.<\/li>\n                    <li>Si damos su consentimiento para procesar sus datos, debemos revocar mi consentimiento para eliminar sus datos personales.<\/li>\n                    <li>Solicite la transferencia de sus datos: solicite todos sus datos personales al responsable del tratamiento y transfi\u00e9ralos \u00edntegramente a otro responsable del tratamiento.<\/li>\n                    <li>Derecho de opini\u00f3n: puedes oponerte al tratamiento de tus datos. Estamos satisfechos con esto, a menos que existan razones justificables para el proceso.<\/li>\n                <\/ul><p>Para solicitarlos a continuaci\u00f3n, cont\u00e1ctenos. Consulte los datos de contacto al final de esta pol\u00edtica de cookies. Tenemos una duda sobre c\u00f3mo gestionamos tus datos, nos gustar\u00eda que la supieras, pero tambi\u00e9n te pedimos que env\u00edes una pregunta a la autoridad de control (la autoridad de protecci\u00f3n de datos).<\/p><h2>10. Datos de contacto<\/h2><p>Para consultas y\/o comentarios sobre nuestra pol\u00edtica de cookies y esta declaraci\u00f3n, por favor p\u00f3ngase en contacto con nosotros utilizando los siguientes datos de contacto:<\/p><p><span class=\"cmplz-contact-organisation\">Ser-Viz Italia<\/span><br>\n                      <span class=\"cmplz-contact-address\">Via Aldo Kupfer, 41<br \/>\n25036 Palazzolo S\/O<br \/>\nBrescia<\/span><br>\n                      <span class=\"cmplz-contact-country\">Italia<\/span><br>\n                    Web: <span class=\"cmplz-contact-domain\"><a href=\"https:\/\/www.ser-viz.com\/es\">https:\/\/www.ser-viz.com\/es<\/a><\/span><br>\n                    Correo Electr\u00f3nico: <span class=\"cmplz-contact-email\">s&#105;m&#111;na&#064;&#115;&#101;r&#045;&#118;&#105;&#122;.co&#109;<\/span><br>\n                    <span class=\"cmplz-contact-telephone\">N\u00famero de tel\u00e9fono: +39 030 740 2902<\/span><\/p><p>Esta pol\u00edtica de cookies se ha sincronizado con <a href=\"https:\/\/cookiedatabase.org\/\" target=\"_blank\">cookiedatabase.org<\/a> 31 de mayo de 2024.<\/p><\/div>","protected":false},"excerpt":{"rendered":"","protected":false},"author":1,"featured_media":0,"parent":0,"menu_order":0,"comment_status":"closed","ping_status":"closed","template":"","meta":{"footnotes":""},"class_list":["post-1551","page","type-page","status-publish","hentry"],"acf":[],"_links":{"self":[{"href":"https:\/\/www.ser-viz.com\/es\/wp-json\/wp\/v2\/pages\/1551","targetHints":{"allow":["GET"]}}],"collection":[{"href":"https:\/\/www.ser-viz.com\/es\/wp-json\/wp\/v2\/pages"}],"about":[{"href":"https:\/\/www.ser-viz.com\/es\/wp-json\/wp\/v2\/types\/page"}],"author":[{"embeddable":true,"href":"https:\/\/www.ser-viz.com\/es\/wp-json\/wp\/v2\/users\/1"}],"replies":[{"embeddable":true,"href":"https:\/\/www.ser-viz.com\/es\/wp-json\/wp\/v2\/comments?post=1551"}],"version-history":[{"count":0,"href":"https:\/\/www.ser-viz.com\/es\/wp-json\/wp\/v2\/pages\/1551\/revisions"}],"wp:attachment":[{"href":"https:\/\/www.ser-viz.com\/es\/wp-json\/wp\/v2\/media?parent=1551"}],"curies":[{"name":"wp","href":"https:\/\/api.w.org\/{rel}","templated":true}]}}