{"id":719,"date":"2024-03-10T18:32:14","date_gmt":"2024-03-10T17:32:14","guid":{"rendered":"https:\/\/www.ser-viz.com\/?post_type=product&#038;p=719"},"modified":"2024-04-16T18:02:21","modified_gmt":"2024-04-16T16:02:21","slug":"bags","status":"publish","type":"product","link":"https:\/\/www.ser-viz.com\/de\/product\/bags\/","title":{"rendered":"MANUELLE K\u00c4UFER"},"content":{"rendered":"","protected":false},"excerpt":{"rendered":"<p>Papier <strong>ANLEITUNGEN<\/strong><\/p>\n<p>Manuelle Shopper sind ideal f\u00fcr wertvolle Verpackungen und Produkte. Die manuellen Shopper sind aus normalem oder beschichtetem Papier, aus Recyclingpapier oder aus hochwertigem Karton erh\u00e4ltlich und werden von Hand von Mitarbeitern fertiggestellt, die das Papier an vorgepr\u00e4gten Falten falten. L\u00f6cher zum Einsetzen von Griffen oder Schultergurten bohren; Sie f\u00fcgen verst\u00e4rkende B\u00f6den ein, um die Tragf\u00e4higkeit zu erh\u00f6hen, und erzeugen gebogene Kanten an der \u00d6ffnung f\u00fcr ein besseres \u00e4sthetisches Ergebnis.<\/p>\n<p>Zur Personalisierung und Veredelung manueller Taschen<br \/>\nSie k\u00f6nnen zwischen mattem oder gl\u00e4nzendem Kunststoff, Hei\u00df- oder Trockendruck und Griffen aus Baumwolle, Ripsband oder glattem oder Fischgr\u00e4tenband w\u00e4hlen.<\/p>","protected":false},"featured_media":720,"template":"","meta":[],"product_cat":[81],"product_tag":[],"class_list":{"0":"post-719","1":"product","2":"type-product","3":"status-publish","4":"has-post-thumbnail","6":"product_cat-shopper","8":"first","9":"instock","10":"shipping-taxable","11":"product-type-simple","swatches":"rey-swatches","show_selected":"","stretch_labels":"rey-swatches--stretch-labels"},"acf":[],"_links":{"self":[{"href":"https:\/\/www.ser-viz.com\/de\/wp-json\/wp\/v2\/product\/719","targetHints":{"allow":["GET"]}}],"collection":[{"href":"https:\/\/www.ser-viz.com\/de\/wp-json\/wp\/v2\/product"}],"about":[{"href":"https:\/\/www.ser-viz.com\/de\/wp-json\/wp\/v2\/types\/product"}],"wp:featuredmedia":[{"embeddable":true,"href":"https:\/\/www.ser-viz.com\/de\/wp-json\/wp\/v2\/media\/720"}],"wp:attachment":[{"href":"https:\/\/www.ser-viz.com\/de\/wp-json\/wp\/v2\/media?parent=719"}],"wp:term":[{"taxonomy":"product_cat","embeddable":true,"href":"https:\/\/www.ser-viz.com\/de\/wp-json\/wp\/v2\/product_cat?post=719"},{"taxonomy":"product_tag","embeddable":true,"href":"https:\/\/www.ser-viz.com\/de\/wp-json\/wp\/v2\/product_tag?post=719"}],"curies":[{"name":"wp","href":"https:\/\/api.w.org\/{rel}","templated":true}]}}