{"id":1192,"date":"2024-04-16T18:47:17","date_gmt":"2024-04-16T16:47:17","guid":{"rendered":"https:\/\/www.ser-viz.com\/?post_type=product&#038;p=1192"},"modified":"2024-04-16T18:47:17","modified_gmt":"2024-04-16T16:47:17","slug":"copriabiti-in-cotone","status":"publish","type":"product","link":"https:\/\/www.ser-viz.com\/de\/product\/copriabiti-in-cotone\/","title":{"rendered":"KLEIDERBEZUG AUS BAUMWOLLE"},"content":{"rendered":"","protected":false},"excerpt":{"rendered":"<p><strong>KLEIDERBEZUG AUS BAUMWOLLE<\/strong><\/p>\n<p>Die F\u00e4lle <strong>Kleiderbez\u00fcge aus Baumwolle<\/strong> Sie sind der beste Schutz f\u00fcr Kleidung, da sie aus nat\u00fcrlichem, widerstandsf\u00e4higem, weichem und atmungsaktivem Material bestehen. Ser-Viz Bags Baumwoll-Kleiderh\u00fcllen sind ideal f\u00fcr <strong>Sch\u00fctzen Sie ma\u00dfgeschneiderte und wertvolle Kleidungsst\u00fccke<\/strong> w\u00e4hrend des Transports, aber auch, um sie f\u00fcr den saisonalen Wechsel im Kleiderschrank aufzubewahren. Mit Ser-Viz Bags k\u00f6nnen Sie Ihre eigenen personalisierten Kleiderh\u00fcllen erstellen, indem Sie aus verschiedenen Baumwollsortimenten und verf\u00fcgbaren Standardgr\u00f6\u00dfen w\u00e4hlen oder sich auf Anfrage f\u00fcr Gr\u00f6\u00dfen entscheiden.<\/p>","protected":false},"featured_media":1193,"template":"","meta":[],"product_cat":[80],"product_tag":[],"class_list":{"0":"post-1192","1":"product","2":"type-product","3":"status-publish","4":"has-post-thumbnail","6":"product_cat-copri-abiti","8":"first","9":"instock","10":"shipping-taxable","11":"product-type-simple","swatches":"rey-swatches","show_selected":"","stretch_labels":"rey-swatches--stretch-labels"},"acf":[],"_links":{"self":[{"href":"https:\/\/www.ser-viz.com\/de\/wp-json\/wp\/v2\/product\/1192","targetHints":{"allow":["GET"]}}],"collection":[{"href":"https:\/\/www.ser-viz.com\/de\/wp-json\/wp\/v2\/product"}],"about":[{"href":"https:\/\/www.ser-viz.com\/de\/wp-json\/wp\/v2\/types\/product"}],"wp:featuredmedia":[{"embeddable":true,"href":"https:\/\/www.ser-viz.com\/de\/wp-json\/wp\/v2\/media\/1193"}],"wp:attachment":[{"href":"https:\/\/www.ser-viz.com\/de\/wp-json\/wp\/v2\/media?parent=1192"}],"wp:term":[{"taxonomy":"product_cat","embeddable":true,"href":"https:\/\/www.ser-viz.com\/de\/wp-json\/wp\/v2\/product_cat?post=1192"},{"taxonomy":"product_tag","embeddable":true,"href":"https:\/\/www.ser-viz.com\/de\/wp-json\/wp\/v2\/product_tag?post=1192"}],"curies":[{"name":"wp","href":"https:\/\/api.w.org\/{rel}","templated":true}]}}