{"id":1190,"date":"2024-04-16T18:44:11","date_gmt":"2024-04-16T16:44:11","guid":{"rendered":"https:\/\/www.ser-viz.com\/?post_type=product&#038;p=1190"},"modified":"2024-04-16T18:45:46","modified_gmt":"2024-04-16T16:45:46","slug":"copriabiti-in-tnt","status":"publish","type":"product","link":"https:\/\/www.ser-viz.com\/de\/product\/copriabiti-in-tnt\/","title":{"rendered":"TNT-KLEIDERBEZUG"},"content":{"rendered":"","protected":false},"excerpt":{"rendered":"<p><strong>TNT-KLEIDERBEZUG<\/strong><\/p>\n<p>Bekleidungs\u00fcberz\u00fcge aus Vliesstoff sind ein unverzichtbares Accessoire f\u00fcr diejenigen, die ma\u00dfgeschneiderte Kleidungsst\u00fccke herstellen und verkaufen. Die Vliesstoff-Kleiderh\u00fcllen von Ser-Viz Bags dienen zum Schutz von Hochzeitskleidern, formellen Kleidern, Pelzen und wertvollen Kleidungsst\u00fccken und sind praktisch, widerstandsf\u00e4hig und elegant verarbeitet, da sie mit einem zentralen Rei\u00dfverschluss, einem Metallschieber und einem Doppelgriff ausgestattet sind, um sowohl das \u00d6ffnen als auch das \u00d6ffnen zu erleichtern Transport. Der obere Schlitz erm\u00f6glicht das Herausziehen des Kleiderb\u00fcgels und vervollst\u00e4ndigt das Design.<strong> Die Vliesstoff-Kleiderbez\u00fcge von Ser-Viz Bags k\u00f6nnen sowohl in Standardgr\u00f6\u00dfen als auch auf Anfrage hergestellt werden<\/strong><\/p>","protected":false},"featured_media":1191,"template":"","meta":[],"product_cat":[80],"product_tag":[],"class_list":{"0":"post-1190","1":"product","2":"type-product","3":"status-publish","4":"has-post-thumbnail","6":"product_cat-copri-abiti","8":"first","9":"instock","10":"shipping-taxable","11":"product-type-simple","swatches":"rey-swatches","show_selected":"","stretch_labels":"rey-swatches--stretch-labels"},"acf":[],"_links":{"self":[{"href":"https:\/\/www.ser-viz.com\/de\/wp-json\/wp\/v2\/product\/1190","targetHints":{"allow":["GET"]}}],"collection":[{"href":"https:\/\/www.ser-viz.com\/de\/wp-json\/wp\/v2\/product"}],"about":[{"href":"https:\/\/www.ser-viz.com\/de\/wp-json\/wp\/v2\/types\/product"}],"wp:featuredmedia":[{"embeddable":true,"href":"https:\/\/www.ser-viz.com\/de\/wp-json\/wp\/v2\/media\/1191"}],"wp:attachment":[{"href":"https:\/\/www.ser-viz.com\/de\/wp-json\/wp\/v2\/media?parent=1190"}],"wp:term":[{"taxonomy":"product_cat","embeddable":true,"href":"https:\/\/www.ser-viz.com\/de\/wp-json\/wp\/v2\/product_cat?post=1190"},{"taxonomy":"product_tag","embeddable":true,"href":"https:\/\/www.ser-viz.com\/de\/wp-json\/wp\/v2\/product_tag?post=1190"}],"curies":[{"name":"wp","href":"https:\/\/api.w.org\/{rel}","templated":true}]}}