{"id":1188,"date":"2024-04-16T18:36:09","date_gmt":"2024-04-16T16:36:09","guid":{"rendered":"https:\/\/www.ser-viz.com\/?post_type=product&#038;p=1188"},"modified":"2024-04-16T18:36:21","modified_gmt":"2024-04-16T16:36:21","slug":"shopper-in-plastica","status":"publish","type":"product","link":"https:\/\/www.ser-viz.com\/de\/product\/shopper-in-plastica\/","title":{"rendered":"KUNSTSTOFFK\u00c4UFER"},"content":{"rendered":"","protected":false},"excerpt":{"rendered":"<p><strong>PLASTIK<\/strong><\/p>\n<p>Kunststoffeink\u00e4ufer sind die praktischste und bequemste Option zum Aufbewahren und Transportieren jeglicher Art von Produkten<strong>Kleidung<\/strong> Zu<strong>Essen<\/strong>. Auf Einwegartikeln, <strong>Ser-Viz-Taschen<\/strong> bietet eine gro\u00dfe Auswahl an Kunststoffverpackungen wie Westentaschen oder Kleiders\u00e4cke mit Bohnengriff.<\/p>\n<p>Durch die fachm\u00e4nnische Kombination von Abmessungen, Seitenfalten, Griffen und Grafiken stellt Ser-Viz Bags die Kunststoff-Einkaufstaschen her, die Ihren technischen, \u00e4sthetischen und verkaufsf\u00f6rdernden Anforderungen am besten entsprechen und es Ihnen erm\u00f6glichen, jede Art von Gegenst\u00e4nden v\u00f6llig sicher zu transportieren und Produkte und Aktivit\u00e4ten vor Ort zu bewerben Bestes Qualit\u00e4ts-Preis-Verh\u00e4ltnis.<\/p>","protected":false},"featured_media":1189,"template":"","meta":[],"product_cat":[81],"product_tag":[],"class_list":{"0":"post-1188","1":"product","2":"type-product","3":"status-publish","4":"has-post-thumbnail","6":"product_cat-shopper","8":"first","9":"instock","10":"shipping-taxable","11":"product-type-simple","swatches":"rey-swatches","show_selected":"","stretch_labels":"rey-swatches--stretch-labels"},"acf":[],"_links":{"self":[{"href":"https:\/\/www.ser-viz.com\/de\/wp-json\/wp\/v2\/product\/1188","targetHints":{"allow":["GET"]}}],"collection":[{"href":"https:\/\/www.ser-viz.com\/de\/wp-json\/wp\/v2\/product"}],"about":[{"href":"https:\/\/www.ser-viz.com\/de\/wp-json\/wp\/v2\/types\/product"}],"wp:featuredmedia":[{"embeddable":true,"href":"https:\/\/www.ser-viz.com\/de\/wp-json\/wp\/v2\/media\/1189"}],"wp:attachment":[{"href":"https:\/\/www.ser-viz.com\/de\/wp-json\/wp\/v2\/media?parent=1188"}],"wp:term":[{"taxonomy":"product_cat","embeddable":true,"href":"https:\/\/www.ser-viz.com\/de\/wp-json\/wp\/v2\/product_cat?post=1188"},{"taxonomy":"product_tag","embeddable":true,"href":"https:\/\/www.ser-viz.com\/de\/wp-json\/wp\/v2\/product_tag?post=1188"}],"curies":[{"name":"wp","href":"https:\/\/api.w.org\/{rel}","templated":true}]}}