{"id":1186,"date":"2024-04-16T18:33:13","date_gmt":"2024-04-16T16:33:13","guid":{"rendered":"https:\/\/www.ser-viz.com\/?post_type=product&#038;p=1186"},"modified":"2024-04-16T18:33:13","modified_gmt":"2024-04-16T16:33:13","slug":"shopper-automatiche-2","status":"publish","type":"product","link":"https:\/\/www.ser-viz.com\/de\/product\/shopper-automatiche-2\/","title":{"rendered":"TNT-K\u00c4UFER"},"content":{"rendered":"","protected":false},"excerpt":{"rendered":"<p><strong>TNT<\/strong><\/p>\n<p>K\u00e4ufer herein <strong>TNT<\/strong>Dank des speziellen Vliesstoffes sind sie Werkzeuge <strong>vielseitige, \u00f6kologische und waschbare Werbeartikel<\/strong>. In Gr\u00f6\u00dfe, Farbe und Ausf\u00fchrung anpassbar und komplett mit Firmenlogo und Daten versehen, werden Einkaufstaschen aus Vliesstoff h\u00e4ufig als Firmengeschenke, Werbeeinkaufstaschen f\u00fcr Messen und Veranstaltungen verwendet und eignen sich gut f\u00fcr verschiedene Arten von Verpackungen f\u00fcr Gesch\u00e4fte und Unternehmen (vom Transport von Eink\u00e4ufe im Allgemeinen bis hin zum Lebensmitteleinkauf oder zum Mitnehmen).<\/p>\n<p><strong>Widerstandsf\u00e4hig, praktisch und leicht,<\/strong> TNT-K\u00e4ufer werden wegen ihrer vielf\u00e4ltigen Einsatzm\u00f6glichkeiten und der gro\u00dfen anpassbaren Oberfl\u00e4che, die der Marke eine hervorragende Sichtbarkeit verleiht, weithin gesch\u00e4tzt.<\/p>","protected":false},"featured_media":1187,"template":"","meta":[],"product_cat":[81],"product_tag":[],"class_list":{"0":"post-1186","1":"product","2":"type-product","3":"status-publish","4":"has-post-thumbnail","6":"product_cat-shopper","8":"first","9":"instock","10":"shipping-taxable","11":"product-type-simple","swatches":"rey-swatches","show_selected":"","stretch_labels":"rey-swatches--stretch-labels"},"acf":[],"_links":{"self":[{"href":"https:\/\/www.ser-viz.com\/de\/wp-json\/wp\/v2\/product\/1186","targetHints":{"allow":["GET"]}}],"collection":[{"href":"https:\/\/www.ser-viz.com\/de\/wp-json\/wp\/v2\/product"}],"about":[{"href":"https:\/\/www.ser-viz.com\/de\/wp-json\/wp\/v2\/types\/product"}],"wp:featuredmedia":[{"embeddable":true,"href":"https:\/\/www.ser-viz.com\/de\/wp-json\/wp\/v2\/media\/1187"}],"wp:attachment":[{"href":"https:\/\/www.ser-viz.com\/de\/wp-json\/wp\/v2\/media?parent=1186"}],"wp:term":[{"taxonomy":"product_cat","embeddable":true,"href":"https:\/\/www.ser-viz.com\/de\/wp-json\/wp\/v2\/product_cat?post=1186"},{"taxonomy":"product_tag","embeddable":true,"href":"https:\/\/www.ser-viz.com\/de\/wp-json\/wp\/v2\/product_tag?post=1186"}],"curies":[{"name":"wp","href":"https:\/\/api.w.org\/{rel}","templated":true}]}}