{"id":1184,"date":"2024-04-16T18:17:58","date_gmt":"2024-04-16T16:17:58","guid":{"rendered":"https:\/\/www.ser-viz.com\/?post_type=product&#038;p=1184"},"modified":"2024-04-16T18:19:34","modified_gmt":"2024-04-16T16:19:34","slug":"shopper-automatiche","status":"publish","type":"product","link":"https:\/\/www.ser-viz.com\/de\/product\/shopper-automatiche\/","title":{"rendered":"AUTOMATISCHE K\u00c4UFER"},"content":{"rendered":"","protected":false},"excerpt":{"rendered":"<p>Papier <strong>AUTOMATISCH<\/strong><\/p>\n<p>Automatische Einkaufst\u00fcten aus Papier sind wirtschaftliche Werbetr\u00e4ger, die fachm\u00e4nnisch bearbeitet und veredelt zu raffinierten Werbemitteln f\u00fcr Ihre Marke werden k\u00f6nnen. Die automatischen Einkaufstaschen von Ser-Viz Bags werden vollst\u00e4ndig maschinell hergestellt (vom Bedrucken der Bl\u00e4tter bis zum Falten und Kleben der Griffe) und bieten unendliche Kombinationen von Grafiken, Farben, Papieren, Abmessungen, Modellen und Griffen (aus Baumwolle oder gedrehtem Papier). ). <\/p>\n<p>Aus der Harmonisierung dieser Elemente durch Experten entsteht Ihr personalisierter Shopper, der vom Einfachsten bis zum Elegantsten reichen kann.<\/p>","protected":false},"featured_media":1185,"template":"","meta":[],"product_cat":[81],"product_tag":[],"class_list":{"0":"post-1184","1":"product","2":"type-product","3":"status-publish","4":"has-post-thumbnail","6":"product_cat-shopper","8":"first","9":"instock","10":"shipping-taxable","11":"product-type-simple","swatches":"rey-swatches","show_selected":"","stretch_labels":"rey-swatches--stretch-labels"},"acf":[],"_links":{"self":[{"href":"https:\/\/www.ser-viz.com\/de\/wp-json\/wp\/v2\/product\/1184","targetHints":{"allow":["GET"]}}],"collection":[{"href":"https:\/\/www.ser-viz.com\/de\/wp-json\/wp\/v2\/product"}],"about":[{"href":"https:\/\/www.ser-viz.com\/de\/wp-json\/wp\/v2\/types\/product"}],"wp:featuredmedia":[{"embeddable":true,"href":"https:\/\/www.ser-viz.com\/de\/wp-json\/wp\/v2\/media\/1185"}],"wp:attachment":[{"href":"https:\/\/www.ser-viz.com\/de\/wp-json\/wp\/v2\/media?parent=1184"}],"wp:term":[{"taxonomy":"product_cat","embeddable":true,"href":"https:\/\/www.ser-viz.com\/de\/wp-json\/wp\/v2\/product_cat?post=1184"},{"taxonomy":"product_tag","embeddable":true,"href":"https:\/\/www.ser-viz.com\/de\/wp-json\/wp\/v2\/product_tag?post=1184"}],"curies":[{"name":"wp","href":"https:\/\/api.w.org\/{rel}","templated":true}]}}