{"id":1783,"date":"2026-01-15T16:13:20","date_gmt":"2026-01-15T15:13:20","guid":{"rendered":"https:\/\/www.ser-viz.com\/?page_id=1783"},"modified":"2026-01-19T16:21:03","modified_gmt":"2026-01-19T15:21:03","slug":"certificazioni","status":"publish","type":"page","link":"https:\/\/www.ser-viz.com\/de\/certificazioni\/","title":{"rendered":"Certificazioni"},"content":{"rendered":"<div data-elementor-type=\"wp-page\" data-elementor-id=\"1783\" class=\"elementor elementor-1783\">\n\t\t\t\t\t\t<section class=\"elementor-section elementor-top-section elementor-element elementor-element-5604f2f rey-section-stretched elementor-section-full_width elementor-section-content-bottom rey-section-bg--classic elementor-section-height-default elementor-section-height-default\" data-id=\"5604f2f\" data-element_type=\"section\" data-settings=\"{&quot;background_background&quot;:&quot;classic&quot;}\">\n\t\t\t\t\t\t<div class=\"elementor-container elementor-column-gap-default\">\n\t\t\t\t\t<div class=\"elementor-column elementor-col-100 elementor-top-column elementor-element elementor-element-2d58d34 rey-colbg--classic\" data-id=\"2d58d34\" data-element_type=\"column\" data-settings=\"{&quot;background_background&quot;:&quot;classic&quot;}\">\n\t\t\t<div class=\"elementor-column-wrap--2d58d34 elementor-widget-wrap elementor-element-populated\">\n\t\t\t\t\t<div class=\"elementor-background-overlay\"><\/div>\n\t\t\t\t\t\t<div class=\"elementor-element elementor-element-81ecefe elementor-widget__width-auto elementor-widget elementor-widget-heading\" data-id=\"81ecefe\" data-element_type=\"widget\" data-widget_type=\"heading.default\">\n\t\t\t\t<div class=\"elementor-widget-container\">\n\t\t\t<style>\/*! elementor - v3.19.0 - 28-02-2024 *\/\n.elementor-heading-title{padding:0;margin:0;line-height:1}.elementor-widget-heading .elementor-heading-title[class*=elementor-size-]>a{color:inherit;font-size:inherit;line-height:inherit}.elementor-widget-heading .elementor-heading-title.elementor-size-small{font-size:15px}.elementor-widget-heading .elementor-heading-title.elementor-size-medium{font-size:19px}.elementor-widget-heading .elementor-heading-title.elementor-size-large{font-size:29px}.elementor-widget-heading .elementor-heading-title.elementor-size-xl{font-size:39px}.elementor-widget-heading .elementor-heading-title.elementor-size-xxl{font-size:59px}<\/style><h1 class=\"elementor-heading-title elementor-size-default\">DAS IST UNSERES<br>\n<b>Qualit\u00e4tssicherung<\/b><\/h1>\t\t<\/div>\n\t\t\t\t<\/div>\n\t\t\t\t\t<\/div>\n\t\t<\/div>\n\t\t\t\t\t<\/div>\n\t\t<\/section>\n\t\t\t\t<section class=\"elementor-section elementor-top-section elementor-element elementor-element-f3e2603 rey-flexWrap elementor-section-boxed elementor-section-height-default elementor-section-height-default\" data-id=\"f3e2603\" data-element_type=\"section\">\n\t\t\t\t\t\t<div class=\"elementor-container elementor-column-gap-default\">\n\t\t\t\t\t<div class=\"elementor-column elementor-col-100 elementor-top-column elementor-element elementor-element-8bc4665\" data-id=\"8bc4665\" data-element_type=\"column\">\n\t\t\t<div class=\"elementor-column-wrap--8bc4665 elementor-widget-wrap elementor-element-populated\">\n\t\t\t\t\t\t<div class=\"elementor-element elementor-element-97b22d7 elementor-widget elementor-widget-heading\" data-id=\"97b22d7\" data-element_type=\"widget\" data-widget_type=\"heading.default\">\n\t\t\t\t<div class=\"elementor-widget-container\">\n\t\t\t<h3 class=\"elementor-heading-title elementor-size-default\">UNSERE ZERTIFIZIERUNGEN<\/h3>\t\t<\/div>\n\t\t\t\t<\/div>\n\t\t\t\t\t<\/div>\n\t\t<\/div>\n\t\t\t\t\t<\/div>\n\t\t<\/section>\n\t\t<div class=\"e-con-top elementor-element elementor-element-8b6fa56 e-flex e-con-boxed e-con e-parent\" data-id=\"8b6fa56\" data-element_type=\"container\" data-settings=\"{&quot;content_width&quot;:&quot;boxed&quot;}\" data-core-v316-plus=\"true\">\n\t\t\t\t\t<div class=\"e-con-inner\">\n\t\t<div class=\"elementor-element elementor-element-2ed8b79 e-con-full e-flex e-con e-child\" data-id=\"2ed8b79\" data-element_type=\"container\" data-settings=\"{&quot;content_width&quot;:&quot;full&quot;}\">\n\t\t\t\t<div class=\"elementor-element elementor-element-580ec0c elementor-widget elementor-widget-text-editor\" data-id=\"580ec0c\" data-element_type=\"widget\" data-widget_type=\"text-editor.default\">\n\t\t\t\t<div class=\"elementor-widget-container\">\n\t\t\t<style>\/*! elementor - v3.19.0 - 28-02-2024 *\/\n.elementor-widget-text-editor.elementor-drop-cap-view-stacked .elementor-drop-cap{background-color:#69727d;color:#fff}.elementor-widget-text-editor.elementor-drop-cap-view-framed .elementor-drop-cap{color:#69727d;border:3px solid;background-color:transparent}.elementor-widget-text-editor:not(.elementor-drop-cap-view-default) .elementor-drop-cap{margin-top:8px}.elementor-widget-text-editor:not(.elementor-drop-cap-view-default) .elementor-drop-cap-letter{width:1em;height:1em}.elementor-widget-text-editor .elementor-drop-cap{float:left;text-align:center;line-height:1;font-size:50px}.elementor-widget-text-editor .elementor-drop-cap-letter{display:inline-block}<\/style>\t\t\t\t<p>SER-VIZ Spa stellt Qualit\u00e4t in den Mittelpunkt seines Kleiderb\u00fcgelgesch\u00e4fts und wendet strenge, national und international zertifizierte Standards an. Diese Qualit\u00e4tszertifizierungen belegen das kontinuierliche Engagement des Unternehmens f\u00fcr effiziente Produktionsprozesse, zuverl\u00e4ssige Materialien und gr\u00fcndliche Kontrollen. Dank dieses Ansatzes kann SER-VIZ Spa sichere und nachhaltige L\u00f6sungen anbieten, die die Kundenerwartungen erf\u00fcllen.<\/p>\t\t\t\t\t\t<\/div>\n\t\t\t\t<\/div>\n\t\t\t\t<\/div>\n\t\t\t\t\t<\/div>\n\t\t\t\t<\/div>\n\t\t<div class=\"e-con-top elementor-element elementor-element-a87bcfa e-flex e-con-boxed e-con e-parent\" data-id=\"a87bcfa\" data-element_type=\"container\" data-settings=\"{&quot;content_width&quot;:&quot;boxed&quot;}\" data-core-v316-plus=\"true\">\n\t\t\t\t\t<div class=\"e-con-inner\">\n\t\t<div class=\"elementor-element elementor-element-a22b763 e-con-full e-flex e-con e-child\" data-id=\"a22b763\" data-element_type=\"container\" data-settings=\"{&quot;content_width&quot;:&quot;full&quot;}\">\n\t\t\t\t<div class=\"elementor-element elementor-element-f01cc8d elementor-view-stacked elementor-shape-circle elementor-position-top elementor-mobile-position-top elementor-widget elementor-widget-icon-box\" data-id=\"f01cc8d\" data-element_type=\"widget\" data-widget_type=\"icon-box.default\">\n\t\t\t\t<div class=\"elementor-widget-container\">\n\t\t\t<link rel=\"stylesheet\" href=\"https:\/\/www.ser-viz.com\/wp-content\/plugins\/elementor\/assets\/css\/widget-icon-box.min.css\">\t\t<div class=\"elementor-icon-box-wrapper\">\n\t\t\t\t\t\t<div class=\"elementor-icon-box-icon\">\n\t\t\t\t<a href=\"https:\/\/www.ser-viz.com\/wp-content\/uploads\/2026\/01\/SER-VIZ-SPA-_-2024-_-CA-_-E_IT.pdf\" target=\"_blank\" rel=\"nofollow\" class=\"elementor-icon elementor-animation-grow\" tabindex=\"-1\">\n\t\t\t\t<svg xmlns=\"http:\/\/www.w3.org\/2000\/svg\" xmlns:xlink=\"http:\/\/www.w3.org\/1999\/xlink\" id=\"Livello_1\" x=\"0px\" y=\"0px\" viewbox=\"0 0 155.9 155.9\" style=\"enable-background:new 0 0 155.9 155.9;\" xml:space=\"preserve\"><style type=\"text\/css\">\t.st0{fill-rule:evenodd;clip-rule:evenodd;fill:#008C3C;}<\/style><g>\t<g>\t\t<g>\t\t\t<path class=\"st0\" d=\"M155.8,73c0-0.7-0.1-1.4-0.1-2.2c-0.3-2-0.5-4-0.8-6c-1.2-5.8-2.5-11-4.5-15.9c-9.6-23.4-28-40.2-54.3-46.9    C90.2,0.6,83.7-0.1,76.3,0c-0.9,0-1.8,0.1-2.7,0.1c-2,0.2-4,0.4-6.1,0.6c-5.6,1-10.8,1.9-15.6,3.8c-3.3,1.3-6.7,2.4-9.6,4.1    c-2.9,1.7-5.9,3.2-8.6,5.1c-7.3,5.2-13.8,11.3-19,18.6c-2.1,2.9-3.9,6-5.7,9.2c-2,3.4-3.3,7.3-4.9,11.2C2.4,57.1,1.7,62,0.7,67.1    c-0.4,2.1-0.3,4.3-0.6,6.5c0,0.9-0.1,1.8-0.1,2.7v3.3c0,0.9,0.1,1.8,0.1,2.7c0.3,1.8,0.1,3.6,0.4,5.3c0.8,4.2,1.3,8.2,2.5,11.9    c1.1,3.7,2.3,7.1,3.8,10.5c7.7,17.4,22.1,31.6,39.5,39.2c4.8,2.1,9.9,3.7,15.5,5.1c2.4,0.6,4.8,0.7,7.4,1.2    c1.6,0.3,3.4,0.2,5.1,0.4c0.7,0,1.3,0,2,0c1.1,0,2.2,0,3.3,0c2.2-0.3,4.4-0.1,6.5-0.4c1.6-0.2,3.2-0.4,4.7-0.6    c3.2-0.6,6.3-1.2,9.3-2.1c23.6-7.4,40.6-23.1,49.9-44.8c2-4.8,3.4-9.9,4.6-15.6c0.4-2,0.6-4.2,0.9-6.3c0.1-1.5,0.2-3,0.3-4.5    c0-0.7,0-1.3,0-2v-3.3C155.9,75.2,155.8,74.1,155.8,73z M108.2,115.9H47.8v-9.1h60.3V115.9z M112,62.1    c-11.3,12.2-22.7,24.4-34,36.6H78C66.6,86.5,55.2,74.3,43.9,62c2-1.9,4-3.8,6.1-5.7H50c7.6,8.1,15.1,16.2,22.7,24.4V31.1h10.5    v49.7c5.6-6,11.1-12,16.7-17.9c1.5-1.6,2.9-3.1,4.4-4.7c0.5-0.5,1-1.4,1.6-1.7C108,58.3,110,60.1,112,62.1L112,62.1z\"><\/path>\t\t<\/g>\t<\/g><\/g><\/svg>\t\t\t\t<\/a>\n\t\t\t<\/div>\n\t\t\t\t\t\t<div class=\"elementor-icon-box-content\">\n\t\t\t\t<h3 class=\"elementor-icon-box-title\">\n\t\t\t\t\t<a href=\"https:\/\/www.ser-viz.com\/wp-content\/uploads\/2026\/01\/SER-VIZ-SPA-_-2024-_-CA-_-E_IT.pdf\" target=\"_blank\" rel=\"nofollow\" >\n\t\t\t\t\t\tISO 14001:2015\t\t\t\t\t<\/a>\n\t\t\t\t<\/h3>\n\t\t\t\t\t\t\t<\/div>\n\t\t<\/div>\n\t\t\t\t<\/div>\n\t\t\t\t<\/div>\n\t\t\t\t<div class=\"elementor-element elementor-element-5ae7d90 elementor-widget elementor-widget-image\" data-id=\"5ae7d90\" data-element_type=\"widget\" data-widget_type=\"image.default\">\n\t\t\t\t<div class=\"elementor-widget-container\">\n\t\t\t<style>\/*! elementor - v3.19.0 - 28-02-2024 *\/\n.elementor-widget-image{text-align:center}.elementor-widget-image a{display:inline-block}.elementor-widget-image a img[src$=\".svg\"]{width:48px}.elementor-widget-image img{vertical-align:middle;display:inline-block}<\/style>\t\t\t\t\t\t\t\t\t\t<img decoding=\"async\" width=\"300\" height=\"111\" src=\"https:\/\/www.ser-viz.com\/wp-content\/uploads\/2026\/01\/LOGO-ISO-14001-300x111.png\" class=\"attachment-medium size-medium wp-image-1831\" alt=\"\" srcset=\"https:\/\/www.ser-viz.com\/wp-content\/uploads\/2026\/01\/LOGO-ISO-14001-300x111.png 300w, https:\/\/www.ser-viz.com\/wp-content\/uploads\/2026\/01\/LOGO-ISO-14001-768x285.png 768w, https:\/\/www.ser-viz.com\/wp-content\/uploads\/2026\/01\/LOGO-ISO-14001-18x7.png 18w, https:\/\/www.ser-viz.com\/wp-content\/uploads\/2026\/01\/LOGO-ISO-14001.png 983w\" sizes=\"(max-width: 300px) 100vw, 300px\" \/>\t\t\t\t\t\t\t\t\t\t\t\t\t<\/div>\n\t\t\t\t<\/div>\n\t\t\t\t<\/div>\n\t\t<div class=\"elementor-element elementor-element-627eec7 e-con-full e-flex e-con e-child\" data-id=\"627eec7\" data-element_type=\"container\" data-settings=\"{&quot;content_width&quot;:&quot;full&quot;}\">\n\t\t\t\t<div class=\"elementor-element elementor-element-7dffd8d elementor-view-stacked elementor-shape-circle elementor-position-top elementor-mobile-position-top elementor-widget elementor-widget-icon-box\" data-id=\"7dffd8d\" data-element_type=\"widget\" data-widget_type=\"icon-box.default\">\n\t\t\t\t<div class=\"elementor-widget-container\">\n\t\t\t\t\t<div class=\"elementor-icon-box-wrapper\">\n\t\t\t\t\t\t<div class=\"elementor-icon-box-icon\">\n\t\t\t\t<a href=\"https:\/\/www.ser-viz.com\/wp-content\/uploads\/2026\/01\/SER-VIZ_SPA___2024___RC___Q_IT.pdf\" target=\"_blank\" rel=\"nofollow\" class=\"elementor-icon elementor-animation-grow\" tabindex=\"-1\">\n\t\t\t\t<svg xmlns=\"http:\/\/www.w3.org\/2000\/svg\" xmlns:xlink=\"http:\/\/www.w3.org\/1999\/xlink\" id=\"Livello_1\" x=\"0px\" y=\"0px\" viewbox=\"0 0 155.9 155.9\" style=\"enable-background:new 0 0 155.9 155.9;\" xml:space=\"preserve\"><style type=\"text\/css\">\t.st0{fill-rule:evenodd;clip-rule:evenodd;fill:#008C3C;}<\/style><g>\t<g>\t\t<g>\t\t\t<path class=\"st0\" d=\"M155.8,73c0-0.7-0.1-1.4-0.1-2.2c-0.3-2-0.5-4-0.8-6c-1.2-5.8-2.5-11-4.5-15.9c-9.6-23.4-28-40.2-54.3-46.9    C90.2,0.6,83.7-0.1,76.3,0c-0.9,0-1.8,0.1-2.7,0.1c-2,0.2-4,0.4-6.1,0.6c-5.6,1-10.8,1.9-15.6,3.8c-3.3,1.3-6.7,2.4-9.6,4.1    c-2.9,1.7-5.9,3.2-8.6,5.1c-7.3,5.2-13.8,11.3-19,18.6c-2.1,2.9-3.9,6-5.7,9.2c-2,3.4-3.3,7.3-4.9,11.2C2.4,57.1,1.7,62,0.7,67.1    c-0.4,2.1-0.3,4.3-0.6,6.5c0,0.9-0.1,1.8-0.1,2.7v3.3c0,0.9,0.1,1.8,0.1,2.7c0.3,1.8,0.1,3.6,0.4,5.3c0.8,4.2,1.3,8.2,2.5,11.9    c1.1,3.7,2.3,7.1,3.8,10.5c7.7,17.4,22.1,31.6,39.5,39.2c4.8,2.1,9.9,3.7,15.5,5.1c2.4,0.6,4.8,0.7,7.4,1.2    c1.6,0.3,3.4,0.2,5.1,0.4c0.7,0,1.3,0,2,0c1.1,0,2.2,0,3.3,0c2.2-0.3,4.4-0.1,6.5-0.4c1.6-0.2,3.2-0.4,4.7-0.6    c3.2-0.6,6.3-1.2,9.3-2.1c23.6-7.4,40.6-23.1,49.9-44.8c2-4.8,3.4-9.9,4.6-15.6c0.4-2,0.6-4.2,0.9-6.3c0.1-1.5,0.2-3,0.3-4.5    c0-0.7,0-1.3,0-2v-3.3C155.9,75.2,155.8,74.1,155.8,73z M108.2,115.9H47.8v-9.1h60.3V115.9z M112,62.1    c-11.3,12.2-22.7,24.4-34,36.6H78C66.6,86.5,55.2,74.3,43.9,62c2-1.9,4-3.8,6.1-5.7H50c7.6,8.1,15.1,16.2,22.7,24.4V31.1h10.5    v49.7c5.6-6,11.1-12,16.7-17.9c1.5-1.6,2.9-3.1,4.4-4.7c0.5-0.5,1-1.4,1.6-1.7C108,58.3,110,60.1,112,62.1L112,62.1z\"><\/path>\t\t<\/g>\t<\/g><\/g><\/svg>\t\t\t\t<\/a>\n\t\t\t<\/div>\n\t\t\t\t\t\t<div class=\"elementor-icon-box-content\">\n\t\t\t\t<h3 class=\"elementor-icon-box-title\">\n\t\t\t\t\t<a href=\"https:\/\/www.ser-viz.com\/wp-content\/uploads\/2026\/01\/SER-VIZ_SPA___2024___RC___Q_IT.pdf\" target=\"_blank\" rel=\"nofollow\" >\n\t\t\t\t\t\tISO 9001:2015\t\t\t\t\t<\/a>\n\t\t\t\t<\/h3>\n\t\t\t\t\t\t\t<\/div>\n\t\t<\/div>\n\t\t\t\t<\/div>\n\t\t\t\t<\/div>\n\t\t\t\t<div class=\"elementor-element elementor-element-8be9558 elementor-widget elementor-widget-image\" data-id=\"8be9558\" data-element_type=\"widget\" data-widget_type=\"image.default\">\n\t\t\t\t<div class=\"elementor-widget-container\">\n\t\t\t\t\t\t\t\t\t\t\t\t\t<img decoding=\"async\" width=\"300\" height=\"111\" src=\"https:\/\/www.ser-viz.com\/wp-content\/uploads\/2026\/01\/LOGO-ISO-9001-300x111.png\" class=\"attachment-medium size-medium wp-image-1832\" alt=\"\" srcset=\"https:\/\/www.ser-viz.com\/wp-content\/uploads\/2026\/01\/LOGO-ISO-9001-300x111.png 300w, https:\/\/www.ser-viz.com\/wp-content\/uploads\/2026\/01\/LOGO-ISO-9001-768x285.png 768w, https:\/\/www.ser-viz.com\/wp-content\/uploads\/2026\/01\/LOGO-ISO-9001-18x7.png 18w, https:\/\/www.ser-viz.com\/wp-content\/uploads\/2026\/01\/LOGO-ISO-9001.png 983w\" sizes=\"(max-width: 300px) 100vw, 300px\" \/>\t\t\t\t\t\t\t\t\t\t\t\t\t<\/div>\n\t\t\t\t<\/div>\n\t\t\t\t<\/div>\n\t\t<div class=\"elementor-element elementor-element-fefc7b7 e-con-full e-flex e-con e-child\" data-id=\"fefc7b7\" data-element_type=\"container\" data-settings=\"{&quot;content_width&quot;:&quot;full&quot;}\">\n\t\t\t\t<div class=\"elementor-element elementor-element-c13e7a0 elementor-view-stacked elementor-shape-circle elementor-position-top elementor-mobile-position-top elementor-widget elementor-widget-icon-box\" data-id=\"c13e7a0\" data-element_type=\"widget\" data-widget_type=\"icon-box.default\">\n\t\t\t\t<div class=\"elementor-widget-container\">\n\t\t\t\t\t<div class=\"elementor-icon-box-wrapper\">\n\t\t\t\t\t\t<div class=\"elementor-icon-box-icon\">\n\t\t\t\t<a href=\"https:\/\/www.ser-viz.com\/wp-content\/uploads\/2026\/01\/Attestato_GOLD.pdf\" target=\"_blank\" rel=\"nofollow\" class=\"elementor-icon elementor-animation-grow\" tabindex=\"-1\">\n\t\t\t\t<svg xmlns=\"http:\/\/www.w3.org\/2000\/svg\" xmlns:xlink=\"http:\/\/www.w3.org\/1999\/xlink\" id=\"Livello_1\" x=\"0px\" y=\"0px\" viewbox=\"0 0 155.9 155.9\" style=\"enable-background:new 0 0 155.9 155.9;\" xml:space=\"preserve\"><style type=\"text\/css\">\t.st0{fill-rule:evenodd;clip-rule:evenodd;fill:#008C3C;}<\/style><g>\t<g>\t\t<g>\t\t\t<path class=\"st0\" d=\"M155.8,73c0-0.7-0.1-1.4-0.1-2.2c-0.3-2-0.5-4-0.8-6c-1.2-5.8-2.5-11-4.5-15.9c-9.6-23.4-28-40.2-54.3-46.9    C90.2,0.6,83.7-0.1,76.3,0c-0.9,0-1.8,0.1-2.7,0.1c-2,0.2-4,0.4-6.1,0.6c-5.6,1-10.8,1.9-15.6,3.8c-3.3,1.3-6.7,2.4-9.6,4.1    c-2.9,1.7-5.9,3.2-8.6,5.1c-7.3,5.2-13.8,11.3-19,18.6c-2.1,2.9-3.9,6-5.7,9.2c-2,3.4-3.3,7.3-4.9,11.2C2.4,57.1,1.7,62,0.7,67.1    c-0.4,2.1-0.3,4.3-0.6,6.5c0,0.9-0.1,1.8-0.1,2.7v3.3c0,0.9,0.1,1.8,0.1,2.7c0.3,1.8,0.1,3.6,0.4,5.3c0.8,4.2,1.3,8.2,2.5,11.9    c1.1,3.7,2.3,7.1,3.8,10.5c7.7,17.4,22.1,31.6,39.5,39.2c4.8,2.1,9.9,3.7,15.5,5.1c2.4,0.6,4.8,0.7,7.4,1.2    c1.6,0.3,3.4,0.2,5.1,0.4c0.7,0,1.3,0,2,0c1.1,0,2.2,0,3.3,0c2.2-0.3,4.4-0.1,6.5-0.4c1.6-0.2,3.2-0.4,4.7-0.6    c3.2-0.6,6.3-1.2,9.3-2.1c23.6-7.4,40.6-23.1,49.9-44.8c2-4.8,3.4-9.9,4.6-15.6c0.4-2,0.6-4.2,0.9-6.3c0.1-1.5,0.2-3,0.3-4.5    c0-0.7,0-1.3,0-2v-3.3C155.9,75.2,155.8,74.1,155.8,73z M108.2,115.9H47.8v-9.1h60.3V115.9z M112,62.1    c-11.3,12.2-22.7,24.4-34,36.6H78C66.6,86.5,55.2,74.3,43.9,62c2-1.9,4-3.8,6.1-5.7H50c7.6,8.1,15.1,16.2,22.7,24.4V31.1h10.5    v49.7c5.6-6,11.1-12,16.7-17.9c1.5-1.6,2.9-3.1,4.4-4.7c0.5-0.5,1-1.4,1.6-1.7C108,58.3,110,60.1,112,62.1L112,62.1z\"><\/path>\t\t<\/g>\t<\/g><\/g><\/svg>\t\t\t\t<\/a>\n\t\t\t<\/div>\n\t\t\t\t\t\t<div class=\"elementor-icon-box-content\">\n\t\t\t\t<h3 class=\"elementor-icon-box-title\">\n\t\t\t\t\t<a href=\"https:\/\/www.ser-viz.com\/wp-content\/uploads\/2026\/01\/Attestato_GOLD.pdf\" target=\"_blank\" rel=\"nofollow\" >\n\t\t\t\t\t\t[A]LA IMPROVED<br>NACHHALTIGKEIT\t\t\t\t\t<\/a>\n\t\t\t\t<\/h3>\n\t\t\t\t\t\t\t<\/div>\n\t\t<\/div>\n\t\t\t\t<\/div>\n\t\t\t\t<\/div>\n\t\t\t\t<div class=\"elementor-element elementor-element-bc2faa6 elementor-widget elementor-widget-image\" data-id=\"bc2faa6\" data-element_type=\"widget\" data-widget_type=\"image.default\">\n\t\t\t\t<div class=\"elementor-widget-container\">\n\t\t\t\t\t\t\t\t\t\t\t\t\t<img decoding=\"async\" width=\"150\" height=\"150\" src=\"https:\/\/www.ser-viz.com\/wp-content\/uploads\/2026\/01\/CERTIFICAZIONE-ALA-150x150.png\" class=\"attachment-thumbnail size-thumbnail wp-image-1833\" alt=\"\" srcset=\"https:\/\/www.ser-viz.com\/wp-content\/uploads\/2026\/01\/CERTIFICAZIONE-ALA-150x150.png 150w, https:\/\/www.ser-viz.com\/wp-content\/uploads\/2026\/01\/CERTIFICAZIONE-ALA-300x300.png 300w, https:\/\/www.ser-viz.com\/wp-content\/uploads\/2026\/01\/CERTIFICAZIONE-ALA-12x12.png 12w, https:\/\/www.ser-viz.com\/wp-content\/uploads\/2026\/01\/CERTIFICAZIONE-ALA-100x100.png 100w, https:\/\/www.ser-viz.com\/wp-content\/uploads\/2026\/01\/CERTIFICAZIONE-ALA.png 671w\" sizes=\"(max-width: 150px) 100vw, 150px\" \/>\t\t\t\t\t\t\t\t\t\t\t\t\t<\/div>\n\t\t\t\t<\/div>\n\t\t\t\t<\/div>\n\t\t\t\t\t<\/div>\n\t\t\t\t<\/div>\n\t\t\t\t<\/div>","protected":false},"excerpt":{"rendered":"<p>QUESTA \u00c8 LA NOSTRA GARANZIA DI QUALIT\u00e0 LE NOSTRE CERTIFICAZIONI \u201cSER-VIZ Spa pone la qualit\u00e0 al centro delle proprie attivit\u00e0 nel settore degli appendiabiti, adottando rigorosi standard certificati a livello nazionale e internazionale. Le certificazioni di qualit\u00e0 attestano l\u2019impegno costante dell\u2019azienda nel garantire processi produttivi efficienti, materiali affidabili e controlli accurati. Questo approccio consente a [&hellip;]<\/p>","protected":false},"author":18,"featured_media":0,"parent":0,"menu_order":0,"comment_status":"closed","ping_status":"closed","template":"template-builder.php","meta":{"footnotes":""},"class_list":["post-1783","page","type-page","status-publish","hentry"],"acf":[],"_links":{"self":[{"href":"https:\/\/www.ser-viz.com\/de\/wp-json\/wp\/v2\/pages\/1783","targetHints":{"allow":["GET"]}}],"collection":[{"href":"https:\/\/www.ser-viz.com\/de\/wp-json\/wp\/v2\/pages"}],"about":[{"href":"https:\/\/www.ser-viz.com\/de\/wp-json\/wp\/v2\/types\/page"}],"author":[{"embeddable":true,"href":"https:\/\/www.ser-viz.com\/de\/wp-json\/wp\/v2\/users\/18"}],"replies":[{"embeddable":true,"href":"https:\/\/www.ser-viz.com\/de\/wp-json\/wp\/v2\/comments?post=1783"}],"version-history":[{"count":37,"href":"https:\/\/www.ser-viz.com\/de\/wp-json\/wp\/v2\/pages\/1783\/revisions"}],"predecessor-version":[{"id":1855,"href":"https:\/\/www.ser-viz.com\/de\/wp-json\/wp\/v2\/pages\/1783\/revisions\/1855"}],"wp:attachment":[{"href":"https:\/\/www.ser-viz.com\/de\/wp-json\/wp\/v2\/media?parent=1783"}],"curies":[{"name":"wp","href":"https:\/\/api.w.org\/{rel}","templated":true}]}}